{"id":4344,"date":"2025-12-01T11:00:00","date_gmt":"2025-12-01T09:00:00","guid":{"rendered":"https:\/\/opus-folyoirat.sk\/?page_id=4344"},"modified":"2026-01-22T11:42:35","modified_gmt":"2026-01-22T09:42:35","slug":"parragi-eszter-2","status":"publish","type":"page","link":"https:\/\/opus-folyoirat.sk\/?page_id=4344","title":{"rendered":"Parragi Eszter"},"content":{"rendered":"<div class=\"has-text-align-right wp-block-post-date\"><time datetime=\"2025-12-01T11:00:00+02:00\">2025-12-01<\/time><\/div>\n\n\n<p><strong>n\u00e9gysoros<\/strong><\/p>\n\n\n\n<p>a kif\u00fajt p\u00e1ra alakja \u00e9s terjed\u00e9se!<br>terjed\u00e9si sebess\u00e9ge. s\u0171r\u0171s\u00e9ge. elt\u0171n\u00e9se.<br>ez voltam \u00e9n.<br>itt \u00e1lltam a zebra sz\u00e9l\u00e9n, \u00e9s sz\u00e9tf\u00fajtam magamat minden ir\u00e1nyba.<\/p>\n\n\n\n<p><br><strong>mos\u00e1s<\/strong><\/p>\n\n\n\n<p>ez j\u00f3 m\u00f3dszer<br>bekapcsolom a mos\u00f3g\u00e9pet, az mosni kezd, \u00e9s m\u00e1ris el\u0151\u00e1ll az \u00e9rz\u00e9s, hogy dolgozom ma eg\u00e9sz nap dolgoztam<br>a sz\u00e1r\u00edt\u00f3 azonnal tele is lett<br>j\u00f6ttek a cs\u00f6vek, az ajt\u00f3k, a zuhanyf\u00fclke oldala, a sz\u00e9kek,<br>a f\u0171t\u0151testek, a t\u00fckr\u00f6k, a k\u00e9t nagy szekr\u00e9ny, azt\u00e1n a n\u00e1dfotel meg a m\u0171b\u0151r-,<br>s\u0151t a k\u00f6nyvespolcok is<br>ak\u00e1rmerre megyek, mindenhol l\u00f3g valami<br>s\u0151t n\u00e9mely b\u00fator is le van takarva<br>mos\u00e1s? k\u00f6lt\u00f6z\u00e9s? sz\u00ednh\u00e1z?<br>szellemlak\u00e1sban \u00e9lek, leplek lebbennek minden mozdulatra<br>bujk\u00e1lok, elt\u0171n\u00f6k<br>f\u00e9lig-ittl\u00e9t<br>az \u00e1gyhuzatok, p\u00f3l\u00f3k, ter\u00edt\u0151k \u00e9s konyharuh\u00e1k aiolosz j\u00f3 szeleire v\u00e1rnak t\u00e1vols\u00e1gv\u00e1gy, leplek a lak\u00e1sban!<br>itthonvitorl\u00e1k! fel, fel! kavarodjatok!<\/p>\n","protected":false},"excerpt":{"rendered":"<p>n\u00e9gysoros a kif\u00fajt p\u00e1ra alakja \u00e9s terjed\u00e9se!terjed\u00e9si sebess\u00e9ge. s\u0171r\u0171s\u00e9ge. elt\u0171n\u00e9se.ez voltam \u00e9n.itt \u00e1lltam a zebra sz\u00e9l\u00e9n, \u00e9s sz\u00e9tf\u00fajtam magamat minden ir\u00e1nyba. mos\u00e1s ez j\u00f3 m\u00f3dszerbekapcsolom a mos\u00f3g\u00e9pet, az mosni kezd, \u00e9s m\u00e1ris el\u0151\u00e1ll az \u00e9rz\u00e9s, hogy dolgozom ma eg\u00e9sz nap &hellip; <a href=\"https:\/\/opus-folyoirat.sk\/?page_id=4344\">Egy kattint\u00e1s ide a folytat\u00e1shoz&#8230;. <span class=\"meta-nav\">&rarr;<\/span><\/a><\/p>\n","protected":false},"author":4,"featured_media":0,"parent":0,"menu_order":0,"comment_status":"closed","ping_status":"closed","template":"","meta":{"footnotes":""},"class_list":["post-4344","page","type-page","status-publish","hentry"],"_links":{"self":[{"href":"https:\/\/opus-folyoirat.sk\/index.php?rest_route=\/wp\/v2\/pages\/4344","targetHints":{"allow":["GET"]}}],"collection":[{"href":"https:\/\/opus-folyoirat.sk\/index.php?rest_route=\/wp\/v2\/pages"}],"about":[{"href":"https:\/\/opus-folyoirat.sk\/index.php?rest_route=\/wp\/v2\/types\/page"}],"author":[{"embeddable":true,"href":"https:\/\/opus-folyoirat.sk\/index.php?rest_route=\/wp\/v2\/users\/4"}],"replies":[{"embeddable":true,"href":"https:\/\/opus-folyoirat.sk\/index.php?rest_route=%2Fwp%2Fv2%2Fcomments&post=4344"}],"version-history":[{"count":1,"href":"https:\/\/opus-folyoirat.sk\/index.php?rest_route=\/wp\/v2\/pages\/4344\/revisions"}],"predecessor-version":[{"id":4345,"href":"https:\/\/opus-folyoirat.sk\/index.php?rest_route=\/wp\/v2\/pages\/4344\/revisions\/4345"}],"wp:attachment":[{"href":"https:\/\/opus-folyoirat.sk\/index.php?rest_route=%2Fwp%2Fv2%2Fmedia&parent=4344"}],"curies":[{"name":"wp","href":"https:\/\/api.w.org\/{rel}","templated":true}]}}