{"id":4347,"date":"2025-12-04T11:00:00","date_gmt":"2025-12-04T09:00:00","guid":{"rendered":"https:\/\/opus-folyoirat.sk\/?page_id=4347"},"modified":"2026-01-22T11:50:22","modified_gmt":"2026-01-22T09:50:22","slug":"olah-andras","status":"publish","type":"page","link":"https:\/\/opus-folyoirat.sk\/?page_id=4347","title":{"rendered":"Ol\u00e1h Andr\u00e1s"},"content":{"rendered":"<div class=\"has-text-align-right wp-block-post-date\"><time datetime=\"2025-12-04T11:00:00+02:00\">2025-12-04<\/time><\/div>\n\n\n<p><strong>t\u00fal\u00e9l<\/strong><strong>\u0151<\/strong><\/p>\n\n\n\n<p>a sz\u00e1raz fahas\u00e1bok mosolyra <br>gy\u00faltak a kandall\u00f3ban<br>s a f\u00e9nyek testeden j\u00e1tszottak<\/p>\n\n\n\n<p>nem tudtam ki vagy<br>csak hasonl\u00edtott\u00e1l valakire<\/p>\n\n\n\n<p>az \u00e9jszaka forr\u00f3 volt \u00e9s moh\u00f3<br>a szomsz\u00e9dban kuty\u00e1k marakodtak <br>azt\u00e1n hideg lett hirtelen <br>\u00e9rthetetlen\u00fcl hideg<\/p>\n\n\n\n<p>mag\u00e1nyra \u00e9bredtem s a f\u00e1jdalomra <br>hogy ism\u00e9t csak egy t\u00fal\u00e9l\u0151 vagyok<\/p>\n\n\n\n<p><br><strong>sorsunk<\/strong><\/p>\n\n\n\n<p>ami kezd\u0151dik: v\u00e9get \u00e9r<\/p>\n\n\n\n<p>nincs kinek hazudni <br>\u00e9s nincs mi\u00e9rt<\/p>\n\n\n\n<p>***<\/p>\n\n\n\n<p>markunkban vagyunk<br>\u2013 sorsunk m\u00e9gsem mi\u00e9nk&#8230; maradunk h\u00e1t<br>\u00f6nmagunk par\u00f3di\u00e1ja<\/p>\n\n\n\n<p>utunkat h\u00e9tszer h\u00e9t <br>csap\u00e1s mutatja<\/p>\n\n\n\n<p>valaha volt csodaszarvas-v\u00e1gta <br>\u00e9s Ikarosz tengerbe hull\u00f3 <br>lemetszett sz\u00e1rnya<\/p>\n\n\n\n<p>***<\/p>\n\n\n\n<p>&#8230;lehangol\u00f3dott<br>a cs\u00f6nd heged\u0171je<br>mi\u00f3ta a magunk harminc ez\u00fcstj\u00e9\u00e9rt eladtuk<br>az \u00fcresen kong\u00f3 \u00e9jszak\u00e1kat<\/p>\n","protected":false},"excerpt":{"rendered":"<p>t\u00fal\u00e9l\u0151 a sz\u00e1raz fahas\u00e1bok mosolyra gy\u00faltak a kandall\u00f3bans a f\u00e9nyek testeden j\u00e1tszottak nem tudtam ki vagycsak hasonl\u00edtott\u00e1l valakire az \u00e9jszaka forr\u00f3 volt \u00e9s moh\u00f3a szomsz\u00e9dban kuty\u00e1k marakodtak azt\u00e1n hideg lett hirtelen \u00e9rthetetlen\u00fcl hideg mag\u00e1nyra \u00e9bredtem s a f\u00e1jdalomra hogy ism\u00e9t &hellip; <a href=\"https:\/\/opus-folyoirat.sk\/?page_id=4347\">Egy kattint\u00e1s ide a folytat\u00e1shoz&#8230;. <span class=\"meta-nav\">&rarr;<\/span><\/a><\/p>\n","protected":false},"author":4,"featured_media":0,"parent":0,"menu_order":0,"comment_status":"closed","ping_status":"closed","template":"","meta":{"footnotes":""},"class_list":["post-4347","page","type-page","status-publish","hentry"],"_links":{"self":[{"href":"https:\/\/opus-folyoirat.sk\/index.php?rest_route=\/wp\/v2\/pages\/4347","targetHints":{"allow":["GET"]}}],"collection":[{"href":"https:\/\/opus-folyoirat.sk\/index.php?rest_route=\/wp\/v2\/pages"}],"about":[{"href":"https:\/\/opus-folyoirat.sk\/index.php?rest_route=\/wp\/v2\/types\/page"}],"author":[{"embeddable":true,"href":"https:\/\/opus-folyoirat.sk\/index.php?rest_route=\/wp\/v2\/users\/4"}],"replies":[{"embeddable":true,"href":"https:\/\/opus-folyoirat.sk\/index.php?rest_route=%2Fwp%2Fv2%2Fcomments&post=4347"}],"version-history":[{"count":1,"href":"https:\/\/opus-folyoirat.sk\/index.php?rest_route=\/wp\/v2\/pages\/4347\/revisions"}],"predecessor-version":[{"id":4349,"href":"https:\/\/opus-folyoirat.sk\/index.php?rest_route=\/wp\/v2\/pages\/4347\/revisions\/4349"}],"wp:attachment":[{"href":"https:\/\/opus-folyoirat.sk\/index.php?rest_route=%2Fwp%2Fv2%2Fmedia&parent=4347"}],"curies":[{"name":"wp","href":"https:\/\/api.w.org\/{rel}","templated":true}]}}