{"id":4353,"date":"2025-12-05T11:00:00","date_gmt":"2025-12-05T09:00:00","guid":{"rendered":"https:\/\/opus-folyoirat.sk\/?page_id=4353"},"modified":"2026-01-22T11:52:00","modified_gmt":"2026-01-22T09:52:00","slug":"baleset","status":"publish","type":"page","link":"https:\/\/opus-folyoirat.sk\/?page_id=4353","title":{"rendered":"Baleset"},"content":{"rendered":"<div class=\"wp-block-post-date\"><time datetime=\"2025-12-05T11:00:00+02:00\">2025-12-05<\/time><\/div>\n\n\n<p>B\u00e1rmennyire szerette volna, ha m\u00e1sk\u00e9nt lenn\u00e9nek a dolgok, ha \u0151 maga m\u00e1s lenne, vagy legal\u00e1bb meg\u00e9rz\u00e9sei nem nyomasztan\u00e1k, tudta, hogy ezen nem lehet v\u00e1ltoztatni.<\/p>\n\n\n\n<p>\u00c9ppen ez\u00e9rt menek\u00fclt. Menek\u00fclt a m\u00faltja el\u0151l, menek\u00fclt saj\u00e1t testi v\u00e1gyai el\u0151l a f\u00e9rfiak el\u0151l, a csal\u00e1dja el\u0151l \u00e9s az eg\u00e9sz vil\u00e1g el\u0151l. Ugyanakkor szerette meglesni a vil\u00e1got. Bekukkantott a nagyv\u00e1ros kanyarg\u00f3 utc\u00e1inak dufartjai al\u00e1, vas\u00e1rnapi szieszt\u00e1z\u00f3k \u00e9let\u00e9be, nyitott ablakokon \u00e1t kisz\u0171r\u0151d\u0151 hangokat cs\u00edpett el \u00e9s jegyzett meg, \u00e9s n\u00e9ha szerette volna meglesni saj\u00e1t mag\u00e1t is. Milyen \u00e9rdekes lenne l\u00e1tni mag\u00e1t \u00f6nkiel\u00e9g\u00edt\u00e9s k\u00f6zben! Vajon milyen lehet az arca, amikor nem tudja, m\u00e9g csaknem is sejti, hogy k\u00f6zben, mondjuk, lefilmezik?&nbsp; Vajon ott van-e mindaz a b\u00e1nat, a mag\u00e1ny a f\u00e1jdalom, amit mag\u00e1ban hordoz? \u00c9s milyen k\u00e9pet v\u00e1ghat, mikor kiel\u00e9g\u00fcl? A pillanatnyi \u00f6r\u00f6m, az el\u00e9gedetts\u00e9g vajon milyen mosolyt mesterk\u00e9l az arc\u00e1ra?<\/p>\n\n\n\n<p>\u00c1lland\u00f3an azzal a tudattal \u00e9lt, hogy \u0151t mag\u00e1t is megfigyelik.<\/p>\n\n\n\n<p>Vas\u00e1rnap d\u00e9lut\u00e1nonk\u00e9nt csendes kis pressz\u00f3kban \u00fcld\u00f6g\u00e9lt \u00e9s \u00e9lvezte a lenyugv\u00f3 nap \u00e9p\u00fcletek fal\u00e1ra festett hangulatos sz\u00edneit. Egyszer \u00fagy \u00e9rezte, el kell utaznia. Be is fizetett egy franciaorsz\u00e1gi \u00fatra.&nbsp;<\/p>\n\n\n\n<p>A f\u00e9rfi ott volt, \u00fagy ahogyan meg\u00e9rezte. M\u00e1r a buszon megismerkedtek \u00e9s \u00f6sszemelegedtek. Az egyik r\u00f6vid meg\u00e1ll\u00f3n\u00e1l, egy erd\u0151sz\u00e9len, elk\u00eds\u00e9rte pisilni. Nem messze, egy bokros t\u00f6lt\u00e9s alj\u00e1ban meg\u00e1llt, hogy vigy\u00e1zzon r\u00e1, \u00e9s \u0151 egy kicsivel od\u00e9bb leguggolt.&nbsp; K\u00f6zben \u00e9rezte, hogy a f\u00e9rfi meglesi meztelen fenek\u00e9t. Nem zavarta. S\u0151t. Izgatta a dolog. M\u00e1snap m\u00e1r lefek\u00fcdt vele, \u00e9s a kir\u00e1ndul\u00e1s alatt v\u00e9gig egy\u00fctt voltak.&nbsp;<\/p>\n\n\n\n<p>A szak\u00edt\u00e1s viszont nem ment olyan k\u00f6nnyen, mint gondolta. Szak\u00edtani ugyanis gyorsan \u00e9s kegyetlen\u00fcl kell, vallotta, \u00e1m ebben az esetben a f\u00e9rfi oly szerelmes lett, ami \u0151t mag\u00e1t is meglepte. Tov\u00e1bbra is tartani k\u00edv\u00e1nta a kapcsolatot, a kir\u00e1ndul\u00e1s ut\u00e1n meg akarta l\u00e1togatni, \u00e9s mint minden kapcsolat v\u00e9g\u00e9n, egy utols\u00f3 lehet\u0151s\u00e9get k\u00e9rt.&nbsp;<\/p>\n\n\n\n<p>\u00dagy d\u00f6nt\u00f6tt, hogy egy bar\u00e1tn\u0151j\u00e9t\u0151l k\u00f6lcs\u00f6nk\u00e9rt lak\u00e1sban tal\u00e1lkoznak. Kellemetlen tapasztalatokat szerzett a levakarhatatlan, lak\u00e1sig k\u00f6vet\u0151, lak\u00e1sajt\u00f3 el\u0151tt v\u00e1rakoz\u00f3 f\u00e9rfiakkal, \u00edgy szerelmi \u00e9let\u00e9t k\u00f6lcs\u00f6nlak\u00e1sokban, telefonsz\u00e1mok n\u00e9lk\u00fcl bonyol\u00edtotta. Saj\u00e1t lak\u00e1sa tabu volt mindenkinek. Oda nem engedett betekinteni senkinek.&nbsp;<\/p>\n\n\n\n<p>A tal\u00e1lkoz\u00e1s viharos szeretkez\u00e9ss\u00e9 \u00e9s \u00fajra egym\u00e1sra tal\u00e1l\u00e1ss\u00e1 v\u00e1ltozott, \u00edgy, b\u00e1r meg\u00e9rz\u00e9se rosszat j\u00f3solt, \u00fajabb tal\u00e1lkoz\u00f3ban egyezett meg.&nbsp;<\/p>\n\n\n\n<p>Eddig soha senkinek nem besz\u00e9lt meg\u00e9rz\u00e9seir\u0151l, most azonban elgondolkozott a lehet\u0151s\u00e9gen.&nbsp;<\/p>\n\n\n\n<p>Mag\u00e1t a meg\u00e9rz\u00e9st, mint \u00e9rz\u00e9st m\u00e9g \u00f6nmaga sz\u00e1m\u00e1ra sem volt k\u00e9pes megfogalmazni. Elfogadta, mint csalhatatlan ir\u00e1nyt\u0171t, amely \u00e1ltal\u00e1ban a helyes utat mutatja. A d\u00f6nt\u00e9sek ut\u00e1ni testi \u00e9s szellemi kiel\u00e9g\u00fclts\u00e9g, s ezzel egy\u00fctt a meg\u00e9rz\u00e9s, \u00e9lete tartoz\u00e9ka lett, s\u0151t mi t\u00f6bb, \u00e9lete vezet\u0151je, alak\u00edt\u00f3ja is. Az er\u0151t\u00e9r, amely ilyenkor k\u00f6r\u00fclvette, felt\u00f6lt\u00f6tte energi\u00e1val, vid\u00e1ms\u00e1ggal \u00e9s magabiztoss\u00e1ggal.&nbsp;<\/p>\n\n\n\n<p>Most el\u0151sz\u00f6r \u00e9rezte \u00fagy, hogy tal\u00e1n kezdenie kellene valamit a sok tapasztalattal, amit szerezett. Nem csak joga, de tal\u00e1n k\u00f6teless\u00e9ge is rendszerbe rakni a sok zavaros, fel\u00fcletesen kezelt \u00e9lm\u00e9nyt, s le kell sz\u00e1molni az \u00f6szt\u00f6n\u00f6s d\u00f6nt\u00e9sekkel.&nbsp;<\/p>\n\n\n\n<p>V\u00e1ratlanul \u00e9rt\u00e9kelni kezdett, hasonl\u00edtgatni, \u00e9lm\u00e9nyeket felid\u00e9zni \u00e9s \u00fajra, m\u00e1sk\u00e9ppen \u00e1t\u00e9lni, \u00e1m a meg\u00e9rz\u00e9sei \u00e1ltal dikt\u00e1lt d\u00f6nt\u00e9sek helyess\u00e9g\u00e9t k\u00e9ptelen volt kiforgatni. Akkor viszont mi\u00e9rt v\u00e1ltoztatna?<\/p>\n\n\n\n<p>\u00dagy d\u00f6nt\u00f6tt, hogy egy ideig eg\u00e9szs\u00e9ges szexualit\u00e1ssal vezeti \u00e9let\u00e9t, \u00e9s a tal\u00e1lkoz\u00f3kat \u2014 \u00e1tmenetileg \u2014 folytatj\u00e1k.&nbsp;<\/p>\n\n\n\n<p>Lassan megszokt\u00e1k a h\u00e1zat, amelyben szeretkezni szoktak. Hangjaival \u00e9s kellemetlen\u00fcl terjed\u0151 \u00e9telszagaival.&nbsp; Az elakad\u00f3 liftj\u00e9vel, a veszeked\u00e9seivel, a leskel\u0151d\u0151 k\u00f6v\u00e9r kisfi\u00faj\u00e1val \u00e9s a szomsz\u00e9dok cinkos \u00f6sszekacsint\u00e1saival.<\/p>\n\n\n\n<p>M\u00edg \u0151 azzal hitegette mag\u00e1t, hogy a kapcsolatnak v\u00e9ge, s \u00e1lland\u00f3an \u00fagy viselkedett mintha titkos \u00fczeneteket k\u00fcldene \u00e9s v\u00e1rna valakit\u0151l, a szaporod\u00f3 tal\u00e1lkoz\u00f3k egyre bizakod\u00f3bb\u00e1 tett\u00e9k a f\u00e9rfit, s\u0151t egyre ink\u00e1bb igyekezett eleget tenni a n\u0151 titkos elv\u00e1r\u00e1sainak.<\/p>\n\n\n\n<p>Az apr\u00f3 figyelmess\u00e9geket furcsa ellen\u00e9rz\u00e9ssel fogadta.&nbsp; Egyr\u00e9szt n\u00e9ha k\u00edv\u00e1nta, hogy a f\u00e9rfi meg\u00e9rtse \u0151t, ugyanakkor \u00f3dzkodott att\u00f3l, hogy ebben b\u00e1rmivel is seg\u00edtsen neki. Ilyenkor gyeng\u00e9ds\u00e9gre, meg\u00e9rt\u00e9sre, k\u00f6z\u00f6s gondolkod\u00e1sra v\u00e1gyott, m\u00e1sr\u00e9szt tiszt\u00e1ban volt vele, hogy ezt sohasem kaphatja meg, hiszen a meg\u00e9rz\u00e9se egy\u00e9rtelm\u0171en azt j\u00f3solta, hogy a f\u00e9rfit elvesz\u00edti!&nbsp;<\/p>\n\n\n\n<p>Egyszer rajtakapta a f\u00e9rfit, amint zuhanyoz\u00e1s k\u00f6zben megleste \u0151t. B\u00e1natos, meg\u00e9rt\u0151 \u00e9s megbocs\u00e1t\u00f3 mosollyal, kiss\u00e9 zavartan n\u00e9zett r\u00e1, mik\u00f6zben a f\u00e9rfi k\u00e9nyszeredetten vigyorogva vallotta be, hogy nem ez az els\u0151 eset.&nbsp;<\/p>\n\n\n\n<p>Tal\u00e1n itt d\u0151lt el.&nbsp;<\/p>\n\n\n\n<p>\u00dajra el kellett gondolkodnia azon, hogy el\u00e9g-e az \u00e9let sz\u00e1m\u00e1ra l\u00e1that\u00f3, tapasztalhat\u00f3 r\u00e9sz\u00e9nek ki\u00e9rt\u00e9kel\u00e9s\u00e9vel foglalkoznia.&nbsp; D\u00f6nt\u00e9seiben is igyekezett rendk\u00edv\u00fcl eredetinek maradni \u2014 t\u00fall\u00e9pve ezzel ismer\u0151sei \u201ef\u00f6ldh\u00f6zragadts\u00e1g\u00e1n\u201d \u2014,&nbsp; s kinevelte mag\u00e1ban a b\u00e1rmikor b\u00e1rmir\u0151l val\u00f3 lemond\u00e1s k\u00e9pess\u00e9g\u00e9t.&nbsp;<\/p>\n\n\n\n<p>Nem is az izgatta igaz\u00e1n, milyennek l\u00e1tta \u0151t a f\u00e9rfi, mikor megleste, hanem milyen lehet \u0151, ha nem a saj\u00e1t szem\u00e9vel n\u00e9zi \u00f6nmag\u00e1t? Miut\u00e1n \u00e9let\u00e9ben a sok csal\u00f3d\u00e1s ut\u00e1n el\u00e9rkezett ahhoz a ponthoz, hogy b\u00e1rmikor b\u00e1rmir\u0151l lemondjon, \u00e9s ezzel elej\u00e9t vegye a csal\u00f3d\u00e1snak \u00e9s lemond\u00e1snak, most nem tudott megbirk\u00f3zni a \u201enincs\u201d \u00e9rz\u00e9s\u00e9vel.&nbsp;<\/p>\n\n\n\n<p>A szabads\u00e1gnak az\u00e9rt sem lehet m\u00e9rt\u00e9kegys\u00e9ge, mert a \u201enincs\u201d \u00e9s a \u201eb\u00e1rmi\u201d v\u00e9gtelen, gondolta.&nbsp;<\/p>\n\n\n\n<p>M\u00e9g a meg\u00e9rz\u00e9seir\u0151l is lemondott volna, de ez erej\u00e9n t\u00fali feladatnak t\u0171nt. Meg\u00e9rz\u00e9sei, csendes, felt\u00f6lt\u0151 er\u0151ter\u00fckkel, kiegyens\u00falyozotts\u00e1got ad\u00f3 hat\u00e1sukkal, t\u0151le teljesen f\u00fcggetlen\u00fcl jelentkeztek, \u00e9s valamif\u00e9le isteni adom\u00e1nynak tekintette \u0151ket.&nbsp;<\/p>\n\n\n\n<p>\u00cdgy kapta el a hallgat\u00f3z\u00f3, k\u00f6v\u00e9r kisfi\u00fat is.&nbsp;<\/p>\n\n\n\n<p>Egyszer \u2014 a k\u00f6lcs\u00f6nlak\u00e1sban a f\u00e9rfira v\u00e1rva \u2014 maga sem tudta mi\u00e9rt, a bej\u00e1rati ajt\u00f3hoz ment \u00e9s kinyitotta. A k\u00f6v\u00e9r fi\u00fa, lehetett olyan nyolc-t\u00edz \u00e9ves, ott \u00e1llt \u00e9s megszeppenve pislogott r\u00e1. Igyekezett kedves lenni, \u00e1m a puf\u00f3k arc\u00fa gyerek csak sut\u00e1n hallgatott, \u00e9s apr\u00f3 malacszemeit mereven a n\u0151 nadr\u00e1gj\u00e1nak cipz\u00e1rj\u00e1ra szegezte. A n\u0151t kimondottan zavarta ez a pillant\u00e1s, mintha lemeztelen\u00edtette volna. Majdnem odakapott a kez\u00e9vel de megel\u00e9gedett azzal, hogy \u00f6ssz\u00e9bb szor\u00edtotta combjait. V\u00e9g\u00fclis a gyerek apja szokta megjav\u00edtani a gyakran meghib\u00e1sod\u00f3 liftet, s soha sem lehet tudni, nem ker\u00fcl-e egyszer \u0151 is a r\u00e1szorultak k\u00f6z\u00e9.&nbsp;<\/p>\n\n\n\n<p>Ezalatt a f\u00e9rfi tov\u00e1bbra is a boldog-boldogtalans\u00e1g \u00e9rz\u00e9s\u00e9vel k\u00fcszk\u00f6d\u00f6tt, s k\u00e9ptelen volt megem\u00e9szteni azt a t\u00e1vols\u00e1gtart\u00e1st, amelyet a n\u0151 tan\u00fas\u00edtott vele szemben. Nem \u00e9rtette, mik\u00e9nt lehet egy ennyire k\u00f6zeli testi kapcsolatban titokzatosnak maradni, s mell\u0151zni az \u0151szintes\u00e9get. Eleinte a n\u0151 m\u00faltj\u00e1r\u00f3l k\u00e9rdez\u0151sk\u00f6d\u00f6tt \u2014 persze sikertelen\u00fcl \u2014, majd a lak\u00e1sban kezdett kutatni, de hamar r\u00e1j\u00f6tt, hogy idegen lak\u00e1sban szerelmeskednek.&nbsp; Mik\u00f6zben elviselhetetlen\u00fcl szenvedett att\u00f3l, hogy testileg \u00e9s \u00e9rzelmileg k\u00f6t\u0151dik a n\u0151h\u00f6z, lassan r\u00e1\u00e9bredt, hogy a vesztes oldalon \u00e1ll. Az er\u0151t\u00e9r, amely eddig j\u00f3t\u00e9konyan befogadta, most ellens\u00e9gesen tasz\u00edtotta. Id\u0151k\u00f6zben kinyomozta, hol van a n\u0151 igazi lak\u00e1sa, s hossz\u00fa \u00f3r\u00e1kat t\u00f6lt\u00f6tt annak megfigyel\u00e9s\u00e9vel. Rem\u00e9lte, h\u00e1tha egy m\u00e1sik f\u00e9rfi nyom\u00e1ra bukkan vagy valami k\u00e9zzelfoghat\u00f3, megverhet\u0151, meggy\u0151zhet\u0151 okra tal\u00e1l, \u00e1m eredm\u00e9nytelen\u00fcl.&nbsp;<\/p>\n\n\n\n<p>A n\u0151 az idegen lak\u00e1s konyh\u00e1j\u00e1ban \u00e1llt, kez\u00e9ben egy konyhak\u00e9ssel, mikor meg\u00e9rezte, hogy ez az a nap. Az ablakban pici vir\u00e1gok sorakoztak \u2014 bar\u00e1tn\u0151je gy\u0171jtem\u00e9nye \u2014, amelyeket annyira megkedvelt, hogy elhat\u00e1rozta, \u0151 maga is vesz egy p\u00e1rat.&nbsp;<\/p>\n\n\n\n<p>A szok\u00e1sos kattog\u00e1s, z\u00fag\u00e1s \u00e9s a v\u00e9szj\u00f3sl\u00f3 csend hallatszott. Megint elakadt a lift. Csakhogy most \u00e9rezte, hogy el fog romlani! Az\u00e9rt \u00e1llt mozdulatlanul. Vajon mi lesz? Ilyenkor a k\u00f6v\u00e9r kisfi\u00fa apja szokott int\u00e9zkedni vagy maga a kisfi\u00fa. \u00c1ll\u00edt\u00f3lag el\u00e9g visszakapcsolni a biztos\u00edt\u00e9kot.&nbsp;<\/p>\n\n\n\n<p>A bej\u00e1rati ajt\u00f3hoz ment. Nem tudhatta bizonyosan, de \u201e\u00e9rezte\u201d, hogy a f\u00e9rfi rekedt a liftben.&nbsp; \u00c9rezte, hogy a f\u00e9rfi kiakasztotta a liftajt\u00f3t r\u00f6gz\u00edt\u0151 m\u00e1gneses z\u00e1rat \u00e9s kinyitotta az ajt\u00f3t. Most val\u00f3sz\u00edn\u0171leg kim\u00e1szik. Fent viszont ugrik a hallgat\u00f3z\u00f3 kisfi\u00fa, hogy visszakapcsolja a biztos\u00edt\u00e9kot. Sik\u00edtani szeretett volna a bizonytalans\u00e1gt\u00f3l. Hiszen \u0151 ezt nem tudhatja! Ez csak meg\u00e9rz\u00e9s! Hirtelen felr\u00e1ntotta az ajt\u00f3t \u00e9s \u00e9rezte, hogy m\u00e9g van ideje, \u00e1m esz\u00e9be jutott, hogy v\u00e9g\u00fcl is szak\u00edtani akar! Keveredtek az \u00e9rz\u00e9sei. Egyik azt mondta, seg\u00edtenie kell, a m\u00e1sik azt, hogy ugyan ki bizony\u00edthatn\u00e1 r\u00e1, hogy \u0151 \u201etudta\u201d mi t\u00f6rt\u00e9nt odakint? \u00c9s val\u00f3j\u00e1ban tudhatja-e, bizonyos lehet-e abban, hogy j\u00f3 a meg\u00e9rz\u00e9se?<\/p>\n\n\n\n<p>Ekkor indult el a lift, \u00e9s hatalmas ord\u00edt\u00e1s hallatszott.&nbsp;<\/p>\n\n\n\n<p>A f\u00e9rfinak csak a lev\u00e1gott fels\u0151teste maradt a nyitott liftajt\u00f3 el\u0151tt, kez\u00e9ben egy nagyobb k\u00e9pb\u0151l kiv\u00e1gott f\u00e9nyk\u00e9pdarabot szorongatott. Megismerte. Egy \u00fcnnepl\u00e9s alkalm\u00e1val k\u00e9sz\u00fclt a k\u00e9p. Egy bar\u00e1tn\u0151j\u00e9t v\u00e1gta le r\u00f3la \u00fagy, hogy csak \u0151 maradjon rajta.&nbsp; Val\u00f3sz\u00edn\u0171leg a lak\u00e1sban akadt r\u00e1. El nem tudta k\u00e9pzelni, mi\u00e9rt szorongathatta a kez\u00e9ben.&nbsp;<\/p>\n\n\n\n<p>Lehajolt \u00e9s kivette a k\u00e9pet a f\u00e9rfi kez\u00e9b\u0151l. Nem \u00e9rzett semmit. A l\u00e9pcs\u0151h\u00e1zban tov\u00e1bbra is csend volt. A lift most \u00e9rt le. Valaki kinyitotta az ajt\u00f3t, hatalmas sikoly hallatszott. Gyorsan, csendesen visszament a lak\u00e1sba, mag\u00e1ra z\u00e1rta a v\u00e9c\u00e9ajt\u00f3t \u00e9s pisilni kezdett.<\/p>\n\n\n\n<p><\/p>\n\n\n\n<p><em>Hogya Gy\u00f6rgy<\/em><\/p>\n","protected":false},"excerpt":{"rendered":"<p>B\u00e1rmennyire szerette volna, ha m\u00e1sk\u00e9nt lenn\u00e9nek a dolgok, ha \u0151 maga m\u00e1s lenne, vagy legal\u00e1bb meg\u00e9rz\u00e9sei nem nyomasztan\u00e1k, tudta, hogy ezen nem lehet v\u00e1ltoztatni. \u00c9ppen ez\u00e9rt menek\u00fclt. Menek\u00fclt a m\u00faltja el\u0151l, menek\u00fclt saj\u00e1t testi v\u00e1gyai el\u0151l a f\u00e9rfiak el\u0151l, a &hellip; <a href=\"https:\/\/opus-folyoirat.sk\/?page_id=4353\">Egy kattint\u00e1s ide a folytat\u00e1shoz&#8230;. <span class=\"meta-nav\">&rarr;<\/span><\/a><\/p>\n","protected":false},"author":4,"featured_media":0,"parent":0,"menu_order":0,"comment_status":"closed","ping_status":"closed","template":"","meta":{"footnotes":""},"class_list":["post-4353","page","type-page","status-publish","hentry"],"_links":{"self":[{"href":"https:\/\/opus-folyoirat.sk\/index.php?rest_route=\/wp\/v2\/pages\/4353","targetHints":{"allow":["GET"]}}],"collection":[{"href":"https:\/\/opus-folyoirat.sk\/index.php?rest_route=\/wp\/v2\/pages"}],"about":[{"href":"https:\/\/opus-folyoirat.sk\/index.php?rest_route=\/wp\/v2\/types\/page"}],"author":[{"embeddable":true,"href":"https:\/\/opus-folyoirat.sk\/index.php?rest_route=\/wp\/v2\/users\/4"}],"replies":[{"embeddable":true,"href":"https:\/\/opus-folyoirat.sk\/index.php?rest_route=%2Fwp%2Fv2%2Fcomments&post=4353"}],"version-history":[{"count":1,"href":"https:\/\/opus-folyoirat.sk\/index.php?rest_route=\/wp\/v2\/pages\/4353\/revisions"}],"predecessor-version":[{"id":4354,"href":"https:\/\/opus-folyoirat.sk\/index.php?rest_route=\/wp\/v2\/pages\/4353\/revisions\/4354"}],"wp:attachment":[{"href":"https:\/\/opus-folyoirat.sk\/index.php?rest_route=%2Fwp%2Fv2%2Fmedia&parent=4353"}],"curies":[{"name":"wp","href":"https:\/\/api.w.org\/{rel}","templated":true}]}}