{"id":4359,"date":"2025-12-08T11:00:00","date_gmt":"2025-12-08T09:00:00","guid":{"rendered":"https:\/\/opus-folyoirat.sk\/?page_id=4359"},"modified":"2026-01-22T11:58:30","modified_gmt":"2026-01-22T09:58:30","slug":"fiala-ilona-2","status":"publish","type":"page","link":"https:\/\/opus-folyoirat.sk\/?page_id=4359","title":{"rendered":"Fiala Ilona"},"content":{"rendered":"<div class=\"wp-block-post-date\"><time datetime=\"2025-12-08T11:00:00+02:00\">2025-12-08<\/time><\/div>\n\n\n<div class=\"wp-block-group is-vertical is-layout-flex wp-container-core-group-is-layout-8cf370e7 wp-block-group-is-layout-flex\">\n<p><strong>Mobiltelefon<\/strong><\/p>\n\n\n\n<p><\/p>\n\n\n\n<p><br>Jen\u0151 szeli a kilom\u00e9tereket hazafel\u00e9. Azon m\u00e9l\u00e1zik, hogy m\u00e1r nem szeret \u00fagy vezetni, mint r\u00e9gebben. \u00c9s f\u0151leg este esik nehez\u00e9re. De mit tehet? Ha egyszer be- lev\u00e1gott, m\u00e1r nem l\u00e9phet vissza. A felez\u0151vonalat figyelve folyton az a helyes, tizen\u00f6t \u00e9ves form\u00e1j\u00fa kisl\u00e1ny j\u00e1r a fej\u00e9ben. Bogi. \u00cdgy h\u00edvj\u00e1k. Nem tud szabadulni att\u00f3l, amit mondott: hogy \u0151 nem ruh\u00e1kat, hanem mobiltelefont szeretne. Hogy ruhaf\u00e9l\u00e9t rendszeresen kap a szomsz\u00e9dokt\u00f3l, rokonokt\u00f3l, ismer\u0151s\u00f6kt\u0151l. Meg j\u00e1t\u00e9kokat. Pedig azok m\u00e1r igaz\u00e1n nem kellenek neki. Ruh\u00e1t sem tud annyit viselni, amennyivel ell\u00e1tj\u00e1k. Nem akarja megs\u00e9rteni az adom\u00e1nyoz\u00f3kat, \u00edgy azt\u00e1n mindent elfogad, de m\u00e1r nem tud mit kezdeni a rengeteg ruhanem\u0171vel. Arr\u00f3l nem is besz\u00e9lve \u2013 ezt Jen\u0151 gondolja hozz\u00e1 Bogi szavaihoz \u2013, hogy az emberek szeretik \u00f6sszeszedni otthonukban az elny\u0171tt g\u00f6nc\u00f6ket (tisztelet a kiv\u00e9telnek \u2013 ezt is hoz- z\u00e1 kell tennie), amelyeket megmagyar\u00e1zhatatlan okok miatt sajn\u00e1lnak kidobni, \u00e9s leadj\u00e1k adom\u00e1nyk\u00e9nt. \u0150 ezt j\u00f3l tudja, m\u00e1r \u00f6t \u00e9ve, ami\u00f3ta nyugd\u00edjasok lettek, szervezik a gy\u0171jt\u00e9st lakhely\u00fck\u00f6n feles\u00e9g\u00e9vel, Vikivel egy\u00fctt. Szorgalmasan \u00edrj\u00e1k a felh\u00edv\u00e1sokat, kiakasztj\u00e1k a lak\u00f3h\u00e1zak bej\u00e1rat\u00e1n\u00e1l, a templomokban, \u00fczletekben, de m\u00e9g a parkban is felsz\u00f6gezik a f\u00e1k t\u00f6rzs\u00e9re. J\u00f6nnek is a csomagok sz\u00e9p sz\u00e1mmal. Igaz, javar\u00e9szt kiny\u00falt, viseltes cuccokkal. Sokszor kopott, sz\u00e9tgy\u00fart l\u00e1bbeli, k\u00e9z vagy l\u00e1b n\u00e9lk\u00fcli bab\u00e1k, majdnem teljesen elhaszn\u00e1lt v\u00edzfest\u00e9k&#8230; B\u00e1r n\u00e9ha az\u00e9rt sz\u00e9p, \u00e9rt\u00e9kes holmit is hoznak. Azokb\u00f3l Viki k\u00fcl\u00f6n rakja a legjobb min\u0151s\u00e9g\u0171eket, \u00e9s a rokonainak k\u00edn\u00e1lgatja. De valahogy senki sem k\u00edv\u00e1ncsi az aj\u00e1nd\u00e9kaira, mind elutas\u00edtj\u00e1k a nagylelk\u0171s\u00e9g\u00e9t, amivel el\u00e1rasztani pr\u00f3b\u00e1lja \u0151ket. Ezen Viki mindig felh\u00e1borodott. F\u00e9rje pedig vele egy\u00fctt. H\u00e1l\u00e1tlanoknak tartott\u00e1k az unokah\u00fagaikat, unoka\u00f6ccseiket. Pedig \u0151k j\u00f3 sz\u00edvvel adt\u00e1k, \u00e9s csak seg\u00edteni akartak nekik. Egy kis rokoni t\u00e1mogat\u00e1s. Azok meg fitym\u00e1lva tolt\u00e1k arr\u00e9bb a sz\u00e9p pul\u00f3vereket, nadr\u00e1- gokat. De most mindent meg\u00e9rtett. Mostant\u00f3l m\u00e1sk\u00e9ppen l\u00e1tja az adom\u00e1nyoz\u00e1st. A h\u0171h\u00f3t a gy\u0171jt\u00e9s k\u00f6r\u00fcl, a feles\u00e9ge ujjong\u00e1s\u00e1t a sok holmi l\u00e1tt\u00e1n, a helysz\u00ednen a ki- rakod\u00e1st, k\u00edn\u00e1lgat\u00e1st. \u00c9s az id\u0151nk\u00e9nt meg jelen\u0151 sajt\u00f3 embereinek beh\u00edzelg\u0151 k\u00e9rd\u00e9- seit. Eddig azt hitte, mindez nagy megtiszteltet\u00e9s. Most m\u00e1r ink\u00e1bb sz\u00e9gyenkezik.<\/p>\n\n\n\n<p>Az a kisl\u00e1ny eg\u00e9sz d\u00e9lut\u00e1n szinte mozdulatlanul \u00fclt a kult\u00farh\u00e1z fala ment\u00e9n k\u00f6rberakott sz\u00e9kek egyik\u00e9n. M\u00e1sok k\u00edv\u00e1ncsian turk\u00e1ltak az \u00fajonnan hozott sz\u00e1ll\u00edtm\u00e1nyban. Voltak, akik tal\u00e1ltak is maguknak val\u00f3t, de igaz\u00e1b\u00f3l nem kapkodt\u00e1k sz\u00e9t a port\u00e9k\u00e1t. Jen\u0151 nehezm\u00e9nyezte is: az ember igyekszik, nem sajn\u00e1lja r\u00e1 az idej\u00e9t, ezek meg itt finny\u00e1skodnak. A telefonh\u00edv\u00e1sait \u00e9s az \u00fatik\u00f6lts\u00e9g\u00e9t senki sem t\u00e9r\u00edti meg. Igaz\u00e1b\u00f3l nem ezzel van gondja. Viki megmagyar\u00e1zta neki, hogy ezt amolyan felaj\u00e1nl\u00e1sk\u00e9nt kell venni\u00fck. Hogy r\u00e9sz\u00fckr\u0151l ez \u00e1ldozat, seg\u00edts\u00e9gny\u00fajt\u00e1s embert\u00e1rsaiknak. Mert \u00fagy \u00e9rzik, ez az \u0151 k\u00fcldet\u00e9s\u00fck, elhivat\u00e1suk. \u0150 pedig \u2013 mint mindig \u2013, most is elfogadta az asszony \u00e9rvel\u00e9s\u00e9t.<\/p>\n\n\n\n<p>Bogi a sarokban gubbasztott, egy k\u00f6nyvet olvasott. Jen\u0151 odament hozz\u00e1, sz\u00f3lt neki, v\u00e1lasszon mag\u00e1nak valamit. De a kisl\u00e1ny kit\u00e9rt a javaslat el\u0151l. Azt felelte, nincs sz\u00fcks\u00e9ge \u00fajabb ruh\u00e1kra, hiszen legut\u00f3bb vitt mag\u00e1nak eleget. Igen, igen \u2013 gondolta Jen\u0151 \u2013, ez\u00e9rt annyira ismer\u0151s a le\u00e1ny, mert m\u00e1r m\u00e1skor is el szokott j\u00f6nni, ha meghirdett\u00fck az ingyenes b\u00f6rz\u00e9t.<\/p>\n\n\n\n<p>\u2013 Az\u00e9rt csak n\u00e9zd meg, h\u00e1tha tal\u00e1lsz valami sz\u00e9pet \u2013 pr\u00f3b\u00e1lkozott m\u00e9g egyszer, de Bogi nem mozdult. Les\u00fct\u00f6tte a szem\u00e9t, \u00e9s hallgatott.<\/p>\n\n\n\n<p>\u2013 Tal\u00e1n valami m\u00e1sra lenne sz\u00fcks\u00e9ged? \u2013 k\u00e9rdezte a f\u00e9rfi. Erre a l\u00e1ny kicsit felb\u00e1torodott, de az\u00e9rt \u00e9rezni lehetett hangj\u00e1ban a f\u00e9l\u00e9nks\u00e9get, amikor felelt:<\/p>\n\n\n\n<p>\u2013 Igen, egy mobiltelefont szeretn\u00e9k.<\/p>\n\n\n\n<p>\u2013 Mobiltelefont? \u2013 k\u00e9rdezett vissza Jen\u0151 zavartan. Meglep\u0151d\u00f6tt a k\u00e9r\u00e9sen, nem tudta, mit mondjon. Le\u00fclt Bogi mell\u00e9, \u00e9s besz\u00e9lgetni kezdtek. Most pedig nem tud megnyugodni. M\u00e9lyen felkavarta \u0151t ez a besz\u00e9lget\u00e9s. \u00c9s r\u00e1\u00e9bresztette valamire. Az a csitri kinyitotta a szem\u00e9t.<\/p>\n\n\n\n<p>V\u00e9gre felt\u0171ntek sz\u00fcl\u0151v\u00e1rosa f\u00e9nyei, mindj\u00e1rt otthon lesz.<br>\u2013 Na, \u00e9pp ideje! \u2013 mordult r\u00e1 a neje, amikor ny\u00edlt az ajt\u00f3, \u00e9s megl\u00e1tta \u0151t.<br>\u2013 M\u00e1r azt hittem, sohasem \u00e9rsz haza.<br>\u2013 Neked is sz\u00e9p j\u00f3 est\u00e9t k\u00edv\u00e1nok, kedves feles\u00e9gem!<br>\u2013 Na, m\u00e9g g\u00fanyol\u00f3dj is!<br>\u2013 Ha hagyn\u00e1d, hogy felh\u00edvjalak, amikor elindulok, vagy az \u00fat b\u00e1rmelyik pontj\u00e1-<\/p>\n\n\n\n<p>r\u00f3l, akkor tudn\u00e1d, hol vagyok \u00e9ppen. De nem, nem pazaroljuk a p\u00e9nzt felesleges telefon\u00e1l\u00e1sokra!<\/p>\n\n\n\n<p>\u2013 J\u00f3l tudod: ha nem szoktattalak volna takar\u00e9koss\u00e1gra, akkor semmire se jutottunk volna. A tan\u00edt\u00f3i fizet\u00e9s\u00fcnkb\u0151l nem nagyon ugr\u00e1lhattunk. De nekem h\u00e1la, sok mindent el\u00e9rt\u00fcnk. Mindent nekem k\u00f6sz\u00f6nhetsz: a h\u00e1zat, az aut\u00f3t, a nyaral\u00f3t, mindent!<\/p>\n\n\n\n<p>Jen\u0151nek nem volt kedve vitatkozni. Am\u00fagy is kopogott a szeme az \u00e9hs\u00e9gt\u0151l, ink\u00e1bb neki\u00fclt vacsor\u00e1zni. Vikinek felt\u0171nt, hogy szokatlanul sz\u00f3tlan. Rosszat sejtett.<\/p>\n\n\n\n<p>\u2013 Csak nem karambolozt\u00e1l?<br>\u2013 Nem.<br>\u2013 Nem is horzsoltad le az aut\u00f3t?<br>\u2013 Nem.<br>\u2013 Akkor mi bajod van?<br>Nem tudta eld\u00f6nteni, elmondja-e a d\u00e9lut\u00e1ni esem\u00e9nyeket. De biztos lehetett<\/p>\n\n\n\n<p>benne, hogy Viki el\u0151bb-ut\u00f3bb \u00fagyis kiszedn\u00e9 bel\u0151le, h\u00e1t el\u00e1rulta, mi aggasztja: a kisl\u00e1ny, aki ruh\u00e1k helyett mobiltelefont szeretne.<\/p>\n\n\n\n<p>\u2013 Micsoda? \u2013 ki\u00e1ltott fel Viki. \u2013 M\u00e9ghogy mobiltelefont! Hol \u00e9l ez a gyerek? Mit k\u00e9pzel mag\u00e1r\u00f3l? \u00d6r\u00fclj\u00f6n, hogy ruh\u00e1kat kap, nemhogy telefont! Azt vegyenek neki a sz\u00fclei!<\/p>\n\n\n\n<p>\u2013 Nem \u00e9lnek a sz\u00fclei, meghaltak aut\u00f3balesetben. A nagyanyja neveli \u0151t.<\/p>\n\n\n\n<p>\u2013 Akkor vegyen a nagyanyja! Mit k\u00e9pzelnek? Az orsz\u00e1g legszeg\u00e9nyebb vid\u00e9k\u00e9n \u00e9lnek, akkor meg ne akarjanak nagyzolni!<\/p>\n\n\n\n<p>\u2013 Hogy mondhatsz ilyet? Ez nem nagyzol\u00e1s. A le\u00e1nyka szeptembert\u0151l gimna- zista lesz. Nagy sz\u00fcks\u00e9ge lenne a telefonra!<\/p>\n\n\n\n<p>\u2013 Akkor a sz\u00fcnid\u0151ben v\u00e1llaljon munk\u00e1t, \u00e9s megveheti a telefont. De \u00fagy l\u00e1tom, b\u00e1rmit sz\u00f3lok, te az \u0151 oldal\u00e1n \u00e1llsz.<\/p>\n\n\n\n<p>\u2013 Igen, mert b\u00e1rmit mondasz, mindenre van magyar\u00e1zatom. Az ut\u00f3bbi n\u00e9h\u00e1ny \u00e9vben minden sz\u00fcnid\u0151t v\u00e9gigdolgozott, most is ez v\u00e1r r\u00e1. De a telefont nem tudja megvenni.<\/p>\n\n\n\n<p>\u2013 M\u00e1rpedig az nem az \u00e9n bajom!<\/p>\n\n\n\n<p>Jen\u0151 megint kit\u00e9rt a tov\u00e1bbi vita el\u0151l, ink\u00e1bb zuhanyozni ment. Sok\u00e1ig elh\u00fazta az esti toalettet. Oda se figyelt, csak a fej\u00e9ben kering\u0151 gondolatokat hallgatta. M\u00e9g meg is borotv\u00e1lkozott \u2013 ezen maga is elcsod\u00e1lkozott, hiszen mindig csak reggel szokott borotv\u00e1lkozni. Mire lefek\u00fcdt, feles\u00e9ge m\u00e1r \u00e9desdeden aludt. Neki viszont sehogy sem j\u00f6tt \u00e1lom a szem\u00e9re. Csak forgol\u00f3dott az \u00e1gyban, hajnalig kavarogtak benne az \u00e1t\u00e9lt \u00e9rz\u00e9sek \u00e9s a veszeked\u00e9s Vikivel. Azt\u00e1n elszenderedett, reggel fel\u00e9 tal\u00e1n k\u00e9t \u00f3r\u00e1t siker\u00fclt aludnia. De amint fel\u00e9bredt, megint felt\u0171nt eml\u00e9kezet\u00e9ben az \u00e1rva le\u00e1nyz\u00f3 a nem teljes\u00fcl\u0151 v\u00e1gy\u00e1val. Felkelt, sebt\u00e9ben megreggelizett, \u00e9s kiment a parkba. Let\u00e9pte a f\u00e1kr\u00f3l az \u00fajabb hirdet\u00e9seket, amelyeket a napokban rakott ki, majd az \u00fczletek fel\u00e9 vette \u00fatj\u00e1t. \u2013 Ez lenne az els\u0151 l\u00e9p\u00e9s \u2013 mormolta mag\u00e1ban, k\u00f6zben a szem\u00e9tbe dobta a pap\u00edrlapokat. \u2013 Holnap visszamegyek abba a g\u00f6m\u00f6ri faluba, felkeresem Bogit, beviszem a v\u00e1rosba, hadd v\u00e1lassza ki \u0151 maga, milyen mobilt szeretne.<\/p>\n<\/div>\n","protected":false},"excerpt":{"rendered":"<p>Mobiltelefon Jen\u0151 szeli a kilom\u00e9tereket hazafel\u00e9. Azon m\u00e9l\u00e1zik, hogy m\u00e1r nem szeret \u00fagy vezetni, mint r\u00e9gebben. \u00c9s f\u0151leg este esik nehez\u00e9re. De mit tehet? Ha egyszer be- lev\u00e1gott, m\u00e1r nem l\u00e9phet vissza. A felez\u0151vonalat figyelve folyton az a helyes, tizen\u00f6t &hellip; <a href=\"https:\/\/opus-folyoirat.sk\/?page_id=4359\">Egy kattint\u00e1s ide a folytat\u00e1shoz&#8230;. <span class=\"meta-nav\">&rarr;<\/span><\/a><\/p>\n","protected":false},"author":4,"featured_media":0,"parent":0,"menu_order":0,"comment_status":"closed","ping_status":"closed","template":"","meta":{"footnotes":""},"class_list":["post-4359","page","type-page","status-publish","hentry"],"_links":{"self":[{"href":"https:\/\/opus-folyoirat.sk\/index.php?rest_route=\/wp\/v2\/pages\/4359","targetHints":{"allow":["GET"]}}],"collection":[{"href":"https:\/\/opus-folyoirat.sk\/index.php?rest_route=\/wp\/v2\/pages"}],"about":[{"href":"https:\/\/opus-folyoirat.sk\/index.php?rest_route=\/wp\/v2\/types\/page"}],"author":[{"embeddable":true,"href":"https:\/\/opus-folyoirat.sk\/index.php?rest_route=\/wp\/v2\/users\/4"}],"replies":[{"embeddable":true,"href":"https:\/\/opus-folyoirat.sk\/index.php?rest_route=%2Fwp%2Fv2%2Fcomments&post=4359"}],"version-history":[{"count":1,"href":"https:\/\/opus-folyoirat.sk\/index.php?rest_route=\/wp\/v2\/pages\/4359\/revisions"}],"predecessor-version":[{"id":4360,"href":"https:\/\/opus-folyoirat.sk\/index.php?rest_route=\/wp\/v2\/pages\/4359\/revisions\/4360"}],"wp:attachment":[{"href":"https:\/\/opus-folyoirat.sk\/index.php?rest_route=%2Fwp%2Fv2%2Fmedia&parent=4359"}],"curies":[{"name":"wp","href":"https:\/\/api.w.org\/{rel}","templated":true}]}}