{"id":4366,"date":"2025-12-12T12:06:00","date_gmt":"2025-12-12T10:06:00","guid":{"rendered":"https:\/\/opus-folyoirat.sk\/?page_id=4366"},"modified":"2026-01-22T12:08:30","modified_gmt":"2026-01-22T10:08:30","slug":"muranyi-zita-versei","status":"publish","type":"page","link":"https:\/\/opus-folyoirat.sk\/?page_id=4366","title":{"rendered":"Mur\u00e1nyi Zita versei"},"content":{"rendered":"<div class=\"wp-block-post-date\"><time datetime=\"2025-12-12T12:06:00+02:00\">2025-12-12<\/time><\/div>\n\n\n<p><strong>ablak<\/strong><\/p>\n\n\n\n<p>\u00e9nekelj m\u00e9g valamit ahogy <br>a t\u00e9l zeng f\u00e1radt opusokat<br>a h\u00f3 olvad\u00e1s\u00e1val lassan te is <br>elvesz\u00edted a f\u00f3kuszpontokat<\/p>\n\n\n\n<p>bel\u0151lem ne n\u00e9zz ki \u00e9n is csak <br>tapogat\u00f3zom a fogarasi havasok <br>cs\u00facs\u00e1n megroppant j\u00e9g az ablakom <br>\u00e9s leheletp\u00e1r\u00e1t \u00fasztatom rajta arcod<\/p>\n\n\n\n<p>vagy \u00e1thajolok t\u00f6r\u00e9keny k\u00f6rvonaladon <br>elveszett s\u00falyod alatt roppan meg s szakad be <br>a v\u00e9konyod\u00f3 eml\u00e9kp\u00e1nc\u00e9l vagy te v\u00e1gt\u00e1l l\u00e9ket <br>\u00e9s k\u00f6ny\u00f6r\u00f6gsz helyettem a megv\u00e1lt\u00e1s\u00e9rt.<\/p>\n\n\n\n<p><br><strong>zs\u00e1kutca<\/strong><\/p>\n\n\n\n<p>eszm\u00e9leteddel t\u00f6m\u00f6d ki az \u00e9bred\u00e9s zs\u00e1kutc\u00e1j\u00e1t <br>zs\u00edros kapukat d\u00f6ngetsz amik a sehov\u00e1 ny\u00edlnak <br>leszakad\u00f3 es\u0151cseppek hi\u00e1nyz\u00f3 h\u0151s\u00e9g rekviemj\u00e9v\u00e9 <br>merevednek h\u00f3es\u00e9sb\u0151l csap\u00f3dik f\u00f6ldh\u00f6z a sz\u00e1r <br>n\u00e9lk\u00fcli d\u00f3 recitativo m\u00edg nem v\u00e1rt olvad\u00e1sb\u00f3l <br>meg nem sz\u00fcletsz a sz\u00e1j a szem\u00fcreg s kit\u00f6ltenek <br>reszketeg ki\u00e1lt\u00e1saim eg\u00e9sz megtestesedve<br>lass\u00fa h\u0151l\u00e9gballonszer\u0171 emelked\u00e9sbe<br>kezdesz mintha h\u00e1tadon a vil\u00e1gegyetemet <br>hamvad\u00f3 griffmad\u00e1r sz\u00e1rnyad por\u00e1ba<br>cs\u00faszik test\u00fcnk olvad\u00f3 pelyhek goly\u00f3z\u00e1por\u00e1ban <br>szeretkez\u00fcnk.<\/p>\n","protected":false},"excerpt":{"rendered":"<p>ablak \u00e9nekelj m\u00e9g valamit ahogy a t\u00e9l zeng f\u00e1radt opusokata h\u00f3 olvad\u00e1s\u00e1val lassan te is elvesz\u00edted a f\u00f3kuszpontokat bel\u0151lem ne n\u00e9zz ki \u00e9n is csak tapogat\u00f3zom a fogarasi havasok cs\u00facs\u00e1n megroppant j\u00e9g az ablakom \u00e9s leheletp\u00e1r\u00e1t \u00fasztatom rajta arcod vagy &hellip; <a href=\"https:\/\/opus-folyoirat.sk\/?page_id=4366\">Egy kattint\u00e1s ide a folytat\u00e1shoz&#8230;. <span class=\"meta-nav\">&rarr;<\/span><\/a><\/p>\n","protected":false},"author":4,"featured_media":0,"parent":0,"menu_order":0,"comment_status":"closed","ping_status":"closed","template":"","meta":{"footnotes":""},"class_list":["post-4366","page","type-page","status-publish","hentry"],"_links":{"self":[{"href":"https:\/\/opus-folyoirat.sk\/index.php?rest_route=\/wp\/v2\/pages\/4366","targetHints":{"allow":["GET"]}}],"collection":[{"href":"https:\/\/opus-folyoirat.sk\/index.php?rest_route=\/wp\/v2\/pages"}],"about":[{"href":"https:\/\/opus-folyoirat.sk\/index.php?rest_route=\/wp\/v2\/types\/page"}],"author":[{"embeddable":true,"href":"https:\/\/opus-folyoirat.sk\/index.php?rest_route=\/wp\/v2\/users\/4"}],"replies":[{"embeddable":true,"href":"https:\/\/opus-folyoirat.sk\/index.php?rest_route=%2Fwp%2Fv2%2Fcomments&post=4366"}],"version-history":[{"count":1,"href":"https:\/\/opus-folyoirat.sk\/index.php?rest_route=\/wp\/v2\/pages\/4366\/revisions"}],"predecessor-version":[{"id":4367,"href":"https:\/\/opus-folyoirat.sk\/index.php?rest_route=\/wp\/v2\/pages\/4366\/revisions\/4367"}],"wp:attachment":[{"href":"https:\/\/opus-folyoirat.sk\/index.php?rest_route=%2Fwp%2Fv2%2Fmedia&parent=4366"}],"curies":[{"name":"wp","href":"https:\/\/api.w.org\/{rel}","templated":true}]}}