{"id":4379,"date":"2025-12-16T15:00:00","date_gmt":"2025-12-16T13:00:00","guid":{"rendered":"https:\/\/opus-folyoirat.sk\/?page_id=4379"},"modified":"2026-01-22T15:11:34","modified_gmt":"2026-01-22T13:11:34","slug":"parragi-eszter-3","status":"publish","type":"page","link":"https:\/\/opus-folyoirat.sk\/?page_id=4379","title":{"rendered":"Parragi Eszter"},"content":{"rendered":"<div class=\"wp-block-post-date\"><time datetime=\"2025-12-16T15:00:00+02:00\">2025-12-16<\/time><\/div>\n\n\n<p><strong>el<\/strong><strong>\u0151<\/strong><strong>tte-ut\u00e1na (volt egy ilyen)<\/strong><\/p>\n\n\n\n<p>a zaklatott k\u00e9t h\u00e9t itthon a szob\u00e1ban<br>eg\u00e9sz nap szoba, kimenni semmi kedv, eg\u00e9sz nap n\u00e9gy \u00f3ra van<br>el\u00e9g kin\u00e9zni a soha tavaszodni nem akar\u00f3 \u00e9gre<br>massz\u00edv, mozd\u00edthatatlan, szigor\u00fa hideg<br>k\u00e9rd\u00e9sek minden sarokban, k\u00f6r\u00fcl se n\u00e9zek ink\u00e1bb<br>ilyen k\u00f6r\u00fclm\u00e9nyek k\u00f6zt nem j\u00f3 olvasm\u00e1ny Dosztojevszkij<br>intenz\u00edv \u00e1lmok, begub\u00f3z\u00e1s, tompa, f\u00e9lhom\u00e1lyos szoba<br>fejesugr\u00e1s a munk\u00e1ba, az j\u00f3?<br>a l\u00e1t\u00e1st\u00f3lvakul\u00e1sig, az valami?<br>kint minden egyre durv\u00e1bb, h\u00f3vihar a sz\u00ednes kert f\u00f6l\u00f6tt<br>a h\u00f3viharban aranyes\u0151k f\u00f6l\u00f6tt toll\u00e1szkod\u00f3 szajk\u00f3<br>a nyakam vill\u00e1mlik, aludni nem b\u00edrok, \u00e9s nemhogy elm\u00falna, de terjed <br>gy\u00f6ker\u00e9t lef\u00farja a gerincem mell\u00e9, a lapocka al\u00e1 a h\u00e1tizomba, arra a bizonyos <br>el\u00e9rhetetlen helyre a h\u00e1t nagy tundr\u00e1j\u00e1n<br>g\u00f6rcs\u00f6s f\u00e1jdalom t\u00f6bb napon \u00e1t<br>a p\u00e1ly\u00e1zatok elk\u00fcld\u00e9se ut\u00e1n furcsa kett\u0151s \u00e9rz\u00e9s<br>valahol nyitva felejtettek ajt\u00f3t, ablakot, \u00e9s a v\u00e1rosban most csapkod a hideg <br>egyforma \u00e9g-v\u00edz, er\u0151lk\u00f6dni kell, hogy l\u00e1ssam, melyik melyik<\/p>\n\n\n\n<p>\u00e9s akkor egyszer csak idezuhansz, \u00e9s egy\u00fctt t\u00f6lt\u00fcnk egy f\u00e9l napot <br>a l\u00e1bsz\u00e1rig \u00e9r\u0151 medvehagymasz\u0151nyegben hatalmas let\u00f6rt \u00e1gak, <br>mint \u0151s\u00e1llatok csontv\u00e1zai<br>felm\u00e1szunk r\u00e1juk, \u00e9s onnan n\u00e9zz\u00fck a s\u00fcllyed\u0151 napot <br>Tarkovszkij-\u00e9rz\u00e9s, k\u00e9t ember t\u00e1gas t\u00e1jban<br>k\u00f6zelr\u0151l halljuk, de messzir\u0151l l\u00e1tjuk \u0151ket ez volt<br>a b\u00facs\u00fa az egyetlen \u00e9rint\u00e9s<br>de az is \u00fagy, hogy m\u00e1r bent \u00e1llt az s-bahn <br>f\u0171hull\u00e1mok, k\u00e9t m\u00e1sodperc \u00e9s szia<br>\u00e9s a vonat<br>\u00e9s akkor hirtelen minden teljesen nyugodt lett <br>r\u00e9g aludtam olyan j\u00f3l, mint aznap<br>elm\u00faltak a h\u00e1tamba f\u00far\u00f3dott k\u00e9rd\u00e9sek<br>\u00e9s m\u00e1snap cs\u00f6nd volt<br>\u00e9s \u00e9n ezt a cs\u00f6ndet hallgattam<br>eg\u00e9sz nap<\/p>\n","protected":false},"excerpt":{"rendered":"<p>el\u0151tte-ut\u00e1na (volt egy ilyen) a zaklatott k\u00e9t h\u00e9t itthon a szob\u00e1baneg\u00e9sz nap szoba, kimenni semmi kedv, eg\u00e9sz nap n\u00e9gy \u00f3ra vanel\u00e9g kin\u00e9zni a soha tavaszodni nem akar\u00f3 \u00e9gremassz\u00edv, mozd\u00edthatatlan, szigor\u00fa hidegk\u00e9rd\u00e9sek minden sarokban, k\u00f6r\u00fcl se n\u00e9zek ink\u00e1bbilyen k\u00f6r\u00fclm\u00e9nyek k\u00f6zt nem &hellip; <a href=\"https:\/\/opus-folyoirat.sk\/?page_id=4379\">Egy kattint\u00e1s ide a folytat\u00e1shoz&#8230;. <span class=\"meta-nav\">&rarr;<\/span><\/a><\/p>\n","protected":false},"author":4,"featured_media":0,"parent":0,"menu_order":0,"comment_status":"closed","ping_status":"closed","template":"","meta":{"footnotes":""},"class_list":["post-4379","page","type-page","status-publish","hentry"],"_links":{"self":[{"href":"https:\/\/opus-folyoirat.sk\/index.php?rest_route=\/wp\/v2\/pages\/4379","targetHints":{"allow":["GET"]}}],"collection":[{"href":"https:\/\/opus-folyoirat.sk\/index.php?rest_route=\/wp\/v2\/pages"}],"about":[{"href":"https:\/\/opus-folyoirat.sk\/index.php?rest_route=\/wp\/v2\/types\/page"}],"author":[{"embeddable":true,"href":"https:\/\/opus-folyoirat.sk\/index.php?rest_route=\/wp\/v2\/users\/4"}],"replies":[{"embeddable":true,"href":"https:\/\/opus-folyoirat.sk\/index.php?rest_route=%2Fwp%2Fv2%2Fcomments&post=4379"}],"version-history":[{"count":1,"href":"https:\/\/opus-folyoirat.sk\/index.php?rest_route=\/wp\/v2\/pages\/4379\/revisions"}],"predecessor-version":[{"id":4380,"href":"https:\/\/opus-folyoirat.sk\/index.php?rest_route=\/wp\/v2\/pages\/4379\/revisions\/4380"}],"wp:attachment":[{"href":"https:\/\/opus-folyoirat.sk\/index.php?rest_route=%2Fwp%2Fv2%2Fmedia&parent=4379"}],"curies":[{"name":"wp","href":"https:\/\/api.w.org\/{rel}","templated":true}]}}