{"id":4396,"date":"2025-12-22T15:36:00","date_gmt":"2025-12-22T13:36:00","guid":{"rendered":"https:\/\/opus-folyoirat.sk\/?page_id=4396"},"modified":"2026-01-22T15:37:18","modified_gmt":"2026-01-22T13:37:18","slug":"revolver","status":"publish","type":"page","link":"https:\/\/opus-folyoirat.sk\/?page_id=4396","title":{"rendered":"REVOLVER"},"content":{"rendered":"<div class=\"wp-block-post-date\"><time datetime=\"2025-12-22T15:36:00+02:00\">2025-12-22<\/time><\/div>\n\n\n<p>Vas\u00e1rnap reggeli hangulatban \u00fcld\u00f6g\u00e9lt\u00fcnk a konyh\u00e1ban, ahol m\u00e9g \u00e9rezni lehetett a kaka\u00f3 illat\u00e1t, l\u00e1nyaim pedig pizsam\u00e1ban \u00e9lvezt\u00e9k a sz\u00fcnid\u0151 boldog\u00edt\u00f3 \u00e9rz\u00e9s\u00e9t. \u00c1lmaikat mes\u00e9lt\u00e9k. A red\u0151ny\u00f6n kereszt\u00fcl s\u00e1rg\u00e1s cs\u00edkok lopakodtak a sz\u0151nyegre, s \u00e9n arr\u00f3l pr\u00f3b\u00e1ltam \u0151ket meggy\u0151zni, hogy \u00e1lmaik mennyire \u00f6sszef\u00fcgg\u00e9sben vannak mindazzal, amit a t\u00e9v\u00e9ben l\u00e1ttak. Komoly vita alakult ki, amely nem is arr\u00f3l sz\u00f3lt, re\u00e1lisak-e az \u00e9n \u00e9szrev\u00e9teleim, hanem ink\u00e1bb \u2013 bizonyos n\u0151i rafin\u00e1lts\u00e1ggal \u2013 arr\u00f3l, hogy betilthatom-e az esti t\u00e9v\u00e9z\u00e9st a rossz \u00e1lmok miatt. \u201eBiztosan sokat \u00e9s nehezet vacsor\u00e1ztunk\u201d \u2013 hangzott r\u00e9sz\u00fckr\u0151l a nem \u00e9ppen eredeti \u00e9rvel\u00e9s. \u201eAkkor is csak arr\u00f3l \u00e1lmodhattok, amit m\u00e1r l\u00e1ttatok\u201d \u00e9rveltem \u00e1llhatatosan. \u2013 Ha nem n\u00e9zn\u00e9tek eff\u00e9le sz\u00f6rny\u0171s\u00e9geket, \u00e1lmotokban sem forduln\u00e1nak el\u0151. Hiszen am\u00edg nem l\u00e1tt\u00e1l fantasztikus filmet nem is \u00e1lmodhatt\u00e1l uf\u00f3kr\u00f3l\u2026&nbsp;<\/p>\n\n\n\n<p>\u2013 \u00c1lmaink teh\u00e1t n\u00e9lk\u00fcl\u00f6znek mindenf\u00e9le eredetis\u00e9get? Puszt\u00e1n a napi dolgokat vari\u00e1lja az agyunk? \u2013 k\u00e9rdezt\u00e9k csal\u00f3dottan.&nbsp;<\/p>\n\n\n\n<p>M\u00e1r majdnem r\u00e1b\u00f3lintottam, mikor jutott eszembe az \u00e9n egyik \u00e1lmom.&nbsp;<\/p>\n\n\n\n<p>\u2013 Sohasem felejtem el azt az arcot. Szinte f\u00f6ld\u00f6nt\u00fali mosoly sug\u00e1rzott r\u00f3la, \u00e9s sz\u00e9pen metszett, z\u00e1rt szemh\u00e9jai megremegtek az \u00e9rz\u00e9kis\u00e9gt\u0151l \u2013 mondta az \u00f6regember csillog\u00f3 szemekkel.&nbsp;<\/p>\n\n\n\n<p>Hajnalodott. Ketten \u00fclt\u00fcnk a h\u00e1z terasz\u00e1n, amelynek barokkos korl\u00e1tj\u00e1n t\u00fal, valahol ott lent a l\u00e1bunk alatti k\u00f6dben, a v\u00e1ros fek\u00fcdt. M\u00e9g nem lehetett \u00e9rezni a vid\u00e9kre jellemz\u0151 forr\u00f3s\u00e1got, a leveg\u0151 m\u00e9gis f\u00fclledten nehezedett r\u00e1nk. \u00c9ppen megny\u00edlni k\u00e9sz\u00fclt\u00fcnk egym\u00e1s el\u0151tt.&nbsp;<\/p>\n\n\n\n<p>Az \u00e1tbesz\u00e9lgetett \u00e9s \u00e1tivott \u00e9jszaka ut\u00e1n a hajnali dereng\u00e9s \u00e9bresztett r\u00e1 minket, hogy a pillanatnak lassan v\u00e9ge, s ha most elmulasztjuk a lehet\u0151s\u00e9get \u2013 hogy pontosan milyet, azt csak sejtett\u00fck \u2013, akkor tal\u00e1n nem lesz t\u00f6bb alkalmunk, hogy \u0151szint\u00e9k legy\u00fcnk egym\u00e1shoz. Ki tudja, mikor ker\u00fcl\u00f6k \u00fajra D\u00e9l-Amerik\u00e1ba, s elker\u00fcl\u00f6k-e egy\u00e1ltal\u00e1n? S ha igen, tal\u00e1lkozunk-e, s ha igen, tudunk-e ilyen \u0151szint\u00e9k lenni, mint most?<\/p>\n\n\n\n<p>\u2013 A legjobb, ha az elej\u00e9n kezdem \u2013 vonta \u00f6ssze a szem\u00f6ld\u00f6k\u00e9t, \u00e9s tal\u00e1n azt pr\u00f3b\u00e1lta felid\u00e9zni, milyen is volt, amikor a h\u00e1bor\u00fa ut\u00e1n kimenek\u00fclt D\u00e9l-Amerik\u00e1ba, tal\u00e1n csak a t\u00f6rt\u00e9netet rakta sorrendbe. De lehet, hogy azon t\u00f6rte a fej\u00e9t, meddig mehet el az \u0151szintes\u00e9gben.&nbsp;<\/p>\n\n\n\n<p>Val\u00f3j\u00e1ban nehezen lehetett eld\u00f6nteni, mennyire volt felel\u0151s a t\u00f6rt\u00e9ntek\u00e9rt az elfogyasztott alkohol, \u00e9s menyire valami bels\u0151 k\u00e9sztet\u00e9s. Az \u00e1llapot, amelyben \u00fagy \u00e9rezt\u00fck, hogy \u201evalami fontosat\u201d kell elmondanunk magunkr\u00f3l, olyat, ami k\u00fcl\u00f6nb\u00f6z\u00f6tt minden eddigi vallom\u00e1st\u00f3l. Zavarba j\u00f6tt\u00fcnk volna, ha arra kellett volna v\u00e1laszolnunk, mik\u00e9nt is hozott \u00f6ssze benn\u00fcnket a sors, \u00e9s ugyan\u00edgy k\u00e9ptelenek voltunk megfelelni a k\u00e9rd\u00e9sre: mi\u00e9rt most \u00e9s mi\u00e9rt \u00e9pp egym\u00e1snak mondjuk el, amit elmondunk. Tal\u00e1n az ismeretlens\u00e9g, tal\u00e1n a tudat, hogy \u00e9n aznap elutazom, \u00e9s szinte semmi, de semmi es\u00e9lye, hogy m\u00e9g egyszer tal\u00e1lkozzunk. Nem volt sz\u00e1momra k\u00e9ts\u00e9ges, hogy a t\u00f6rt\u00e9netet nem sok embernek mes\u00e9lte el eddig.&nbsp; Folytatta:<\/p>\n\n\n\n<p>\u2013 A h\u00e1bor\u00fa ut\u00e1n meglehet\u0151sen k\u00f6nnyen ker\u00fcltem ki ide. Persze nem volt h\u00e1zam, nem volt semmim, csak a kis megtakar\u00edtott p\u00e9nzem\u2026.&nbsp; \u2013 elhallgatott, majd s\u00f3hajtott egy m\u00e9lyet. Nem, nem akart hazudni. \u00dagy akarta elmondani a dolgokat, ahogy t\u00f6rt\u00e9ntek! \u2013 Dehogy megtakar\u00edtott! Lopott p\u00e9nz volt az, bar\u00e1tom! Bizony. \u00dagy loptam, \u00e9s azzal sz\u00f6ktem meg. \u2013 Nem n\u00e9zett a szemembe.&nbsp; Nem volt fontos a sz\u00e1m\u00e1ra, hogy hiszek-e neki vagy sem. El kellett mondania a t\u00f6rt\u00e9netet. Valahova a k\u00f6dbe burkolt v\u00f6lgybe n\u00e9zett, a lassan \u00e9bredez\u0151 v\u00e1ros fel\u00e9, mintha ott l\u00e1tn\u00e1 azt, amit \u00e9ppen mondani sz\u00e1nd\u00e9kozik.&nbsp;<\/p>\n\n\n\n<p><em>\u2013 Szerencs\u00e9re tal\u00e1lkoztam itt magyarokkal. M\u00e9g a n\u00e9metekkel egy\u00fctt j\u00f6ttek ki. Mindegy. Seg\u00edtettek. Hamarosan munk\u00e1m lett, \u00e9s csinos kis vagyonom. Azt\u00e1n \u00fagy \u00e9reztem, tov\u00e1bb kell mennem. Hi\u00e1ba, a nyomaszt\u00f3 eml\u00e9kek \u00e9s a felel\u0151ss\u00e9gre von\u00e1st\u00f3l val\u00f3 f\u00e9lelem nem hagyott nyugton! Haj\u00f3t vettem, \u00e9s elindultam felfel\u00e9 a foly\u00f3n. Kis haj\u00f3 volt, de az eny\u00e9m. H\u00e1rom indi\u00e1n seg\u00edtett a bepakol\u00e1sn\u00e1l, \u00e9s egy l\u00e1nyt is hoztak magukkal. A kapit\u00e1nyt nem zavarta, engem meg nem \u00e9rdekelt.&nbsp;<\/em><\/p>\n\n\n\n<p>Egy este, m\u00e9g nem ment le a nap, rajtakaptam a fed\u00e9lzeten a h\u00e1rom indi\u00e1nt, amint a l\u00e1nnyal er\u0151szakoskodnak. Pontosabban azt hittem, hogy er\u0151szakr\u00f3l van sz\u00f3, de amikor k\u00f6zelebb mentem, l\u00e1ttam, hogy a l\u00e1ny behunyja szemeit, \u00e9s \u00e9lvezi amint ketten k\u00e9t oldalr\u00f3l lefogj\u00e1k, \u00e9s a harmadik a sz\u00e9tt\u00e1rt l\u00e1bai k\u00f6z\u00f6tt megh\u00e1gni k\u00e9sz\u00fcl. \u00c9n m\u00f6g\u00f6tt\u00fck \u00e1lltam, \u00e9s m\u00e9g nem l\u00e1ttam olyan sz\u00e9p n\u0151t, mint \u0150. Sohasem felejtem el azt az arcot! Szinte f\u00f6ld\u00f6nt\u00fali mosoly sug\u00e1rzott r\u00f3la, \u00e9s sz\u00e9pen metszett z\u00e1rt szemei megremegtek az \u00e9rz\u00e9kis\u00e9gt\u0151l.&nbsp;<\/p>\n\n\n\n<p>&nbsp;Meglep\u0151dtem mennyire kitisztult az elm\u00e9m, \u00e9s mennyire odafigyelek minden egyes momentumra. Sz\u00f3r\u00f3l sz\u00f3ra elism\u00e9telte ugyanazt a mondatot, amit m\u00e1r egyszer elmondott, mikor elkezdte a t\u00f6rt\u00e9netet. M\u00e9gis ugyanazzal a tisztelettel \u00e9s \u00e1h\u00edtattal hangzottak el a szavai, mintha valami term\u00e9szetf\u00f6l\u00f6tti hat\u00e1ssal lenne r\u00e1 az a jelenet.&nbsp;<\/p>\n\n\n\n<p>\u2013 Soha nem \u00e9rzett \u00e9rz\u00e9s, \u00e9s soha sem tapasztalt gondolatok lettek rajtam \u00farr\u00e1. N\u00e9ztem az arcot, \u00e9s felh\u00e1bor\u00edtott ez az erk\u00f6lcstelens\u00e9g, ugyanakkor \u00e9reztem, hogy egy m\u00e1s erk\u00f6lcs hat\u00e1sk\u00f6r\u00e9be ker\u00fcltem. A n\u0151 semmi kivetnival\u00f3t nem tal\u00e1l azon, hogy t\u00f6bben osztoznak rajta, \u00e9s a f\u00e9rfiaknak sem jelentett ez a jelenet egyebet, mint a szok\u00e1sos tev\u00e9kenys\u00e9get valamivel, ami a tulajdonuk. A f\u00e9rfiak nem voltak sz\u00e9pek, legal\u00e1bbis messze \u00e1lltak a mi g\u00f6r\u00f6g sz\u00e9ps\u00e9g\u00fcnkt\u0151l. M\u00e9gis izmos, f\u00e9nyl\u0151, olajos b\u0151r\u00fckkel, zs\u00edros hajukkal \u00e9s szeg\u00e9nyes ruh\u00e1zatukkal term\u00e9szetesebben hatottak ezen a haj\u00f3n, mint \u00e9n.&nbsp;<\/p>\n\n\n\n<p>A k\u00e9t, oldalt t\u00e9rdel\u0151 indi\u00e1n \u00e9szrevett, de nem mozdult. Felt\u00e9telezem, a nekem h\u00e1ttal t\u00e9rdel\u0151 is \u00e9rtett a pillant\u00e1saikb\u00f3l, de \u0151 sem fordult meg, tov\u00e1bb folytatta, amit elkezdett. Behatolt a l\u00e1nyba \u00e9s lassan mozogni kezdett. \u00dajra a l\u00e1nyra n\u00e9ztem, de \u0150 z\u00e1rva tartotta szemeit, ajkai lassan sz\u00e9tny\u00edltak, szem\u00f6ld\u00f6ke picit \u00f6sszer\u00e1ndult a behatol\u00e1s pillanat\u00e1ban, de nem tiltakozott, egyetlen jajsz\u00f3 vagy m\u00e1s jelz\u00e9s nem \u00e1rulta el, hogy kedve ellen lenne a dolog. Hihetetlen volt az eg\u00e9sz jelenet. A haj\u00f3 lassan haladt felfel\u00e9 a foly\u00f3n, a motor tompa zakatol\u00e1sa elnyomta az \u0151serd\u0151 zajait. Csak a hull\u00e1mz\u00e1st lehetett hallani. A t\u00e1volban, a f\u00e1k f\u00f6l\u00f6tt m\u00e9g l\u00e1tszott a nap fels\u0151 harmada. A parton kajm\u00e1nok k\u00e9sz\u00fcltek a vad\u00e1szatra.&nbsp;<\/p>\n\n\n\n<p>Mikor az els\u0151 f\u00e9rfi befejezte \u2013 az eg\u00e9sz csak p\u00e1r percig tartott \u2013, helyet cser\u00e9ltek, \u00e9s ugyanolyan poz\u00edci\u00f3t foglalt el, mint az addig t\u00e9rdepl\u0151 t\u00e1rsa. Nem \u00e9rtettem, mi\u00e9rt van sz\u00fcks\u00e9g arra, hogy lefogj\u00e1k a n\u0151t, ha az, am\u00fagy sem tan\u00fas\u00edt ellen\u00e1ll\u00e1st. Majd a harmadik k\u00f6vetkezett. Nyugodtan, r\u00e1\u00e9r\u0151sen l\u00e1tott hozz\u00e1, k\u00f6zben egy pillanatra l\u00e1tni lehetett a n\u0151 sz\u00e9tt\u00e1rt combjait, lucskos, csupasz szem\u00e9rm\u00e9t.<\/p>\n\n\n\n<p>Fejemben tov\u00e1bbra is kavarogtak a gondolatok. \u00dagy \u00e1lltam ott, mint akit nem k\u00fcl\u00f6n\u00f6sebben \u00e9rdekel a dolog, igyekeztem nem felt\u0171n\u0151 lenni \u2013 m\u00e1r amennyire egy ilyen helyzetben lehet nem felt\u0171n\u0151nek lenni \u2013, \u00e9s k\u00e9ptelen voltam felfogni, mit jelenthet r\u00e9szes\u00e9nek lenni egy ilyen jelenetnek? Jogom van-e beavatkozni ezeknek az \u00e9let\u00e9be? Szerettem volna elmagyar\u00e1zni a n\u0151nek, hogy erk\u00f6lcstelen felel\u0151tlens\u00e9g, amit tesz, \u00e9s joga van nem engedni a f\u00e9rfiaknak, de nem tudtam, igazam van-e, meg\u00e9rten\u00e9 \u00e9s elfogadn\u00e1-e a v\u00e9lem\u00e9nyemet? Nagy kedvem volt seggbe r\u00fagni az indi\u00e1nokat, \u00e9s bedob\u00e1lni a v\u00edzbe, de val\u00f3sz\u00edn\u0171leg nekem estek volna, \u00e9s \u00e9n ker\u00fcltem volna a foly\u00f3ba.<\/p>\n\n\n\n<p>Ugyan mit\u0151l ilyen boldog \u00e9s el\u00e9gedett ez a n\u0151?&nbsp;<\/p>\n\n\n\n<p>Biztons\u00e1gban \u00e9rzi mag\u00e1t? Val\u00f3sz\u00edn\u0171leg err\u0151l van sz\u00f3! H\u00e1rom f\u00e9rfi is vigy\u00e1z r\u00e1, meg van r\u00f3la gy\u0151z\u0151dve, hogy semmi baja sem t\u00f6rt\u00e9nhet. A kef\u00e9l\u00e9s a biztons\u00e1g \u00e1ra! Boldog, hiszen rejtett n\u0151i \u00e1lma val\u00f3sul meg. A n\u0151k nagy t\u00f6bbs\u00e9ge \u00e1lmodozik ilyen jelenetr\u0151l.&nbsp; H\u00e1rman is meger\u0151szakolj\u00e1k. J\u00f3lesik neki. S egyszerre a biztons\u00e1g\u00e9rzet\u00e9t is kiel\u00e9g\u00edti. Pedig mennyire t\u00e9ved\u2026<\/p>\n\n\n\n<p>Magam sem tudom mi k\u00e9sztetett r\u00e1, de sz\u00f3 n\u00e9lk\u00fcl el\u0151vettem a revolveremet, \u00e9s fejbe l\u0151ttem mind a h\u00e1rom f\u00e9rfit. El\u0151bb a n\u0151 karjait lefog\u00f3, k\u00e9t oldals\u00f3t, majd a hirtelen r\u00e9m\u00fclten fel\u00e9m fordul\u00f3 harmadikat.&nbsp;<\/p>\n\n\n\n<p>\u00c9s a n\u0151 csod\u00e1lkoz\u00f3 szem\u00e9ben a f\u00e9lelem irt\u00f3zatos kifejez\u00e9se mellett mintha az izgatott k\u00edv\u00e1ncsis\u00e1g szikr\u00e1j\u00e1t l\u00e1ttam volna fellobbanni\u2026<\/p>\n\n\n\n<p>R\u00e1n\u00e9ztem, \u00e9s nem sz\u00f3ltam egy sz\u00f3t sem.&nbsp; Tudtam, hogy igazat mond. A nap lassan feloszlatta a v\u00e1ros feletti p\u00e1r\u00e1t, \u00e9s a nagyv\u00e1ros zajai er\u0151s\u00f6dni kezdtek. Valami tompa morajl\u00e1s hallatszott csak, amibe itt-ott beleharsogott egy-egy er\u0151teljes, \u00e9les hang. Tal\u00e1n a kik\u00f6t\u0151ben horgonyz\u00f3 haj\u00f3k k\u00fcrtjelei. Hirtelen megborzongtam, pedig nem volt hideg. A sz\u00e9d\u00fcl\u00e9s is al\u00e1bbhagyott, \u00e9s a fejem is tiszt\u00e1bb lett. Sz\u00fcks\u00e9gem volt egy kortyra. Felemeltem a poharamat, \u00e9s miut\u00e1n ittam bel\u0151le, megpr\u00f3b\u00e1ltam megkeresni azt a helyet, ahov\u00e1 \u0151 n\u00e9zett. Most m\u00e1r \u00e9n is l\u00e1ttam. Egy nagy mad\u00e1r keringett m\u00e9lt\u00f3s\u00e1gteljesen, nem messze t\u0151l\u00fcnk, m\u00e9gis el\u00e9rhetetlen magass\u00e1gban. Valami megfogalmaz\u00f3dni k\u00e9sz\u00fclt bennem, de csak halv\u00e1ny gondolathalmazok gomolyogtak komolyabb tartalom n\u00e9lk\u00fcl.&nbsp;<\/p>\n\n\n\n<p>Az \u00f6regember v\u00e1rt egy kicsit, majd folytatta.&nbsp;<\/p>\n\n\n\n<p>\u2013 A l\u00e1nyt magamhoz vettem. A t\u00e1rsam lett. Eg\u00e9sz \u00e9letemben szerettem volna, ha meg\u00e9rti mi\u00e9rt tettem,\u2026ha egy\u00e1ltal\u00e1n meg\u00e9rtett volna! \u2013 mondta csal\u00f3dottan. \u2013 De sohasem volt hajland\u00f3 besz\u00e9lni <em>arr\u00f3l. <\/em>Mint aki val\u00f3ban egy m\u00e1sik vil\u00e1gban \u00e9l, amelyben m\u00e1s t\u00f6rv\u00e9nyek \u00e9rv\u00e9nyesek, s amelyeket \u00e9ppen \u00e9n nem \u00e9rtek meg! Hiba volt elv\u00e1rni, hogy \u0151 \u00e9rtsen meg engem, mik\u00f6zben \u00e9n magam \u00e9ppoly tehetetlen\u00fcl \u00e1lltam az \u0151 \u00e9rtetlens\u00e9g\u00e9vel szemben. Mindezt csak k\u00e9s\u0151n \u00e9rtettem meg. \u00dagy \u00e9lt\u00fcnk egy\u00fctt, hogy k\u00e9ptelen voltam meg\u00e9rteni \u0151t \u0151 pedig engemet. M\u00e9gis kitartottunk egym\u00e1s mellett. V\u00e9gig. \u2013 Lassan a h\u00e1z m\u00f6g\u00f6tti f\u00fcves ter\u00fclet fel\u00e9 intett a fej\u00e9vel, ahol egy kis hant emelkedett, egyszer\u0171 fakereszttel. \u2013 Ott van eltemetve. \u0150t szerettem\u2026\u00e9s szerettem meglesni szeretkez\u00e9s k\u00f6zben az arc\u00e1t. Ezt a mosolyt akartam megszerezni, \u00e9s \u0151, ha m\u00e1st nem is, de ezt ny\u00fajtani tudta\u2026Valah\u00e1nyszor szeretkezt\u00fcnk, ugyanaz az \u00e1tszellem\u00fclt, odaad\u00f3 mosoly jelent meg rajta, mint amikor el\u0151sz\u00f6r l\u00e1ttam\u2026<\/p>\n\n\n\n<p>Eddig tartott az a bizonyos \u00e1lom, s b\u00e1r eleinte fogalmam sem volt, mit jelenthet, lassan-lassan meg\u00e9rtettem, hogy ez az \u00e1lom hasonl\u00f3 az \u00e1lombeli mad\u00e1rhoz, amelyet a t\u00e1rsam figyelt a t\u00e1voli messzes\u00e9gben. \u00c1lland\u00f3an itt kering az \u00e9jszak\u00e1ban, s n\u00e9ha-n\u00e9ha lesz\u00e1ll egyik\u00fcnkh\u00f6z-m\u00e1sikunkhoz, s jelenetr\u0151l-jelenetre s sz\u00f3r\u00f3l-sz\u00f3ra megism\u00e9tli \u00f6nmag\u00e1t. Minden el\u0151zm\u00e9ny s minden k\u00f6vetkezm\u00e9ny n\u00e9lk\u00fcl. Nem az \u00f6regember lelke vagy szem\u00e9lyis\u00e9ge v\u00e1ndorol, mint valami finom esszencia, hanem az \u00e9let v\u00e1laszt\u00e1si lehet\u0151s\u00e9gei, gondolataink energiat\u00f6lt\u00e9se gy\u0171r\u0171zik tov\u00e1bb benn\u00fcnk, mint a v\u00edzbe dobott k\u0151 \u00e1ltal keltett hull\u00e1mok\u2026<\/p>\n\n\n\n<p><\/p>\n\n\n\n<p><em>Hogya Gy\u00f6rgy<\/em><\/p>\n","protected":false},"excerpt":{"rendered":"<p>Vas\u00e1rnap reggeli hangulatban \u00fcld\u00f6g\u00e9lt\u00fcnk a konyh\u00e1ban, ahol m\u00e9g \u00e9rezni lehetett a kaka\u00f3 illat\u00e1t, l\u00e1nyaim pedig pizsam\u00e1ban \u00e9lvezt\u00e9k a sz\u00fcnid\u0151 boldog\u00edt\u00f3 \u00e9rz\u00e9s\u00e9t. \u00c1lmaikat mes\u00e9lt\u00e9k. A red\u0151ny\u00f6n kereszt\u00fcl s\u00e1rg\u00e1s cs\u00edkok lopakodtak a sz\u0151nyegre, s \u00e9n arr\u00f3l pr\u00f3b\u00e1ltam \u0151ket meggy\u0151zni, hogy \u00e1lmaik mennyire &hellip; <a href=\"https:\/\/opus-folyoirat.sk\/?page_id=4396\">Egy kattint\u00e1s ide a folytat\u00e1shoz&#8230;. <span class=\"meta-nav\">&rarr;<\/span><\/a><\/p>\n","protected":false},"author":4,"featured_media":0,"parent":0,"menu_order":0,"comment_status":"closed","ping_status":"closed","template":"","meta":{"footnotes":""},"class_list":["post-4396","page","type-page","status-publish","hentry"],"_links":{"self":[{"href":"https:\/\/opus-folyoirat.sk\/index.php?rest_route=\/wp\/v2\/pages\/4396","targetHints":{"allow":["GET"]}}],"collection":[{"href":"https:\/\/opus-folyoirat.sk\/index.php?rest_route=\/wp\/v2\/pages"}],"about":[{"href":"https:\/\/opus-folyoirat.sk\/index.php?rest_route=\/wp\/v2\/types\/page"}],"author":[{"embeddable":true,"href":"https:\/\/opus-folyoirat.sk\/index.php?rest_route=\/wp\/v2\/users\/4"}],"replies":[{"embeddable":true,"href":"https:\/\/opus-folyoirat.sk\/index.php?rest_route=%2Fwp%2Fv2%2Fcomments&post=4396"}],"version-history":[{"count":1,"href":"https:\/\/opus-folyoirat.sk\/index.php?rest_route=\/wp\/v2\/pages\/4396\/revisions"}],"predecessor-version":[{"id":4397,"href":"https:\/\/opus-folyoirat.sk\/index.php?rest_route=\/wp\/v2\/pages\/4396\/revisions\/4397"}],"wp:attachment":[{"href":"https:\/\/opus-folyoirat.sk\/index.php?rest_route=%2Fwp%2Fv2%2Fmedia&parent=4396"}],"curies":[{"name":"wp","href":"https:\/\/api.w.org\/{rel}","templated":true}]}}