{"id":4443,"date":"2025-11-04T17:45:00","date_gmt":"2025-11-04T15:45:00","guid":{"rendered":"https:\/\/opus-folyoirat.sk\/?page_id=4443"},"modified":"2026-01-28T17:47:53","modified_gmt":"2026-01-28T15:47:53","slug":"szeder-reka-3","status":"publish","type":"page","link":"https:\/\/opus-folyoirat.sk\/?page_id=4443","title":{"rendered":"Szeder R\u00e9ka"},"content":{"rendered":"<div class=\"wp-block-post-date\"><time datetime=\"2025-11-04T17:45:00+02:00\">2025-11-04<\/time><\/div>\n\n\n<p><\/p>\n\n\n\n<p><strong>A tehets\u00e9gr<\/strong><strong>\u0151<\/strong><strong>l<\/strong><\/p>\n\n\n\n<p>Sok dologban elengedhetetlen egy bizonyos ism\u00e9tl\u00e9ssz\u00e1m, ak\u00e1r t\u00f6bb sz\u00e1z, ezer, hogy elsaj\u00e1t\u00edtsuk, k\u00e9pesek legy\u00fcnk egy mozdulatsor v\u00e9grehajt\u00e1s\u00e1ra. Majd valami csod\u00e1latos m\u00f3don, a neuronh\u00e1l\u00f3zatok \u00fagy m\u0171k\u00f6djenek, hogy a palett\u00e1nkb\u00f3l, legyen mondjuk az mind\u00f6ssze nyolcf\u00e9le technika, \u00e9s hatf\u00e9le ir\u00e1ny, az agyunk a pillanat t\u00f6rt r\u00e9sze alatt megv\u00e1lassza, \u00e9s tudattalanul kivitelezze a megfelel\u0151 kombin\u00e1ci\u00f3t, sikeres eredm\u00e9nnyel \u00f6tv\u00f6zve, term\u00e9szetesen.<\/p>\n\n\n\n<p>Milyen gy\u00f6ny\u00f6r\u0171s\u00e9ges is tud lenni, ez a flow, a pillanat, a tudat, a tanul\u00e1s \u00e9s a neuro-muscularis h\u00e1l\u00f3zat elegy\u00e9nek effajta \u00f6sszhangja. Pont, mint a tehets\u00e9g. A k\u00fcl\u00f6nbs\u00e9g csup\u00e1n az igazs\u00e1gtalans\u00e1g, ha \u00fagy vessz\u00fck. Mivel rengeteg ism\u00e9tl\u00e9s- sz\u00e1mot ki lehet ker\u00fclni, meg lehet \u00faszni, mind\u00f6ssze egy \u201eszerencs\u00e9s v\u00e9letlennek\u201d k\u00f6sz\u00f6nhet\u0151en. Gy\u00f6ny\u00f6r\u0171 \u00e9s undor\u00edt\u00f3 is ez egyben, f\u0151leg, ha olyan dologban l\u00e1tjuk ezt megtestes\u00fclni, ami nek\u00fcnk is sz\u00e1m\u00edtott volna, m\u00e9gsem sz\u00e1munkra adatott meg. Az eg\u00e9szet pedig meg tudja fejelni a t\u00e9ny, ha ezt egy sz\u00e1munkra el\u00e9gg\u00e9 kellemetlen szem\u00e9lyn\u00e9l figyelhetj\u00fck meg, hogy finoman fogalmazzak.<\/p>\n\n\n\n<p>Vajon le tudjuk-e vetk\u0151zni ezt az undorunkat, amit az irigys\u00e9g\u00fcnk t\u00e1pl\u00e1l? \u00c9s ha igen, akkor le tudjuk-e egy\u00e1ltal\u00e1n \u00fagy istenigaz\u00e1b\u00f3l vetk\u0151zni ezt, vagy mindig ott marad, ahogyan egy komolyabb t\u00f6r\u00e9s forrad\u00e1sai a csontokon, ami hal\u00e1l ut\u00e1n is l\u00e1that\u00f3 marad. \u00c9s ha \u00f6nmagunknak hazudunk ezzel kapcsolatban, tudjuk-e addig sz\u00ednlelni, am\u00edg igazz\u00e1 nem v\u00e1lik. Hallottuk m\u00e1r, fake it \u2018till make it. De nem csak a gondolatainkban, hanem t\u00e9nylegesen, az elm\u00e9nkben \u00farr\u00e1 lehet\u00fcnk-e ezen.<\/p>\n\n\n\n<p>M\u00e9gis, ha arr\u00f3l van sz\u00f3, k\u00e9pesek vagyunk-e felismerni mag\u00e1t a tehets\u00e9get \u00f6n- magunkban, \u00e9let\u00fcnk valamely aspektus\u00e1ban. \u00c9s ha egy\u00e1ltal\u00e1n siker\u00fcl ezt realiz\u00e1lnunk, meg tudjuk-e \u00e9lni \u2013 j\u00f3l.<\/p>\n\n\n\n<p>Az biztos, a felismer\u00e9s kezel\u00e9s\u00e9hez kell egy alapvet\u0151 intelligencia, de mint l\u00e1thatjuk, ez sokunkb\u00f3l sajnos hi\u00e1nyzik. Mert amikort\u00f3l ezt nem helyesen kezeli az ember, k\u00f6nnyed\u00e9n \u00e1t tud csapni k\u00f6nnyelm\u0171s\u00e9gbe, beleszar\u00e1sba, meg persze a szeretett nagyk\u00e9p\u0171s\u00e9gbe, ahonnan a preszt\u00edzs hanyatlik, mint a forint \u00e9rt\u00e9ke napjainkban.<\/p>\n\n\n\n<p>Teh\u00e1t, sok esetben ki lehet mondani, am\u00edg nem vagyunk el saj\u00e1t magunkkal, am\u00edg nem vagyunk Dumbledore-ok a Mirror of Erised (visszafele: deseire, v\u00e1gy) el\u0151tt \u2013 \u201emert azt mutatja, amit az emberi sz\u00edv a legjobban k\u00edv\u00e1n\u201d, \u00e9s l\u00e1tjuk magunkat teljes val\u00f3nkban, csak \u00fagy, ahogy\u2019 \u00e9ppen, vagy egy p\u00e1r meleg zoknival kez\u00fcnkben. Am\u00edg ez nem t\u00f6rt\u00e9nik meg, addig gondolhat\u00f3, rengeteg gy\u0171l\u00f6letet fog m\u00e9g sz\u00fclni ez a megannyi entit\u00e1s. Hiszen amilyen gy\u00f6ny\u00f6r\u0171 maga a te- hets\u00e9g, egyben olyannyira undor\u00edt\u00f3 is tud lenni. Mint a hatalom. Ha nem a mi kez\u00fcnkben van, akkor sokszor m\u00e1r nem is annyira tetszet\u0151s a dolog. Amikor nem vagyunk k\u00e9pesek saj\u00e1t magunkon fel\u00fclemelkedni, minden t\u00e9ren, addig hossz\u00fa m\u00e9g az \u00fat, \u00e9s nem biztos, hogy ez baj. A m\u0171v\u00e9szetben is sok mindent teremtett m\u00e1r a gy\u0171l\u00f6let, ami hasznosnak bizonyult a k\u00e9s\u0151bbiek folyam\u00e1n. A m\u0171v\u00e9sz lelki eg\u00e9szs\u00e9ge ez esetekben m\u00e1r megk\u00e9rd\u0151jelezhet\u0151.<\/p>\n","protected":false},"excerpt":{"rendered":"<p>A tehets\u00e9gr\u0151l Sok dologban elengedhetetlen egy bizonyos ism\u00e9tl\u00e9ssz\u00e1m, ak\u00e1r t\u00f6bb sz\u00e1z, ezer, hogy elsaj\u00e1t\u00edtsuk, k\u00e9pesek legy\u00fcnk egy mozdulatsor v\u00e9grehajt\u00e1s\u00e1ra. Majd valami csod\u00e1latos m\u00f3don, a neuronh\u00e1l\u00f3zatok \u00fagy m\u0171k\u00f6djenek, hogy a palett\u00e1nkb\u00f3l, legyen mondjuk az mind\u00f6ssze nyolcf\u00e9le technika, \u00e9s hatf\u00e9le ir\u00e1ny, az &hellip; <a href=\"https:\/\/opus-folyoirat.sk\/?page_id=4443\">Egy kattint\u00e1s ide a folytat\u00e1shoz&#8230;. <span class=\"meta-nav\">&rarr;<\/span><\/a><\/p>\n","protected":false},"author":4,"featured_media":0,"parent":0,"menu_order":0,"comment_status":"closed","ping_status":"closed","template":"","meta":{"footnotes":""},"class_list":["post-4443","page","type-page","status-publish","hentry"],"_links":{"self":[{"href":"https:\/\/opus-folyoirat.sk\/index.php?rest_route=\/wp\/v2\/pages\/4443","targetHints":{"allow":["GET"]}}],"collection":[{"href":"https:\/\/opus-folyoirat.sk\/index.php?rest_route=\/wp\/v2\/pages"}],"about":[{"href":"https:\/\/opus-folyoirat.sk\/index.php?rest_route=\/wp\/v2\/types\/page"}],"author":[{"embeddable":true,"href":"https:\/\/opus-folyoirat.sk\/index.php?rest_route=\/wp\/v2\/users\/4"}],"replies":[{"embeddable":true,"href":"https:\/\/opus-folyoirat.sk\/index.php?rest_route=%2Fwp%2Fv2%2Fcomments&post=4443"}],"version-history":[{"count":1,"href":"https:\/\/opus-folyoirat.sk\/index.php?rest_route=\/wp\/v2\/pages\/4443\/revisions"}],"predecessor-version":[{"id":4444,"href":"https:\/\/opus-folyoirat.sk\/index.php?rest_route=\/wp\/v2\/pages\/4443\/revisions\/4444"}],"wp:attachment":[{"href":"https:\/\/opus-folyoirat.sk\/index.php?rest_route=%2Fwp%2Fv2%2Fmedia&parent=4443"}],"curies":[{"name":"wp","href":"https:\/\/api.w.org\/{rel}","templated":true}]}}