{"id":4457,"date":"2025-12-02T19:02:00","date_gmt":"2025-12-02T17:02:00","guid":{"rendered":"https:\/\/opus-folyoirat.sk\/?page_id=4457"},"modified":"2026-01-28T19:04:02","modified_gmt":"2026-01-28T17:04:02","slug":"sultalmaillat-es-homeosztazis","status":"publish","type":"page","link":"https:\/\/opus-folyoirat.sk\/?page_id=4457","title":{"rendered":"S\u00fcltalmaillat \u00e9s homeoszt\u00e1zis"},"content":{"rendered":"<div class=\"wp-block-post-date\"><time datetime=\"2025-12-02T19:02:00+02:00\">2025-12-02<\/time><\/div>\n\n\n<p><br>I.<\/p>\n\n\n\n<p>Az ablakn\u00e1l \u00e1llt, \u00e9s nagyanyja biztons\u00e1got jelent\u0151 szob\u00e1j\u00e1ra gondolt, amelyben a repedt platt\u00fa p\u00e9terk\u00e1lyha ontotta a meleget, mik\u00f6zben v\u00f6r\u00f6s, puffadt alm\u00e1k \u00e1rasztott\u00e1k el kellemes illatukkal a h\u00e1zat. F\u00e9lretolta a porszag\u00fa, kem\u00e9ny\u00edtett csipkef\u00fcgg\u00f6nyt, \u00e9s v\u00e1ll\u00e1val a sz\u00e1llodai szoba fal\u00e1nak t\u00e1maszkodva a nyitott ablakon kereszt\u00fcl a felszakadoz\u00f3 felh\u0151kb\u0151l szemerk\u00e9l\u0151 es\u0151cseppeket figyelte.<br><br>V\u00e1rt.<br><br>A pillanatra sz\u00e9tt\u00e1rulkoz\u00f3 naps\u00fct\u00e9sben k\u00e9t sz\u00far\u00f3s sz\u00e1rny\u00fa fecske r\u00f6ppent \u00e1t a t\u00e9ren, s az es\u0151v\u00edzt\u0151l csillog\u00f3 t\u00e9r kockak\u00f6vein, mint gondolat a szavakat, egyetlen \u00e1rny\u00e9k k\u00eds\u00e9rte \u0151ket.<\/p>\n\n\n\n<p>Majd a f\u00e9rfit l\u00e1tta elsuhanni, aki hosszabb \u00fatra Amerik\u00e1ba k\u00e9sz\u00fclt. Boldognak \u00e9s el\u00e9gedettnek l\u00e1tszott a narancss\u00e1rga aut\u00f3 sz\u00e9lv\u00e9d\u0151je m\u00f6g\u00f6tt, s\u0151t, mintha gy\u0151ztes mosollyal tekintett volna a buszmeg\u00e1ll\u00f3n\u00e1l v\u00e1rakoz\u00f3 emberekre. Ezt vil\u00e1gosan \u00e9rezte, annak ellen\u00e9re, hogy mindez \u00f6sszekeveredett a mereven az utat figyel\u0151 hallgatag sof\u0151r sz\u00e1rnyaszegett \u00e9rz\u00e9s\u00e9vel&#8230;<\/p>\n\n\n\n<p>Vissza\u00fclt az asztalhoz, \u00e9s keskeny, hossz\u00fa csipesz\u00e9rt ny\u00falt. Arc\u00e1n megmerevedett a mosoly, mik\u00f6zben v\u00e9kony r\u00e9tegben k\u00f6t\u0151anyagot vitt fel a modell egyik darabj\u00e1ra. Orrcimp\u00e1i kit\u00e1gultak, \u00e9s fesz\u00fclten hajolt el\u0151re, mintha ugrani k\u00e9sz\u00fclne. Az egyik polc f\u00e9lhom\u00e1ly\u00e1ban l\u00f3g\u00f3 has\u00fa, elef\u00e1ntfej\u0171 szobrocska mosolygott huncutul.<\/p>\n\n\n\n<p>Sri Gan\u00e9s\u00e1ja n\u00e1mah.<\/p>\n\n\n\n<p>K\u00e9s\u0151bb a fotelba \u00fclt, \u00e9s hossz\u00fa, v\u00e9kony ujjaival \u00e1tkulcsolta a vermutos poharat. Az \u00f6sszefon\u00f3dott m\u00e9lys\u00e9g \u00e9s szabads\u00e1g feloldotta bels\u0151 felindul\u00e1s\u00e1t. A serpeny\u0151k \u00fcresen \u00e1lltak&#8230;<\/p>\n\n\n\n<p>Elengedte test\u00e9t, maga el\u00e9 n\u00e9zett, s mik\u00f6zben sz\u00e9tengedte l\u00e1thatatlan cs\u00e1pjait, egyre hatalmasabbnak, emelkedettebbnek \u00e9rezte mag\u00e1t. Szeme kid\u00fclledt, egyre merevebb lett, m\u00edg r\u00e1 nem tal\u00e1lt arra a sz\u00e1lra, amely legink\u00e1bb izgatta az agy\u00e1t. Arra a sz\u00e1lra, amely egy meleg, j\u00f3l f\u0171t\u00f6tt szoba szerelmes p\u00e1rj\u00e1hoz vezette. El\u0151sz\u00f6r egy nagy szemh\u00e9j\u00fa, sz\u00e9pen \u00edvel\u0151 szem\u00f6ld\u00f6k\u0171 n\u0151t \u00e9rzett, majd kimondhatatlan f\u00e1jdalmat \u00e9s vaks\u00e1got. V\u00e9g\u00fcl s\u00f6t\u00e9ts\u00e9g vette k\u00f6r\u00fcl. Hatalmas \u00e9s v\u00e9gtelen s\u00f6t\u00e9ts\u00e9g&#8230;<\/p>\n\n\n\n<p>Felszabadult d\u00e9lut\u00e1njait az \u00e9rz\u00e9sek k\u00f6t\u00f6tt\u00e9k le. Ilyenkor \u201em\u00e1snak\u201d \u00e9rezte mag\u00e1t, pedig saj\u00e1t sors\u00e1nak lehet\u0151s\u00e9geit \u00e9lte tov\u00e1bb&#8230;<\/p>\n\n\n\n<p>II.<\/p>\n\n\n\n<p>Kedvelte a hallgatag embereket, annak ellen\u00e9re, hogy mindeddig csal\u00f3dott benn\u00fck. M\u00e9gis tisztelte mag\u00e1nyukat, amely a r\u00e1n\u0151tt k\u00f6t\u00f6tts\u00e9gek al\u00f3l is k\u00fcl\u00f6n\u00f6s hangulatot \u00e1rasztott.<\/p>\n\n\n\n<p>A vereked\u00e9st a cig\u00e1nyokkal m\u00e9gsem tudta elker\u00fclni. Tal\u00e1n, mert t\u00f6bbet ivott a kellet\u00e9n\u00e9l. Jobb \u00f6kl\u00e9vel pontosan a fiatalabbik tork\u00e1ra \u00fct\u00f6tt, \u00e9s l\u00e1tta, mint rep\u00fcl ki az \u00fattestre, \u00e1m a k\u00f6vetkez\u0151 pillanatban m\u00e1r v\u00e9rpatak \u00f6nt\u00f6tte el a szem\u00e9t, \u00e9s a f\u00e1jdalomt\u00f3l nem vette \u00e9szre, hogy csak f\u00e9l szemmel l\u00e1t. A m\u00e1sik \u00fct\u00f6tt vissza. K\u00e9s\u0151bb, mikor \u00e1jults\u00e1g\u00e1b\u00f3l felpofozta egy j\u00e1r\u00f3kel\u0151, eg\u00e9sz teste sajgott a r\u00fag\u00e1sokt\u00f3l. A k\u00e9rd\u00e9sekre nem v\u00e1laszolt, csendesen ment haza.<\/p>\n\n\n\n<p>A l\u00e1ny nem sokkal azut\u00e1n h\u00edvta fel, hogy meg\u00e9rkezett. Azonnal tal\u00e1lkoznunk kell, k\u00f6z\u00f6lte. S\u00f6t\u00e9t szem\u00fcveget vett fel, \u00e9s keskeny utc\u00e1kon ment a tal\u00e1lkoz\u00f3ra. A d\u00e9lut\u00e1ni sz\u00fcrk\u00fclet sz\u00e9tolvasztotta a szik\u00e1r \u00e1rny\u00e9kokat, \u00e9s a domb m\u00f6g\u00f6tti v\u00e1ros sejtelmess\u00e9 v\u00e1lt.<\/p>\n\n\n\n<p>Szinte ugyanabban a pillanatban \u00e9rkeztek a temet\u0151h\u00f6z; a l\u00e1ny \u00e1tadta neki teli b\u0151r\u00f6ndj\u00e9t. \u2014 Elj\u00f6ttem otthonr\u00f3l \u2014 mondta, majd a sebre pillantva felki\u00e1ltott: \u2014 J\u00e9zus M\u00e1ri\u00e1m!<\/p>\n\n\n\n<p>Akkor mentek a nagyanyja \u00fcresen \u00e1ll\u00f3 h\u00e1z\u00e1ba. Minden \u00e9rintetlen volt, a szoba enyhe testszagot \u00e1rasztott, s az \u00e1gyon szeretkez\u00e9s\u00fck nyomai. T\u00fczet rakott, majd meztelenre vetk\u0151ztek, \u00e9s a rosszul z\u00e1r\u00f3d\u00f3 k\u00e1lyhaajt\u00f3n kereszt\u00fcl a vadul t\u00e1ncol\u00f3 l\u00e1ngokat n\u00e9zt\u00e9k&#8230; A l\u00e1ny megcs\u00f3kolta a szem\u00e9t, majd lejjebb cs\u00faszott, has\u00e1ra fektette a fej\u00e9t, \u00e9s simogatni kezdte a test\u00e9t. \u0150 egy pillanatra lehunyta a szem\u00e9t, s egy hatalmas k\u00e9k, figyel\u0151 szemet l\u00e1tott maga el\u0151tt. Megborzongott, mert b\u00e1r tudta, hogy egyed\u00fcl vannak, valami vagy ink\u00e1bb valaki \u201em\u00e1st\u201d is \u00e9rzett. K\u00f6zben a l\u00e1nyb\u00f3l apr\u00f3 tapad\u00f3 szavak j\u00f6ttek el\u0151 a jellemr\u0151l \u00e9s a szem\u00e9lyis\u00e9gr\u0151l, mindaddig, m\u00edg a fi\u00fa el nem \u00e1lmosodott. Akkor elhallgatott, \u00e9s \u00e9bren hallgatta a fi\u00fa szuszog\u00e1s\u00e1t. Betegs\u00e9ge miatt csak nagy ritk\u00e1n, hajnalonk\u00e9nt hunyta le a szem\u00e9t, egy-k\u00e9t \u00f3r\u00e1ra. Reggel, miut\u00e1n gyeng\u00e9den simogatva \u00e9bresztette, tov\u00e1bbra is \u00e1gyban maradtak. Olvastak \u00e9s k\u00e1rty\u00e1ztak.<\/p>\n\n\n\n<p>Csak este ugrott ki bev\u00e1s\u00e1rolni. A l\u00e1ny kitakarva hasalt az \u00e1gyon, k\u00f6ny\u00f6kl\u0151 karjai k\u00f6z\u00f6tt kil\u00e1tszottak form\u00e1s mellei&#8230;<\/p>\n\n\n\n<p>Ez volt az utols\u00f3 k\u00e9p.<\/p>\n\n\n\n<p>Mire visszat\u00e9rt, az \u00fcres lak\u00e1sban csak a siet\u0151sen, gyerekes bet\u0171kkel r\u00f3tt \u00fczenetet tal\u00e1lta: \u201eDr\u00e1g\u00e1m, be kellett mennem a k\u00f3rh\u00e1zba, cs\u00f3kollak!\u201d<\/p>\n\n\n\n<p>Amikor a kl\u00f3rszag\u00fa k\u00f3rh\u00e1z folyos\u00f3j\u00e1n \u00e9rdekl\u0151d\u00f6tt, az alacsony, form\u00e1s kis n\u0151v\u00e9r csak annyit mondott: \u2014 \u00d3, h\u00e1t az elvet\u00e9lt, ahogy behozt\u00e1k. \u2014 \u00c9s elment. Meg tudta volna fojtani.<\/p>\n\n\n\n<p>Visszament a szob\u00e1ba, \u00e9s gyerty\u00e1t gy\u00fajtott.<\/p>\n\n\n\n<p>Agy\u00e1t egyre szorosabban fogta egy ismeretlen \u00e9s l\u00e1thatatlan marok, amit\u0151l egyre v\u00e9dtelenebbnek \u00e9s kiszolg\u00e1ltatottabbnak \u00e9rezte mag\u00e1t. Megpr\u00f3b\u00e1lt hadakozni ellene, fesz\u00fclten hajolt el\u0151re, \u00e9s a gyertya s\u00e1rga l\u00e1ngj\u00e1ba b\u00e1mult, mintha ott lenne a megold\u00e1s, \u00e1m \u201etudta\u201d, hogy az \u00e9rz\u00e9s el\u0151bb-ut\u00f3bb elhatalmasodik rajta&#8230;<\/p>\n\n\n\n<p>\u00c9jf\u00e9l ut\u00e1n indult el. Nehezen cipelte a benzintart\u00e1lyt, megizzadt, mire c\u00e9lhoz \u00e9rt. A h\u00e1z k\u00f6r\u00fcl \u00f3vatosan mozgott, s miel\u0151tt sz\u00e9t\u00f6nt\u00f6tte volna a folyad\u00e9kot, egy pillanatra szoborr\u00e1 dermedt, \u00fagy hallgat\u00f3zott. Mik\u00f6zben el\u0151rehajolva tartotta a tart\u00e1lyt, csak a d\u00e9lut\u00e1ni r\u00fag\u00e1sok nyomait \u00e9rezte, egy\u00e9bk\u00e9nt teljesen \u00e9rz\u00e9ktelen\u00fcl dolgozott. Mintha nem is ember\u00e9letet k\u00e9sz\u00fclt volna kioltani.<\/p>\n\n\n\n<p>\u00cdgy is csak a m\u00e1sodik gyufasz\u00e1l fogott l\u00e1ngot. Azonnal felkapta az \u00fcres kann\u00e1t, \u00e9s elfutott a Kisk\u00f6z\u00f6n.<\/p>\n\n\n\n<p>A hatalmas di\u00f3fa alatt \u00fclt le, \u00e9s onnan n\u00e9zte, mint \u00e9g le hatalmas lobog\u00e1ssal a cig\u00e1nyok h\u00e1za. Bel\u00fcl teljesen \u00fcresnek \u00e9rezte mag\u00e1t. Szinte kongott, mintha templomban lenne.<\/p>\n\n\n\n<p>III<\/p>\n\n\n\n<p>\u00dagy \u00e1llt a sz\u00e1llodai szoba ablak\u00e1n\u00e1l, mintha minden felett \u00e1llna. Kez\u00e9ben azt a k\u00f6nyvet tartotta, amelyet este \u2014 mik\u00f6zben a fi\u00fa felgy\u00fajtotta a cig\u00e1nyok h\u00e1z\u00e1t \u2014 egy hossz\u00fa t\u0151rrel \u00e1tsz\u00fart. M\u00e9g mindig hallotta a tompa hangot, amely a penge \u00e1thatol\u00e1s\u00e1t k\u00eds\u00e9rte, a m\u00e9g mindig ugyanabban az izgalmi \u00e1llapotban lebegett, amelyet ez a rendk\u00edv\u00fcli \u00e9rz\u00e9s okozott neki. Mert l\u00e1m, minden \u00fagy t\u00f6rt\u00e9nt, ahogyan \u00e9rezte! Minden pontosan ugyan\u00fagy t\u00f6rt\u00e9nt! Nem lehetett m\u00e1sk\u00e9nt. Most m\u00e1r csak a fi\u00fanak kell j\u00f6nnie. Meg kell jelennie a t\u00e9r t\u00faloldal\u00e1n! \u0150 \u00e9rzi. Tudja. Ujjaival izgatottan pergette a k\u00f6nyv lapjait, felfedve minden oldal penge okozta sz\u00e9gyen\u00e9t, s az apr\u00f3, sz\u00fart r\u00e9seken feh\u00e9ren gomolyg\u00f3 mag\u00e1nyt engedett sz\u00e9t a szob\u00e1ban. M\u00e1r csak egyetlen cs\u00e1pra koncentr\u00e1lt, melynek v\u00e9ge valahol a t\u00e9r t\u00faloldal\u00e1n k\u00f6zelg\u0151 fi\u00fahoz tapadt.<\/p>\n\n\n\n<p>hirtelen egy fecske jelent meg, \u00e9s ny\u00edlegyenesen az ablaka fel\u00e9 rep\u00fclt. Ki tudja, milyen okb\u00f3l kifoly\u00f3lag, ber\u00f6ppent a szob\u00e1ba, \u00e9s \u00e9ppen hogy csak nem \u00fctk\u00f6z\u00f6tt neki a szemben l\u00e9v\u0151 falnak. K\u00e9ts\u00e9gbeesetten csapkodott a leveg\u0151ben, leverve az asztalr\u00f3l a t\u00e1rgyakat, \u00e9s v\u00e9szesen megs\u00e9rtve az asztalon nehezen \u00f6sszehozott modellt! \u2014 A modell! \u2014 villant \u00e1t az agy\u00e1n, \u00e9s egy t\u00f6r\u00fclk\u00f6z\u0151vel csapott a piheg\u0151 \u00e1llat fel\u00e9.<\/p>\n\n\n\n<p>K\u00e9zbe fogta a k\u00e1bult madarat, \u00e9s akkor vette \u00e9szre, hogy a szeme hely\u00e9n apr\u00f3 v\u00e9rcseppek csillognak, mintha kisz\u00fart\u00e1k volna a szemeit. A mad\u00e1r, amely berep\u00fclt a szob\u00e1j\u00e1ba, vak volt! Egyetlen r\u00e1nt\u00e1ssal let\u00e9pte a fej\u00e9t, s miut\u00e1n kihaj\u00edtotta az ablakon, kezet mosott a mosd\u00f3n\u00e1l. K\u00f6zben egyetlen pillanatra sem vesztette szem el\u0151l a fi\u00fat. \u00c9rezte, mint k\u00f6zeledik, hallotta, mint k\u00e9r szob\u00e1t a port\u00e1n, l\u00e9ptei koppantak a folyos\u00f3n, azt\u00e1n kopogtattak&#8230;.<\/p>\n\n\n\n<p>Sietve nyitott ajt\u00f3t \u00e9s tan\u00e1cstalanul, elbizonytalanodva b\u00e1mult az \u00fcres folyos\u00f3ra&#8230;<\/p>\n\n\n\n<p class=\"has-text-align-right\"><br><em>Hogya Gy\u00f6rgy<\/em><\/p>\n","protected":false},"excerpt":{"rendered":"<p>I. Az ablakn\u00e1l \u00e1llt, \u00e9s nagyanyja biztons\u00e1got jelent\u0151 szob\u00e1j\u00e1ra gondolt, amelyben a repedt platt\u00fa p\u00e9terk\u00e1lyha ontotta a meleget, mik\u00f6zben v\u00f6r\u00f6s, puffadt alm\u00e1k \u00e1rasztott\u00e1k el kellemes illatukkal a h\u00e1zat. F\u00e9lretolta a porszag\u00fa, kem\u00e9ny\u00edtett csipkef\u00fcgg\u00f6nyt, \u00e9s v\u00e1ll\u00e1val a sz\u00e1llodai szoba fal\u00e1nak t\u00e1maszkodva &hellip; <a href=\"https:\/\/opus-folyoirat.sk\/?page_id=4457\">Egy kattint\u00e1s ide a folytat\u00e1shoz&#8230;. <span class=\"meta-nav\">&rarr;<\/span><\/a><\/p>\n","protected":false},"author":4,"featured_media":0,"parent":0,"menu_order":0,"comment_status":"closed","ping_status":"closed","template":"","meta":{"footnotes":""},"class_list":["post-4457","page","type-page","status-publish","hentry"],"_links":{"self":[{"href":"https:\/\/opus-folyoirat.sk\/index.php?rest_route=\/wp\/v2\/pages\/4457","targetHints":{"allow":["GET"]}}],"collection":[{"href":"https:\/\/opus-folyoirat.sk\/index.php?rest_route=\/wp\/v2\/pages"}],"about":[{"href":"https:\/\/opus-folyoirat.sk\/index.php?rest_route=\/wp\/v2\/types\/page"}],"author":[{"embeddable":true,"href":"https:\/\/opus-folyoirat.sk\/index.php?rest_route=\/wp\/v2\/users\/4"}],"replies":[{"embeddable":true,"href":"https:\/\/opus-folyoirat.sk\/index.php?rest_route=%2Fwp%2Fv2%2Fcomments&post=4457"}],"version-history":[{"count":1,"href":"https:\/\/opus-folyoirat.sk\/index.php?rest_route=\/wp\/v2\/pages\/4457\/revisions"}],"predecessor-version":[{"id":4458,"href":"https:\/\/opus-folyoirat.sk\/index.php?rest_route=\/wp\/v2\/pages\/4457\/revisions\/4458"}],"wp:attachment":[{"href":"https:\/\/opus-folyoirat.sk\/index.php?rest_route=%2Fwp%2Fv2%2Fmedia&parent=4457"}],"curies":[{"name":"wp","href":"https:\/\/api.w.org\/{rel}","templated":true}]}}