{"id":4507,"date":"2025-11-04T17:28:00","date_gmt":"2025-11-04T15:28:00","guid":{"rendered":"https:\/\/opus-folyoirat.sk\/?page_id=4507"},"modified":"2026-01-30T17:32:28","modified_gmt":"2026-01-30T15:32:28","slug":"kovacs-balazs-3","status":"publish","type":"page","link":"https:\/\/opus-folyoirat.sk\/?page_id=4507","title":{"rendered":"Kov\u00e1cs Bal\u00e1zs"},"content":{"rendered":"\n<p><strong>P\u00e9terfala hat\u00e1r\u00e1ban T\u0151zs\u00e9r \u00c1rp\u00e1ddal<\/strong><\/p>\n\n\n<div class=\"wp-block-post-date\"><time datetime=\"2025-11-04T17:28:00+02:00\">2025-11-04<\/time><\/div>\n\n\n<p><\/p>\n\n\n\n<p>\u201eMint egy keresztrejtv\u00e9ny, olyan a t\u00e1j. \/ Megfejt\u00e9sk\u00e9nt versem \u00edrom bele\u02ee \u2013 ezek a sorok j\u00e1rnak az eszemben, ahogy ny\u00e1r v\u00e9g\u00e9n, n\u00e9h\u00e1ny napot elt\u00f6ltve a&nbsp;keresztsz\u00fcleimn\u00e9l, G\u00f6m\u00f6rorsz\u00e1g \u201el\u00f3g\u00f3 vakbel\u00e9n\u02ee, vagyis legd\u00e9libb cs\u00fccsk\u00e9ben bandukolok. Dobfenekr\u0151l haladva egy-k\u00e9t kilom\u00e9ter ut\u00e1n a f\u0151\u00fat elt\u00e9r balra, a szomsz\u00e9d falu \u2013 T\u0151zs\u00e9r \u00c1rp\u00e1d sz\u00fcl\u0151helye \u2013, a jelenleg k\u00f6r\u00fclbel\u00fcl k\u00e9tsz\u00e1z l\u00e9leksz\u00e1m\u00fa G\u00f6m\u00f6rp\u00e9terfala fel\u00e9, s&nbsp;a&nbsp;kanyarban egy ak\u00e1cfa \u00e1rny\u00e9k\u00e1ban v\u00e9lhet\u0151en megl\u00e1tom azt a frissen feket\u00e9re m\u00e1zolt \u00fatsz\u00e9li keresztet, melynek l\u00e1tt\u00e1n T\u0151zs\u00e9rnek a nevezetes gyalogos haza\u00fatjai sor\u00e1n sz\u00e1mtalanszor a&nbsp;<em>tork\u00e1ba ugrott a&nbsp;sz\u00edve<\/em>, s&nbsp;melyr\u0151l azt besz\u00e9lt\u00e9k, \u00e9jszak\u00e1nk\u00e9nt boszork\u00e1ny, borj\u00fa nagys\u00e1g\u00fa fekete kutya \u0151rzi. Szemmel l\u00e1that\u00f3an gyakran gondozz\u00e1k, a betonalapra elhelyezett n\u00e9h\u00e1ny sz\u00e1l vir\u00e1got tartalmaz\u00f3 v\u00e1z\u00e1n k\u00edv\u00fcl m\u00e9g egy apr\u00f3cska m\u00e9cses is pisl\u00e1kol el\u0151tte. Manaps\u00e1g m\u00e1r minden bizonnyal csak elv\u00e9tve k\u00f6zlekednek gyalog az emberek P\u00e9terfala ir\u00e1ny\u00e1ba. A&nbsp;nagy sebess\u00e9get biztos\u00edt\u00f3, k\u00e1ty\u00famentes, \u00fajraaszfaltozott \u00faton a&nbsp;k\u00fcl\u00f6nb\u00f6z\u0151 g\u00e9pj\u00e1rm\u0171vekkel elsuhanva, gyan\u00edthat\u00f3an nemigen tulajdon\u00edtanak ilyesfajta misztikus k\u00e9pzett\u00e1rs\u00edt\u00e1sokat, de legal\u00e1bbis nagy jelent\u0151s\u00e9get annak a keresztnek, ha ugyan felkelti a&nbsp;figyelm\u00fcket, s&nbsp;nem csak az ifj\u00fa k\u00f6lt\u0151k\u00e9t \u2013&nbsp; ha ugyan \u00e9lnek m\u00e9g arrafel\u00e9 ifj\u00fa k\u00f6lt\u0151k.&nbsp;<\/p>\n\n\n\n<p>Azon t\u0171n\u0151d\u00f6m, mit l\u00e1thatok abb\u00f3l ma is, amit hetvenvalah\u00e1ny \u00e9ve az ifj\u00fa T\u0151zs\u00e9r \u00c1rp\u00e1d l\u00e1tott rendszeresen, mik\u00f6zben \u2013 ahogy az <em>Egy felkoncolt sz\u00fclet\u00e9snap n\u00e9z\u0151ter\u00e9n<\/em> c. vers\u00e9ben \u00edrja \u2013 \u201eMint \u00f3ri\u00e1si mellkasban, j\u00e1rtam \/ a&nbsp;sz\u00fcl\u0151f\u00f6ld meleg \u00fcregeiben\u02ee. Vagy amikor az orsz\u00e1ghat\u00e1rr\u00f3l kellett els\u00e9t\u00e1lnia haz\u00e1ig. Felt\u00e9telezhet\u0151en az \u00fat ment\u00e9n a&nbsp;sok vadmurok, k\u00f6k\u00e9ny, cickafark, mezei kat\u00e1ng \u00e9s&nbsp;bog\u00e1ncs m\u00e1r akkor is n\u0151tt, a&nbsp;<em>Falunk templom\u00e1ra <\/em>c. verset megihletett&nbsp;katolikus templom is&nbsp;a&nbsp;telep\u00fcl\u00e9s f\u00f6l\u00e9 tornyosult (\u201e\u00c1ll a&nbsp;Cseres meg Kerek\u00e1g \/ k\u00f6z\u00e9 sz\u00farva, \/ mint valami felford\u00edtott \/ kocsi r\u00fadja\u02ee), mely T\u0151zs\u00e9r sz\u00fclet\u00e9se el\u0151tt n\u00e9h\u00e1ny \u00e9vvel \u00e9p\u00fclt k\u00f6zadakoz\u00e1sb\u00f3l, s&nbsp;melynek padjait \u00e9s a&nbsp;sekrestye b\u00fatorzat\u00e1t az asztalosmester \u00e9desapja k\u00e9sz\u00edtette, \u00e9s ahogy a k\u00f6r\u00f6s-k\u00f6r\u00fcl hull\u00e1mz\u00f3 \u00fcrgelyukas dombok is ugyanott h\u00faz\u00f3dtak. De a&nbsp;rajtuk l\u00e9v\u0151 vad\u00e1szlesek, a&nbsp;k\u00f6zt\u00fck elter\u00fcl\u0151 hatvanhekt\u00e1ros v\u00edzt\u00e1roz\u00f3 (a \u201ev\u00edz\u00e1ll\u00f3nak\u02ee nevezett egykori mez\u0151 hely\u00e9n), vagy a&nbsp;villanyp\u00e1sztor m\u00e1r nem, ahogy a&nbsp;ker\u00edt\u00e9s tart\u00f3oszlop\u00e1ra r\u00e1k\u00f6t\u00f6tt fekete-feh\u00e9r tarotk\u00e1rtya, a &nbsp;feldr\u00f3tozott sz\u00fcrke ker\u00e9kt\u00e1rcsa, a m\u0171anyagkoszor\u00fa-hullad\u00e9kok a&nbsp;gazban, \u00e9s a&nbsp;Gortva-patakban \u00fasz\u00f3 r\u00f3zsasz\u00edn, amorf polisztir\u00e9ndarabok sem. Ha k\u00f6rben\u00e9zek, s ebben a&nbsp;t\u00e1jban T\u0151zs\u00e9r l\u00e9ny\u00e9t, k\u00f6lt\u00e9szet\u00e9t keresem, vagy legal\u00e1bbis belek\u00e9pzelem, az \u00f6r\u00f6k k\u00f6rforg\u00e1s, a m\u00falt \u00e9s a&nbsp;jelen ellent\u00e9t\u00e9nek \u00e9lesen kirajzol\u00f3d\u00f3 kont\u00farjaival megid\u00e9z\u0151dik a&nbsp;<em>Mogorva csillag<\/em> vil\u00e1ga, \u00e9s a&nbsp;n\u00e9pi vagy a&nbsp;t\u00e1rgyias l\u00edr\u00e1t \u00e9pp\u00fagy megtal\u00e1lom benne, mint a&nbsp;posztmodern vonalat, de m\u00e9g a&nbsp;m\u00e1gikus realizmus fel\u00e9 val\u00f3 kikacsint\u00e1st is, s&nbsp;a&nbsp;po\u00e9tik\u00e1j\u00e1t mindv\u00e9gig olyannyira meghat\u00e1roz\u00f3 jelens\u00e9geket, mint a folyamatos&nbsp;meg\u00fajul\u00e1sra val\u00f3 t\u00f6rekv\u00e9st \u00e9s a&nbsp;sz\u00fcntelen v\u00e1ltoz\u00e1st. Id\u00e9zhetem F\u00f3nod Zolt\u00e1n szavait is egy <em>Irodalmi Szeml\u00e9s<\/em> tanulm\u00e1ny\u00e1b\u00f3l: \u201eA poeta doctus jellegzetes t\u00edpusa, aki els\u0151 k\u00f6lt\u0151i megnyilv\u00e1nul\u00e1sa \u00f3ta kitart\u00f3 k\u00fczdelmet v\u00edv \u00f6nmag\u00e1val, a&nbsp;korszer\u0171s\u00e9g, a&nbsp;meg\u00fajul\u00e1s \u00e9s a&nbsp;min\u0151s\u00e9gi k\u00f6lt\u00e9szet \u00e9rdek\u00e9ben. Csak meger\u0151s\u00edthetj\u00fck, amit egy besz\u00e9lget\u00e9sben vallott, hogy \u0151 az \u00bb\u00f6r\u00f6k \u00fajrakezd\u0151\u00ab, mert nem akar lemaradni, nem akar \u00bbsereghajt\u00f3\u00ab lenni a&nbsp;k\u00f6lt\u00e9szet meg\u00faj\u00edt\u00e1s\u00e1t jelent\u0151 mindennapi k\u00fczdelemben.\u02ee&nbsp;<\/p>\n\n\n\n<p>A&nbsp;faluba be\u00e9rve azon tanakodom, vajon h\u00e1ny helys\u00e9gn\u00e9vt\u00e1bl\u00e1t cser\u00e9ltek az\u00f3ta, hogy abba a&nbsp;bizonyos <em>r\u00e9gibe m\u00e1r lyukat hajig\u00e1lt a&nbsp;falu gyerekhada<\/em>. Tov\u00e1bb haladva az ambivalencia fokoz\u00f3dik, T\u0151zs\u00e9r egykori lak\u00f3hely\u00e9n a&nbsp;m\u00e1ll\u00f3 vakolatot az ablakon kisz\u0171r\u0151d\u0151 technozene rezegteti, nem messze pedig az iv\u00f3k\u00fat f\u00f6l\u00f6tt l\u00e9v\u0151 fa\u00e9p\u00edtm\u00e9ny&nbsp;ker\u00edt\u00e9s\u00e9n az \u00e1ltalam m\u00e1r j\u00f3l ismert t\u00e1bla, a&nbsp;r\u00e1\u00edrt bet\u0171k m\u00e1r kiss\u00e9 kopottak, de m\u00e9g kivehet\u0151 az id\u00e9zet a&nbsp;falu h\u00edres sz\u00fcl\u00f6tt\u00e9t\u0151l: \u201eP\u00e9terfal\u00e1t megn\u00e9zd, a&nbsp;vil\u00e1g k\u00f6zepe. Lak\u00f3i sz\u00e1z \u00e9vekkel el\u0151tte odahagyt\u00e1k templomukat, csak az\u00e9rt, mert \u00fagymond egy aranyalma hullott az \u00e9gb\u0151l, s&nbsp;ahol leesett, ott forr\u00e1s fakadt, s&nbsp;a&nbsp;j\u00e1mborok mentek az aranyalma ut\u00e1n s&nbsp;a&nbsp;forr\u00e1s k\u00f6r\u00e9 telep\u00fcltek. Az\u00f3ta a&nbsp;forr\u00e1s, azaz, ahogy \u0151k h\u00edvj\u00e1k: az Iv\u00f3k\u00fat sz\u00e1mukra a&nbsp;vil\u00e1g k\u00f6zepe.\u02ee Sz\u00e1mtalan alkalommal szemeztem azzal a&nbsp;t\u00e1bl\u00e1val, amikor j\u00f6tt\u00fcnk v\u00edz\u00e9rt a&nbsp;szomsz\u00e9d falub\u00f3l. Gyermekfejjel nem tudtam, hogy ki \u0151, hi\u00e1ba mes\u00e9lt r\u00f3la \u00e9desap\u00e1m rendszeresen, nem \u00e9rtettem, viszont a&nbsp;jelent\u0151s\u00e9g\u00e9t \u00e1t\u00e9reztem \u00e9desap\u00e1m gesztikul\u00e1ci\u00f3ja \u00e1ltal, s&nbsp;onnant\u00f3l&nbsp;mindig \u00fagy t\u00e9rtem be P\u00e9terfal\u00e1ra, mint T\u0151zs\u00e9r \u00c1rp\u00e1d sz\u00fcl\u0151faluj\u00e1ba.&nbsp;<\/p>\n\n\n\n<p>Manaps\u00e1g az iv\u00f3k\u00fatn\u00e1l az ittlak\u00f3knak egyre nehezebb lehajolniuk a&nbsp;cs\u00fasz\u00f3s betonl\u00e9pcs\u0151k\u00f6n, hogy forr\u00e1svizet t\u00f6ltsenek, egyre lassabban tudj\u00e1k felcipelni a \u201ebandaszk\u00e1kat\u02ee, s&nbsp;a&nbsp;fiatalok is egyre kevesebben vannak, akik m\u00e9g seg\u00edthetn\u00e9nek nekik. \u00dczlet \u00e9s kocsma \u2013 s\u0151t <em>Pal\u00f3ckocsma \u2013<\/em> szerencs\u00e9re m\u00e9g van, nem \u00fagy, mint sok m\u00e1s helyi telep\u00fcl\u00e9sen. Egykor T\u0151zs\u00e9r\u00e9knek is el kellett hagyniuk a&nbsp;falut, hogy meg\u00fassz\u00e1k a&nbsp;kitelep\u00edt\u00e9st, manaps\u00e1g a&nbsp;leszakadt r\u00e9gi\u00f3 gazdas\u00e1gi helyzet\u00e9b\u0151l fakad\u00f3 sz\u0171k\u00f6s lehet\u0151s\u00e9gek miatt \u201emenek\u00fclnek\u02ee el annyian. Mindezek ellen\u00e9re P\u00e9terfala m\u00e9g tartja mag\u00e1t, s m\u00e9lt\u00e1n b\u00fcszke lehet p\u00e9ldamutat\u00f3 kult\u00faraszervez\u0151i jelen\u00e9re. Az autentikus, \u00faj \u00e9p\u00edt\u00e9s\u0171 Magyar K\u00f6z\u00f6ss\u00e9gi H\u00e1zn\u00e1l \u00e9ppen a&nbsp;Bark\u00f3 Virtus Napja alkalm\u00e1b\u00f3l szervezett&nbsp;tizedik Bark\u00f3s\u00e1gi Parasztolimpi\u00e1t tartj\u00e1k, ahol a&nbsp;frissen bark\u00f3v\u00e1 avatott fiatalemberek a kezd\u0151cerem\u00f3nia alatt meggy\u00fajtott olimpiai l\u00e1ng f\u00e9ny\u00e9ben k\u00fczdenek meg egym\u00e1ssal csapatban, illetve \u201eEgy\u00e9ni Tehen\u02ee \u00e9s \u201eEgy\u00e9ni Bika\u02ee sz\u00e1mokban, a&nbsp;gyerekek szalmab\u00e1l\u00e1kon ugr\u00e1lnak a&nbsp;hangfalakb\u00f3l sz\u00f3l\u00f3&nbsp;n\u00e9pzene ritmus\u00e1ra, mik\u00f6zben f\u0151 az \u00fcstben a&nbsp;pal\u00f3cleves \u00e9s a szarvasp\u00f6rk\u00f6lt, de term\u00e9szetesen a&nbsp;szilvap\u00e1linka sem hi\u00e1nyzik az asztalokr\u00f3l, melyek k\u00f6r\u00fcl szabad helyet m\u00e1r egyet sem tal\u00e1lni. Amikor oda\u00e9rek, a virtuskod\u00f3&nbsp;h\u00f6lgyek \u00e9ppen sodr\u00f3f\u00e1val, serpeny\u0151vel \u00e9s vasvill\u00e1val pr\u00f3b\u00e1lnak eltal\u00e1lni egy f\u00f6ldbe sz\u00fart, f\u00e1b\u00f3l faragott \u201ekakast\u201c, hogy \u201etudjanak mib\u0151l levest f\u0151zni\u02ee. Itt is hasonl\u00f3 \u00e9rz\u00e9sek \u00f6ntenek el a&nbsp;l\u00e1tv\u00e1ny kapcs\u00e1n, mint a&nbsp;falu hat\u00e1r\u00e1ban, az egys\u00e9gben megb\u00fav\u00f3&nbsp;k\u00fcl\u00f6n\u00f6s kontraszt: valakin&nbsp;egyszerre van divatos sportcip\u0151, \u201ecicanadr\u00e1g\u02ee \u00e9s &nbsp;nemezs\u00fcveg, m\u00edg m\u00e1son jap\u00e1n tetov\u00e1l\u00e1s, magyar bajusz \u00e9s bocskai, s&nbsp;a&nbsp;l\u00e1tottak kapcs\u00e1n megint csak T\u0151zs\u00e9r \u00c1rp\u00e1d idev\u00e1g\u00f3 szavai jutnak az eszembe: a&nbsp;hagyom\u00e1nyt \u00e9s a&nbsp;halad\u00e1st csak egy\u00fctt tudja elk\u00e9pzelni.<\/p>\n\n\n\n<p>Arra k\u00e9rtek fel, hogy \u00edrjam meg ebben az essz\u00e9ben, mit jelent sz\u00e1momra T\u0151zs\u00e9r \u00c1rp\u00e1d. Az, hogy mi\u00e9rt jelent\u0151s, \u00edgy vagy \u00fagy mindenki tudja, hallom\u00e1sb\u00f3l vagy tank\u00f6nyvekb\u0151l, de hogy mit jelent, mi az, amit jelent, amit jelenteni tud jelenleg is, mondjuk, egy mai fiatal sz\u00e1m\u00e1ra, p\u00e9ld\u00e1ul azok sz\u00e1m\u00e1ra, akik ott t\u00e1ncoltak n\u00e9pviseletben a&nbsp;sz\u00ednpadn\u00e1l, ak\u00e1r Erd\u00e9lyb\u0151l, ak\u00e1r Miskolcr\u00f3l,&nbsp; ak\u00e1r Ajn\u00e1csk\u0151r\u0151l vagy Kom\u00e1romb\u00f3l j\u00f6ttek, akik P\u00e9terfal\u00e1r\u00f3l elmennek tanulni a&nbsp;pozsonyi b\u00f6lcs\u00e9szkarra, s&nbsp;akik egy lak\u00f3kocsigy\u00e1rba j\u00e1rnak \u00e1t Salg\u00f3tarj\u00e1nba tizenk\u00e9t \u00f3r\u00e1s m\u0171szakokba heti hat nap. \u00c9n a&nbsp;r\u00e9szemr\u0151l szerencs\u00e9snek tartom magamat, hogy m\u00e9g miel\u0151tt megtanultam volna olvasni, s&nbsp;megismertem volna a&nbsp;verseit, kialakult bennem egy szem\u00e9lyes k\u00f6t\u0151d\u00e9s, amit legink\u00e1bb a&nbsp;r\u00f3la elmondottak, illetve egykori t\u00e9rbeli k\u00f6zels\u00e9g\u00e9nek nyomai alak\u00edtottak ki. Eml\u00e9kszem, amikor egyszer vend\u00e9gs\u00e9gben egy helyi n\u00e9ni b\u00fcszk\u00e9n mes\u00e9lte, hogy szegr\u0151l-v\u00e9gr\u0151l rokona, s&nbsp;m\u00e9g levelezett is vele. Mutatta a&nbsp;f\u00e9ltve \u0151rz\u00f6tt&nbsp;els\u00e1rgult bor\u00edt\u00e9kot, rajta T\u0151zs\u00e9r egyik kor\u00e1bbi pozsonyi lakc\u00edm\u00e9vel. Manaps\u00e1g m\u00e1r az ehhez hasonl\u00f3 eml\u00e9kekr\u0151l nem tudom eld\u00f6nteni a&nbsp;val\u00f3s\u00e1gtartalmukat, mert \u0151 t\u00e9nyleg egy n\u00e9pmesei h\u0151s, egy legenda volt a szememben, s&nbsp; pr\u00f3b\u00e1lv\u00e1n k\u00f6zelebb ker\u00fclni hozz\u00e1, biztosan kisz\u00edneztem az esem\u00e9nyeket, hogy azt\u00e1n k\u00e9s\u0151bb a&nbsp;gyerekkor mitol\u00f3giai magass\u00e1g\u00e1b\u00f3l a&nbsp;versei, a&nbsp;sz\u00f6vegei r\u00e9v\u00e9n letisztulva konkr\u00e9tabb\u00e1 v\u00e1ljon a szem\u00e9lye. S&nbsp;ahogy az eml\u00e9kek, \u00fagy \u00e9l bennem a&nbsp;<em>Genezis <\/em>k\u00e9ks\u00e9ge, vagy az <em>\u00c9jszaka<\/em> c. vers, mely \u2013 kamaszkoromban az <em>\u00c9rint\u00e9sek<\/em>et lapozgatva \u2013 \u00fagy megtetszett, hogy az lett az els\u0151 vers, melyet \u00f6nszorgalomb\u00f3l megtanultam fejb\u0151l. De eml\u00edthetn\u00e9m azt is, hogy milyen felvillanyoz\u00f3 intellektu\u00e1lis \u00e9lm\u00e9nyt jelentettek a&nbsp;napl\u00f3i, vagy hogy mennyire motiv\u00e1ltak a&nbsp;Pegazus Alkot\u00f3p\u00e1ly\u00e1zat kapcs\u00e1n a r\u00f3lam sz\u00f3l\u00f3 b\u00edr\u00e1lat\u00e1nak szavai. Eml\u00e9kszem, amikor n\u00e9h\u00e1ny \u00e9ve egy antikv\u00e1riumos weboldalon r\u00e1bukkantam els\u0151 k\u00f6tet\u00e9re, az 1963-ban megjelent&nbsp;<em>Mogorva csillag<\/em> dedik\u00e1lt p\u00e9ld\u00e1ny\u00e1ra \u00f6tsz\u00e1z forint\u00e9rt, id\u00e9n, 2025-ben pedig h\u00e1rom k\u00f6tete jelent meg. S&nbsp;az az \u00fat, az a&nbsp;t\u00e1vols\u00e1g, amely ezek k\u00f6z\u00f6tt h\u00faz\u00f3dik, T\u0151zs\u00e9r \u00c1rp\u00e1d ezt is jelenti. P\u00e9csi Gy\u00f6rgyi \u00edrja a <em>Quo vadis Domine? \u2013 Jegyzetek T\u0151zs\u00e9r \u00c1rp\u00e1d k\u00f6lt\u00e9szet\u00e9r\u0151l<\/em> c\u00edm\u0171, <em>Tiszat\u00e1j<\/em>ban megjelent tanulm\u00e1ny\u00e1ban: \u201eK\u00f6lt\u00e9szet\u00e9nek egyetlen probl\u00e9m\u00e1ja (legf\u0151bb probl\u00e9m\u00e1ja) az, hogy mit kezdhet a&nbsp;vil\u00e1ggal, s&nbsp;\u00f6nmag\u00e1val az ember, aki r\u00e1ismert arra, hogy a&nbsp;m\u00faltj\u00e1t\u00f3l nem szabadulhat. Durv\u00e1n egyszer\u0171s\u00edtve: az \u00edv, amit&nbsp; bej\u00e1r, a&nbsp;sz\u00fcl\u0151f\u00f6lddel val\u00f3 \u00e9rz\u00e9ki, tapasztalati azonoss\u00e1g, a&nbsp;kiszakad\u00e1s, majd az eml\u00e9kez\u00e9s \u00e1ltali visszatal\u00e1l\u00e1s k\u00e9plet\u00e9ben \u00edrhat\u00f3 le (&#8230;) Borghest parafraze\u00e1lva, az eml\u00e9kez\u00e9s a val\u00f3s\u00e1g legfontosabb lehet\u0151s\u00e9g\u00e9v\u00e9 v\u00e1lik.\u02ee<\/p>\n\n\n\n<p>\u201eT\u0151zs\u00e9r \u00c1rp\u00e1d a csehszlov\u00e1kiai magyar k\u00f6lt\u00e9szet els\u0151 klasszikusa\u02ee, mondta r\u00f3la Grendel Lajos m\u00e9g a m\u00falt sz\u00e1zadban, s tegy\u00fck hozz\u00e1: aki ebben a h\u00f3napban \u00fcnnepli a kilencvenedik sz\u00fclet\u00e9snapj\u00e1t, s aki mindm\u00e1ig meghat\u00e1roz\u00f3, akt\u00edv r\u00e9szese az egyetemes magyar irodalomnak. Isten \u00e9ltesse!<\/p>\n\n\n\n<p><\/p>\n\n\n\n<p><em>Megjelent az Opus 2025\/5-\u00f6s sz\u00e1m\u00e1ban<\/em><\/p>\n","protected":false},"excerpt":{"rendered":"<p>P\u00e9terfala hat\u00e1r\u00e1ban T\u0151zs\u00e9r \u00c1rp\u00e1ddal \u201eMint egy keresztrejtv\u00e9ny, olyan a t\u00e1j. \/ Megfejt\u00e9sk\u00e9nt versem \u00edrom bele\u02ee \u2013 ezek a sorok j\u00e1rnak az eszemben, ahogy ny\u00e1r v\u00e9g\u00e9n, n\u00e9h\u00e1ny napot elt\u00f6ltve a&nbsp;keresztsz\u00fcleimn\u00e9l, G\u00f6m\u00f6rorsz\u00e1g \u201el\u00f3g\u00f3 vakbel\u00e9n\u02ee, vagyis legd\u00e9libb cs\u00fccsk\u00e9ben bandukolok. Dobfenekr\u0151l haladva egy-k\u00e9t kilom\u00e9ter &hellip; <a href=\"https:\/\/opus-folyoirat.sk\/?page_id=4507\">Egy kattint\u00e1s ide a folytat\u00e1shoz&#8230;. <span class=\"meta-nav\">&rarr;<\/span><\/a><\/p>\n","protected":false},"author":4,"featured_media":0,"parent":0,"menu_order":0,"comment_status":"closed","ping_status":"closed","template":"","meta":{"footnotes":""},"class_list":["post-4507","page","type-page","status-publish","hentry"],"_links":{"self":[{"href":"https:\/\/opus-folyoirat.sk\/index.php?rest_route=\/wp\/v2\/pages\/4507","targetHints":{"allow":["GET"]}}],"collection":[{"href":"https:\/\/opus-folyoirat.sk\/index.php?rest_route=\/wp\/v2\/pages"}],"about":[{"href":"https:\/\/opus-folyoirat.sk\/index.php?rest_route=\/wp\/v2\/types\/page"}],"author":[{"embeddable":true,"href":"https:\/\/opus-folyoirat.sk\/index.php?rest_route=\/wp\/v2\/users\/4"}],"replies":[{"embeddable":true,"href":"https:\/\/opus-folyoirat.sk\/index.php?rest_route=%2Fwp%2Fv2%2Fcomments&post=4507"}],"version-history":[{"count":2,"href":"https:\/\/opus-folyoirat.sk\/index.php?rest_route=\/wp\/v2\/pages\/4507\/revisions"}],"predecessor-version":[{"id":4510,"href":"https:\/\/opus-folyoirat.sk\/index.php?rest_route=\/wp\/v2\/pages\/4507\/revisions\/4510"}],"wp:attachment":[{"href":"https:\/\/opus-folyoirat.sk\/index.php?rest_route=%2Fwp%2Fv2%2Fmedia&parent=4507"}],"curies":[{"name":"wp","href":"https:\/\/api.w.org\/{rel}","templated":true}]}}