{"id":4514,"date":"2025-11-15T17:00:00","date_gmt":"2025-11-15T15:00:00","guid":{"rendered":"https:\/\/opus-folyoirat.sk\/?page_id=4514"},"modified":"2026-01-30T17:42:42","modified_gmt":"2026-01-30T15:42:42","slug":"angyal-sandor","status":"publish","type":"page","link":"https:\/\/opus-folyoirat.sk\/?page_id=4514","title":{"rendered":"Angyal S\u00e1ndor"},"content":{"rendered":"\n<p><strong>Az \u00edr\u00f3t\u00e1rsas\u00e1gnak m\u00e9g ma is s\u00falya van<\/strong><br><em>Besz\u00e9lget\u00e9s Hodossy Gyul\u00e1val, a Szlov\u00e1kiai Magyar \u00cdr\u00f3k T\u00e1rsas\u00e1ga eln\u00f6k\u00e9vel a t\u00e1rsas\u00e1g fenn\u00e1ll\u00e1s\u00e1nak 35. \u00e9vfordul\u00f3ja kapcs\u00e1n<\/em><br><\/p>\n\n\n<div class=\"wp-block-post-date\"><time datetime=\"2025-11-15T17:00:00+02:00\">2025-11-15<\/time><\/div>\n\n\n<p><\/p>\n\n\n\n<p><strong>Ebben az \u00e9vben \u00fcnnepli fenn\u00e1ll\u00e1s\u00e1nak 35. \u00e9vfordul\u00f3j\u00e1t a Szlov\u00e1kiai Magyar \u00cdr\u00f3k T\u00e1rsas\u00e1ga. A szervezet jelenlegi eln\u00f6ke, Hodossy Gyula 2003-ban kapott bizalmat a tags\u00e1gt\u00f3l, s az\u00f3ta is ir\u00e1ny\u00edtja a t\u00e1rsas\u00e1got. \u00c9rdemei megk\u00e9rd\u0151jelezhetetlenek, vezet\u00e9se alatt sz\u00e1mos eredm\u00e9nyt \u00e9rtek el az irodalom n\u00e9pszer\u0171s\u00edt\u00e9se, illetve a fiatalok felkarol\u00e1sa \u00e9s k\u00e9pz\u00e9se ter\u00e9n. A Szlov\u00e1kiai Magyar \u00cdr\u00f3k T\u00e1rsas\u00e1ga szerep\u00e9r\u0151l, irodalomr\u00f3l, neh\u00e9zs\u00e9gekr\u0151l \u00e9s a j\u00f6v\u0151 kih\u00edv\u00e1sair\u00f3l besz\u00e9lgett\u00fcnk. Csak \u0151szint\u00e9n.&nbsp;<\/strong><\/p>\n\n\n\n<figure class=\"wp-block-image size-large\"><img loading=\"lazy\" decoding=\"async\" width=\"1024\" height=\"683\" src=\"http:\/\/opus-folyoirat.sk\/wp-content\/uploads\/2025\/09\/HodossyGyula-1024x683.jpeg\" alt=\"\" class=\"wp-image-2597\" srcset=\"https:\/\/opus-folyoirat.sk\/wp-content\/uploads\/2025\/09\/HodossyGyula-1024x683.jpeg 1024w, https:\/\/opus-folyoirat.sk\/wp-content\/uploads\/2025\/09\/HodossyGyula-300x200.jpeg 300w, https:\/\/opus-folyoirat.sk\/wp-content\/uploads\/2025\/09\/HodossyGyula-768x512.jpeg 768w, https:\/\/opus-folyoirat.sk\/wp-content\/uploads\/2025\/09\/HodossyGyula-450x300.jpeg 450w, https:\/\/opus-folyoirat.sk\/wp-content\/uploads\/2025\/09\/HodossyGyula.jpeg 1200w\" sizes=\"auto, (max-width: 1024px) 100vw, 1024px\" \/><\/figure>\n\n\n\n<p><strong>Mikor ker\u00fclt\u00e9l kapcsolatba az irodalommal, illetve az irodalom szervezett form\u00e1j\u00e1val?<\/strong><\/p>\n\n\n\n<p>Viszonylag kor\u00e1n, 15 \u00e9ves koromban kezdtem verseket publik\u00e1lni, majd 1983-ban \u00c9rsek\u00fajv\u00e1rott megszerveztem a p\u00e1lyakezd\u0151 \u00edr\u00f3k mozgalm\u00e1t, az Ir\u00f3di\u00e1t. Ide k\u00f6zel 300 fiatal jelentkezett az eg\u00e9sz orsz\u00e1gb\u00f3l, \u00e9s a h\u00e1rom\u00e9ves m\u0171k\u00f6d\u00e9s alatt m\u00e9g enn\u00e9l is t\u00f6bb ember megfordult ott a negyed\u00e9vente szervezett tal\u00e1lkoz\u00f3inkon. Ezeken az \u00f6sszej\u00f6veteleken m\u0171velt\u00fck egym\u00e1st \u00e9s voltak mentoraink, gesztoraink, mint p\u00e9ld\u00e1ul Grendel Lajos, T\u00f3th L\u00e1szl\u00f3, Balla K\u00e1lm\u00e1n, Karsai Katalin, akik rendszeresen foglalkoztak vel\u00fcnk, \u00e9s m\u00e1r akkor f\u00f6lmer\u00fclt a gondolata annak, hogy a Csehszlov\u00e1k \u00cdr\u00f3sz\u00f6vets\u00e9g magyar tagozat\u00e1ba valakit be k\u00e9ne venni ebb\u0151l a csoportb\u00f3l, a fiatalok k\u00f6z\u00fcl. Mert m\u00e1r akkor is nagy k\u00e9rd\u00e9s volt a fiatal\u00edt\u00e1s.&nbsp;<\/p>\n\n\n\n<p><br><strong>A probl\u00e9ma, ami \u00f6r\u00f6k&#8230;<\/strong><\/p>\n\n\n\n<p>\u00cdgy van, ez \u00f6r\u00f6k probl\u00e9ma. Viszont az \u00f6tlet sokaknak nem tetszett, illetve a tev\u00e9kenys\u00e9g\u00fcnk sem a magyar tagozaton bel\u00fcl, hi\u00e1ba pr\u00f3b\u00e1lta Grendel Lajos meg\u00e9rtetni az ellenz\u0151kkel, kev\u00e9s sikerrel j\u00e1rt. \u00cdgy h\u00e1t a rendszerv\u00e1lt\u00e1skor, amikor a magyar tagozat kil\u00e9pett a Csehszlov\u00e1k \u00cdr\u00f3sz\u00f6vets\u00e9gb\u0151l \u00e9s l\u00e9trehozt\u00e1k \u2013 vagy hoztuk \u2013 a Csehszlov\u00e1kiai Magyar \u00cdr\u00f3k T\u00e1rsas\u00e1g\u00e1t, Lajos azt szerette volna, hogyha ott vagyunk a szervezetben, ha r\u00e9szt vesz\u00fcnk a munk\u00e1ban. Mivel m\u00e1r m\u0171k\u00f6d\u00f6tt a Fiatal \u00cdr\u00f3k K\u00f6re, ez\u00e9rt az az egyezs\u00e9g sz\u00fcletett, hogy a h\u00e9ttag\u00fa vezet\u0151s\u00e9gben k\u00e9t helyet a fiatalok kapjanak meg. A Fiatal \u00cdr\u00f3k K\u00f6re pedig Hizsnyai Zolit \u00e9s engem jel\u00f6lt a v\u00e1lasztm\u00e1nyba. Teh\u00e1t gyakorlatilag a Csehszlov\u00e1kiai Magyar \u00cdr\u00f3k T\u00e1rsas\u00e1g\u00e1ban az alakul\u00e1s pillanat\u00e1t\u00f3l kezdve v\u00e1lasztm\u00e1nyi tag voltam.<\/p>\n\n\n\n<p><br><strong>Ki volt a kezdem\u00e9nyez\u0151je annak, hogy kiv\u00e1ljon a magyar tagozat a Csehszlov\u00e1k \u00cdr\u00f3sz\u00f6vets\u00e9gb\u0151l?<\/strong><\/p>\n\n\n\n<p>M\u00e1r nem eml\u00e9kszem pontosan, szerintem Grendel, aki akkor nagyon akt\u00edv volt, de egy\u00e9bk\u00e9nt ezt t\u00e1mogatta mindenki, gondolom Dobos, Duba, F\u00f3n\u00f3d, teh\u00e1t az akkori hangad\u00f3k mind.&nbsp;<\/p>\n\n\n\n<p><br><strong>Fiatal \u00edr\u00f3k\u00e9nt Hizsnyai Zolt\u00e1nnal a v\u00e1lasztm\u00e1ny tagjai lettetek&#8230; Mikor lesz egy fiatalb\u00f3l \u201eteljes \u00e9rt\u00e9k\u0171\u201d \u00edr\u00f3?\u00a0<\/strong><\/p>\n\n\n\n<p>Ezt a k\u00e9rd\u00e9st sokf\u00e9lek\u00e9ppen lehet \u00e9rtelmezni. Ha egy fiatal \u00edr\u00f3 kiv\u00e1l\u00f3 \u00edr\u00e1sokat tesz az asztalra, akkor szerintem m\u00e1r teljes \u00e9rt\u00e9k\u0171 \u00edr\u00f3, hiszen bizony\u00edtotta tehets\u00e9g\u00e9t \u00e9s bizony\u00edtotta szakmai tud\u00e1s\u00e1t. Az \u00edr\u00f3t\u00e1rsas\u00e1gok tags\u00e1g\u00e1hoz ez \u00e1ltal\u00e1ban kev\u00e9s szokott lenni. Publik\u00e1ci\u00f3k, k\u00f6nyvek kellettek, valamint az irodalmi \u00e9letben val\u00f3 j\u00e1rtass\u00e1got is fontosnak tartott\u00e1k. Ennek m\u00e9rt\u00e9ke meg a mindenkori \u00edr\u00f3szervezeti vezet\u0151s\u00e9gen m\u00falt. \u00cdgy azt\u00e1n a h\u0151n \u00e1h\u00edtott fiatal\u00edt\u00e1s sok esetben csak a kinyilatkoztat\u00e1s szintj\u00e9n val\u00f3sult meg. Mi akkor szerencs\u00e9sek voltunk.<\/p>\n\n\n\n<p><br><strong>Hogyan alakult a t\u00e1rsas\u00e1g \u00e9lete a rendszerv\u00e1lt\u00e1s ut\u00e1ni \u00e9vekben?<\/strong><\/p>\n\n\n\n<p>A t\u00e1rsas\u00e1g \u00e9vente tartott k\u00f6zgy\u0171l\u00e9st, az egy\u00e9b tev\u00e9kenys\u00e9g pedig majdhogynem egyenl\u0151 volt a null\u00e1val. A rendszerv\u00e1lt\u00e1s ut\u00e1n sok \u00edr\u00f3szervezet alakult. A Csehszlov\u00e1k \u00cdr\u00f3sz\u00f6vets\u00e9gb\u0151l sokan kiv\u00e1ltak, \u00e9s l\u00e9trehoztak k\u00fcl\u00f6nb\u00f6z\u0151, saj\u00e1t szakmais\u00e1gukra szabott szervezeteket. Szlov\u00e1ki\u00e1ban is l\u00e9trej\u00f6tt h\u00e9t \u00edr\u00f3sz\u00f6vets\u00e9g \u2013 \u00f6t szlov\u00e1k, egy ruszin \u00e9s a mi\u00e9nk. Egy parlamenti d\u00f6nt\u00e9s \u00e9rtelm\u00e9ben a Csehszlov\u00e1k \u00cdr\u00f3sz\u00f6vets\u00e9g szlov\u00e1kiai vagyon\u00e1t ezek a szervezetek \u00f6r\u00f6k\u00f6lt\u00e9k. \u00cdgy v\u00e1ltunk r\u00e9sztulajdonos\u00e1v\u00e1 a volt Csehszlov\u00e1k \u00cdr\u00f3sz\u00f6vets\u00e9g pozsonyi sz\u00e9kh\u00e1z\u00e1nak. A k\u00f6nnyebb gazd\u00e1lkod\u00e1st szem el\u0151tt tartva a legt\u00f6bb taggal rendelkez\u0151 Szlov\u00e1k \u00cdr\u00f3sz\u00f6vets\u00e9gen k\u00edv\u00fcli tov\u00e1bbi szervezetek l\u00e9trehozt\u00e1k a Szlov\u00e1kiai \u00cdr\u00f3szervezetek T\u00e1rsul\u00e1s\u00e1t, amely megkapta az \u00edr\u00f3szervezetek sz\u00e9kh\u00e1z\u00e1nak m\u0171k\u00f6dtet\u00e9si jog\u00e1t. A Pozsony \u00d3v\u00e1ros\u00e1ban l\u00e9v\u0151 palota helyis\u00e9geinek b\u00e9rbead\u00e1s\u00e1b\u00f3l a t\u00e1rsul\u00e1s hossz\u00fa \u00e9veken kereszt\u00fcl sok p\u00e9nzhez jutott. T\u00f6bbek k\u00f6zt ebb\u0151l a p\u00e9nzb\u0151l finansz\u00edrozt\u00e1k a Szlov\u00e1k \u00cdr\u00f3sz\u00f6vets\u00e9g \u00e9s a t\u00e1rsul\u00e1s alap\u00edt\u00f3 szervezeteinek kiadv\u00e1nyait, rendezv\u00e9nyeit \u00e9s az egyes b\u00e9rk\u00f6lts\u00e9geket is.<\/p>\n\n\n\n<p><br><strong>A Csehszlov\u00e1kiai Magyar \u00cdr\u00f3k T\u00e1rsas\u00e1ga, illetve Csehszlov\u00e1kia kett\u00e9v\u00e1l\u00e1sa ut\u00e1n a Szlov\u00e1kiai Magyar \u00cdr\u00f3k T\u00e1rsas\u00e1ga is r\u00e9szes\u00fclt ebb\u0151l a p\u00e9nzb\u0151l?<\/strong><\/p>\n\n\n\n<p>Igen, de nem a minket megillet\u0151 m\u00e9rt\u00e9kben. Sajnos a mi vezet\u0151ink nagyon nem \u00e9rtettek a p\u00e9nzhez. Amikor engem 1998-ban megv\u00e1lasztott az SzM\u00cdT \u00fcgyvezet\u0151 eln\u00f6knek T\u0151zs\u00e9r \u00c1rp\u00e1d eln\u00f6kl\u00e9se alatt, megpr\u00f3b\u00e1ltam ezt rendezni. Sajnos nem sok sikerrel. A t\u00e1rsul\u00e1s akkori \u00fcgyvezet\u0151je megtagadott minden betekint\u00e9st a p\u00e9nz\u00fcgyekbe. A szlov\u00e1k szervezetek, amelyek j\u00f3l el voltak l\u00e1tva anyagiakkal, mi\u00e9rt is t\u00e1mogatt\u00e1k volna ezen t\u00f6rekv\u00e9semet, de sajnos az SzM\u00cdT v\u00e1lasztm\u00e1nya sem \u00e1llt m\u00f6g\u00e9m. F\u0151leg ez\u00e9rt, r\u00f6videsen T\u0151zs\u00e9rrel egy\u00fctt lemondtunk az SzM\u00cdT vezet\u00e9s\u00e9r\u0151l.&nbsp;<\/p>\n\n\n\n<p><br><strong>Teh\u00e1t lemondtatok, de a t\u00e1rsas\u00e1g tagja maradt\u00e1l&#8230;<\/strong><\/p>\n\n\n\n<p>Term\u00e9szetesen, az irodalomszervez\u00e9s mindig is a sz\u00edv\u00fcgyem volt, \u00e9s sz\u00edv\u00fcgyem mind a mai napig. A szlov\u00e1kiai, felvid\u00e9ki magyar irodalmi \u00e9letb\u0151l nem akartam, de nem is tudtam volna kimaradni, hiszen akkor m\u00e1r \u00e9vek \u00f3ta m\u0171k\u00f6dtettem Dunaszerdahelyen a Lilium Aurum K\u00f6nyvkiad\u00f3t, amely els\u0151sorban a hazai magyar irodalom megjelentet\u00e9s\u00e9re szakosodott. \u00c9vente negyven-\u00f6tven k\u00f6nyvet jelentett\u00fcnk meg, majd megalap\u00edtottam a V\u00e1mb\u00e9ry Irodalmi K\u00e1v\u00e9h\u00e1zat, ahol mindennapos nyitvatart\u00e1s mellett heti rendszeress\u00e9ggel k\u00f6nyvbemutat\u00f3kat, szerz\u0151i esteket tartottunk, \u00e9vente megszervezt\u00fck a Pro Cultura elnevez\u00e9s\u0171 rendezv\u00e9nyt, amely a felvid\u00e9ki magyar irodalom \u00fcnnepnapjak\u00e9nt h\u00edres\u00fclt el t\u00f6bb sz\u00e1z r\u00e9sztvev\u0151vel, valamint t\u00f6bb olyan t\u00e1rsadalmi szervezet l\u00e9trej\u00f6tt\u00e9t kezdem\u00e9nyeztem, vagy legal\u00e1bbis b\u00e1b\u00e1skodtam a megalap\u00edt\u00e1sukn\u00e1l, amelyet a szlov\u00e1kiai magyars\u00e1g hossz\u00fat\u00e1von val\u00f3 megmarad\u00e1s\u00e1t, felvid\u00e9ki magyar kult\u00fara, \u00e9s szlov\u00e1kiai magyar iskol\u00e1k fejl\u0151d\u00e9s\u00e9t voltak hivatottak szolg\u00e1lni. Ilyen p\u00e9ld\u00e1ul a Katedra Alap\u00edtv\u00e1ny, a Katedra foly\u00f3irat, a Katedra T\u00e1rsas\u00e1g, a F\u00f3rum Int\u00e9zet, Szlov\u00e1kiai Magyar Oktat\u00e1si F\u00f3rum, a Szlov\u00e1kiai Magyar Cserk\u00e9szsz\u00f6vets\u00e9g, a V\u00e1mb\u00e9ry Polg\u00e1ri T\u00e1rsul\u00e1s, vagy a V\u00e1mb\u00e9ry Tudom\u00e1nyos Koll\u00e9gium.&nbsp;<\/p>\n\n\n\n<p><br><strong>K\u00f6zben a SzM\u00cdT tev\u00e9kenys\u00e9ge kimer\u00fclt az \u00e9vi egy k\u00f6zgy\u0171l\u00e9s megszervez\u00e9s\u00e9ben?<\/strong>\u00a0<\/p>\n\n\n\n<p>Senkit sem szeretn\u00e9k megs\u00e9rteni az akkori vezet\u0151k k\u00f6z\u00fcl, nem volt egyszer\u0171 a helyzet, hisz \u00e9n is megtapasztaltam a neh\u00e9zs\u00e9geket, de majdnem minden \u00e9vben volt egy k\u00f6zgy\u0171l\u00e9s \u00e9s a t\u00e1rsas\u00e1g kiadott egy t\u00e1j\u00e9koztat\u00f3 f\u00fczetet. Azt\u00e1n volt m\u00e9g egy-k\u00e9t k\u00f6sz\u00f6nt\u0151, sz\u00fclet\u00e9snap, kerek \u00e9vfordul\u00f3, n\u00e9h\u00e1ny k\u00f6nyvbemutat\u00f3. Illetve volt egy \u00e9tterem a sz\u00e9kh\u00e1zunkban, ahol \u00edr\u00f3sz\u00f6vets\u00e9gi igazolv\u00e1ny felmutat\u00e1s\u00e1val nagyon olcs\u00f3n, egy-k\u00e9t koron\u00e1\u00e9rt lehetett eb\u00e9delni.<\/p>\n\n\n\n<p><br><strong>V\u00e9g\u00fcl 2003-ban jel\u00f6ltetted magad eln\u00f6knek?\u00a0<\/strong><\/p>\n\n\n\n<p>Nem jel\u00f6ltettem magam, hanem jel\u00f6ltek. Nagyon sokan j\u00f6ttek ut\u00e1nam a fiatal nemzed\u00e9kb\u0151l, de a nagy \u201e\u00f6regek\u201d k\u00f6z\u00fcl is, hogy v\u00e1llaljam el. \u00d6ssze\u00edrtam az elk\u00e9pzel\u00e9seimet, sz\u00e9tk\u00fcldtem az \u00e9rintetteknek \u00e9s legnagyobb meglepet\u00e9semre pozit\u00edv fogadtat\u00e1sa volt.&nbsp;<\/p>\n\n\n\n<p><br><strong>Milyen v\u00e1ltoz\u00e1sok j\u00f6ttek?\u00a0<\/strong><\/p>\n\n\n\n<p>A soron k\u00f6vetkez\u0151 k\u00f6zgy\u0171l\u00e9s megv\u00e1lasztott eln\u00f6knek \u00e9s elfogadott egy \u00faj alapszab\u00e1lyzatot, egy \u00faj m\u0171k\u00f6d\u00e9si szab\u00e1lyzattal egy\u00fctt, amely rem\u00e9nyt adott, hogy munk\u00e1mat a tags\u00e1g, a felvid\u00e9ki magyar \u00e9s az egyetemes magyar irodalom\u00e9rt v\u00e9gezhessem.&nbsp;<\/p>\n\n\n\n<p><br><strong>Mik voltak a legfontosabb c\u00e9ljaid?<\/strong><\/p>\n\n\n\n<p>A legfontosabbnak \u00edr\u00f3ink \u00e9rdekv\u00e9delm\u00e9t \u00e9s a fiatalokkal val\u00f3 munk\u00e1t l\u00e1ttam. A folytonos munk\u00e1t \u00e9s a Szlov\u00e1kiai \u00cdr\u00f3szervezetek T\u00e1rsul\u00e1s\u00e1t\u00f3l val\u00f3 anyagi f\u00fcggetlens\u00e9get c\u00e9loztam meg.&nbsp;<\/p>\n\n\n\n<p><br><strong>Sz\u00e1mos neh\u00e9zs\u00e9ggel kellett szemben\u00e9zned, ezek k\u00f6z\u00fcl a legnagyobb kih\u00edv\u00e1s tal\u00e1n \u00e9ppen a tags\u00e1ggal val\u00f3 k\u00fczdelem volt, nemde?<\/strong><\/p>\n\n\n\n<p>Tal\u00e1n igen, mert meg kellett \u00e9rtetnem vel\u00fck, hogy az eln\u00f6k minden l\u00e9p\u00e9se el\u0151tt nem lehet v\u00e1lasztm\u00e1nyi \u00fcl\u00e9st \u00f6sszeh\u00edvni, hogy a v\u00e1lasztm\u00e1ny dolga a kialakult helyzetnek megfelel\u0151en hat\u00e1rozatokat hozni, d\u00f6nteni a szervezetet \u00e9rint\u0151 k\u00e9rd\u00e9sekr\u0151l, viszont mindezek v\u00e9grehajt\u00e1sa az eln\u00f6k feladata, az \u0151 felel\u0151ss\u00e9ge, mert a jog el\u0151tt sincs k\u00f6z\u00f6s felel\u0151s\u00e9gv\u00e1llal\u00e1s. P\u00e9ld\u00e1ul a p\u00e1ly\u00e1zatok meg\u00edr\u00e1sa, az elnyert p\u00e9nzek p\u00e1ly\u00e1zat szerinti felhaszn\u00e1l\u00e1sa, a donorokkal val\u00f3 elsz\u00e1mol\u00e1s megk\u00f6veteli a szem\u00e9lyes felel\u0151ss\u00e9get. Persze az alapszab\u00e1lyba is r\u00f6gz\u00edtve lett, hogy a mindenkori eln\u00f6k, \u2013 mint a szervezet jogi k\u00e9pvisel\u0151je \u2013 tartja a kapcsolatot az egy\u00fcttm\u0171k\u00f6d\u0151 int\u00e9zm\u00e9nyekkel.<\/p>\n\n\n\n<p><br><strong>Akkor kijelenthetj\u00fck, hogy 2003 ut\u00e1n f\u00f6llend\u00fclt a Szlov\u00e1kiai Magyar \u00cdr\u00f3k T\u00e1rsas\u00e1ga tev\u00e9kenys\u00e9ge \u00e9s az irodalmi \u00e9let is a szlov\u00e1kiai magyar ter\u00fcleteken? Milyen v\u00e1ltoz\u00e1sok val\u00f3sultak meg?<\/strong><\/p>\n\n\n\n<p>Folyamatosan, igen. Miut\u00e1n megv\u00e1lasztottak, megkerestem Cs\u00e1ky Pali bar\u00e1tomat, kiv\u00e1l\u00f3 pr\u00f3za\u00edr\u00f3nkat, aki akkor a Szlov\u00e1k Korm\u00e1ny aleln\u00f6ke volt, hogy seg\u00edtsen Dunaszerdahelyen egy irod\u00e1t ki\u00e9p\u00edteni, \u00e9s \u0151 seg\u00edtett. Dunaszerdahely v\u00e1ros\u00e1t\u00f3l kaptunk ingyen b\u00e9rletbe egy helyis\u00e9get, azt kellett beb\u00fatorozni, felszerelni, valamint a SzM\u00cdT titk\u00e1ra sz\u00e1m\u00e1ra kellett b\u00e9ralap. Megkaptuk. Elkezd\u0151dhetett a napi munka. Hizsnyai Zolt\u00e1nt javasoltam a v\u00e1lasztm\u00e1nynak a titk\u00e1ri posztra \u00e9s megv\u00e1lasztott\u00e1k. Sok volt a munka, de nagyon \u00e9lveztem. Mindennapi feladatok, megold\u00e1sok \u00e9s sikerek. Mivel a munk\u00e1t hossz\u00fat\u00e1von k\u00e9pzeltem el, a m\u0171k\u00f6d\u00e9si k\u00f6lts\u00e9geink \u00e1lland\u00f3 bebiztos\u00edt\u00e1s\u00e1n kezdtem el gondolkodni. Felvettem a kapcsolatot Hiller Istv\u00e1nnal, aki akkor Magyarorsz\u00e1gon a kultur\u00e1lis-oktat\u00e1si miniszter volt, hogy a magyarorsz\u00e1gi gyakorlat mint\u00e1j\u00e1ra seg\u00edtsen elint\u00e9zni, hogy a k\u00fclhoni magyar \u00edr\u00f3szervezetek m\u0171k\u00f6d\u00e9s\u00e9t is t\u00e1mogass\u00e1k. Ha a magyar irodalom egy \u00e9s egys\u00e9ges, akkor minden r\u00e9gi\u00f3ban m\u0171k\u00f6d\u0151 szervezet meg\u00e9rdemeli a t\u00e1mogat\u00e1st. Mindenki a magyar irodalom\u00e9rt dolgozik, csak m\u00e1s-m\u00e1s \u00e1llami keretek k\u00f6zt. Hillernek tetszett a gondolat, elmondta Gyurcs\u00e1ny Ferenc akkori minisztereln\u00f6knek, mire \u0151 azt mondta, hogy akkor ne csak az \u00edr\u00f3kat, hanem egy\u00e9b fontos \u00e9s j\u00f3l m\u0171k\u00f6d\u0151 hat\u00e1ron-t\u00fali civil kultur\u00e1lis szervezetet is t\u00e1mogatva legyen. Azt\u00e1n \u00f6t felvid\u00e9ki magyar szervezet t\u00e1mogat\u00e1s\u00e1r\u00f3l sz\u00fcletett d\u00f6nt\u00e9s. A Kiemelt Jelent\u0151s\u00e9g\u0171 T\u00e1rsadalmi Szervezet c\u00edmet a Csemadok, a Szlov\u00e1kiai Magyar Pedag\u00f3gusok Sz\u00f6vets\u00e9ge, a F\u00f3rum Kisebbs\u00e9gkutat\u00f3 Int\u00e9zet, az Anyanyelvi T\u00e1rsas\u00e1g, \u00e9s mi, a Szlov\u00e1kiai Magyar \u00cdr\u00f3k T\u00e1rsas\u00e1ga kaptuk meg, amelyhez kapcsolhat\u00f3 volt az \u00e1lland\u00f3sul\u00f3 m\u0171k\u00f6d\u00e9si k\u00f6lts\u00e9gi t\u00e1mogat\u00e1s.&nbsp;<\/p>\n\n\n\n<p><br><strong>Mit sz\u00f3ltak az \u00f6regek a v\u00e1ltoztat\u00e1sokhoz?<\/strong><\/p>\n\n\n\n<p>Elkezd\u0151d\u00f6tt a reform \u00e9s ahogy az lenni szokott, valakinek tetszett, valakinek nem. A t\u00f6bbs\u00e9gnek tetszett, err\u0151l tan\u00faskodnak a v\u00e1laszt\u00e1si eredm\u00e9nyeim.&nbsp;<\/p>\n\n\n\n<p><br><strong>Mi okb\u00f3l indult \u00fatj\u00e1ra a hamarosan 100-ik sz\u00e1m\u00e1t meg\u00e9l\u0151 Opus irodalmi \u00e9s m\u0171v\u00e9szeti foly\u00f3irat?<\/strong><\/p>\n\n\n\n<p>1958-ban a Csehszlov\u00e1k \u00cdr\u00f3sz\u00f6vets\u00e9g magyar tagozata h\u00edvta \u00e9letre az Irodalmi Szeml\u00e9t, amely a rendszerv\u00e1lt\u00e1sig az egyed\u00fcli magyar irodalmi foly\u00f3irat volt Szlov\u00e1ki\u00e1ban. Az id\u0151k folyam\u00e1n m\u00e9g a m\u00falt rendszerben praktikus, gazdas\u00e1gi okok miatt a kiad\u00f3i jogokat a Mad\u00e1ch K\u00f6nyvkiad\u00f3 vette \u00e1t a magyar tagozatt\u00f3l. Amikor meger\u0151s\u00f6dt\u00fcnk, pr\u00f3b\u00e1ltuk visszaszerezni. Eredm\u00e9nytelen\u00fcl teltek az \u00e9vek, majd 2009-ben \u00fagy d\u00f6nt\u00f6tt\u00fcnk, nem v\u00e1runk tov\u00e1bb, \u00e9s \u00fatj\u00e1ra ind\u00edtottuk az Opust. Az id\u0151 nek\u00fcnk adott igazat. Az \u00e9vek alatt az \u00edr\u00f3k \u00e9s az olvas\u00f3k k\u00f6zt is egyar\u00e1nt szeretett, sz\u00e1mon tartott, j\u00f3 foly\u00f3iratt\u00e1 n\u0151tte ki mag\u00e1t.<\/p>\n\n\n\n<p><br><strong>Folyamatosan besz\u00e9l\u00fcnk a fiatal\u00edt\u00e1sr\u00f3l, hogy p\u00e1lyakezd\u0151 szerz\u0151kkel foglalkoznak a mentorok a Grendel Lajos Mentorprogram keret\u00e9n bel\u00fcl. De arr\u00f3l kevesebb sz\u00f3 esik, hogy mi lesz a vezet\u00e9ssel, hiszen Hodossy Gyula eln\u00f6k \u00e9s Nagy Erika a t\u00e1rsas\u00e1g titk\u00e1ra is nyugd\u00edjas korban van. Mi lesz a SzM\u00cdT-tel, ha ti m\u00e1r ink\u00e1bb pihenn\u00e9tek \u00e9s \u00e9lvezn\u00e9tek a nyugd\u00edjas \u00e9veket? Illetve mi a helyzet azokkal az \u00edr\u00f3kkal, akik nem tagjai a SZM\u00cdT-nek? Ilyen szempontb\u00f3l bajban van az \u00edr\u00f3t\u00e1rsas\u00e1g?<\/strong><\/p>\n\n\n\n<p>Bajban? Szerintem nincs. H\u00e1la Isten, Erika eg\u00e9szs\u00e9ges, h\u00e1la Isten, \u00e9n is b\u00edrom m\u00e9g. A szervezet sincs bajban, sz\u00e1zegyn\u00e9h\u00e1ny tagunk van, akik b\u00edznak benn\u00fcnk, akik pozit\u00edvan \u00e1llnak ahhoz a munk\u00e1hoz, amit v\u00e9gz\u00fcnk. Van egy kiv\u00e1l\u00f3 v\u00e1lasztm\u00e1nyunk, amely rendre felel\u0151ss\u00e9gteljes d\u00f6nt\u00e9seket hoz, vannak t\u00e1mogat\u00f3ink, vannak kiv\u00e1l\u00f3 adminisztrat\u00edv dolgoz\u00f3ink, a szakma cs\u00facs\u00e1n l\u00e9v\u0151 p\u00e1ly\u00e1zat\u00edr\u00f3ink. Ha ez \u00edgy minden remek\u00fcl egyben van, mi\u00e9rt lenne bajban a szervezet? Hogy meddig lesz ez \u00edgy? Ezt csak a J\u00f3isten tudja. Vannak, akik azt mondj\u00e1k, a B\u00e1zis \u2013 Magyar Irodalmi \u00e9s M\u0171v\u00e9szeti Egyes\u00fclet megalakul\u00e1s\u00e1val a SzM\u00cdT vesztett a s\u00faly\u00e1b\u00f3l. \u00c9n meg azt mondom, hogy nem, s\u0151t, hiszen a t\u00e1rsas\u00e1gunknak az a feladata, hogy irodalmat szervezzen, irodalmat n\u00e9pszer\u0171s\u00edtsen, hogy \u00f6szt\u00f6nz\u0151leg hasson m\u00e1sokra, hogy ezt tegy\u00e9k \u0151k is. Teh\u00e1t addig, m\u00edg a B\u00e1zis szlov\u00e1kiai magyar irodalmat szervez, addig a szlov\u00e1kiai, felvid\u00e9ki magyar irodalomnak seg\u00edt, vagyis nek\u00fcnk. Mivel a sz\u00e9pirodalom a legkev\u00e9sb\u00e9 piack\u00e9pes a m\u0171v\u00e9szetek k\u00f6z\u00fcl, \u00edgy minden seg\u00edts\u00e9g j\u00f3l j\u00f6n. Ez\u00e9rt annyira fontosak az \u00f6szt\u00f6nd\u00edjak, ez\u00e9rt \u00f6r\u00fcl\u00f6k annak, hogy annak idej\u00e9n \u00e9rt\u0151 f\u00fclekre tal\u00e1lt a kezdem\u00e9nyez\u00e9sem \u00e9s a magyar kultur\u00e1lis miniszt\u00e9riumban elindult egy hat\u00e1ron t\u00fali magyar \u00edr\u00f3i \u00f6szt\u00f6nd\u00edjp\u00e1ly\u00e1zat, ami a mai napig m\u0171k\u00f6dik az NKA-\u00e1n (Nemzeti Kultur\u00e1lis Alap) bel\u00fcl, vagy p\u00e9ld\u00e1ul nagyon fontos a PIM (Pet\u0151fi Irodalmi M\u00fazeum) \u00e1ltal kezdem\u00e9nyezett T\u00e9rey J\u00e1nos Alkot\u00f3i \u00d6szt\u00f6nd\u00edj. Nagyon fontosnak tartom a publik\u00e1ci\u00f3k ut\u00e1ni alkot\u00f3i honor\u00e1riumokat, \u00edr\u00f3ink szerepeltet\u00e9s\u00e9nek anyagi juttat\u00e1s\u00e1t. Minden szinten v\u00e9get kell vetni annak a sajnos m\u00e9g mindig el\u0151fordul\u00f3 gyakorlatnak, hogy az \u00edr\u00f3, k\u00f6lt\u0151 \u00f6r\u00fclj\u00f6n, hogy k\u00f6z\u00f6lj\u00fck, \u00f6r\u00fclj\u00f6n, hogy szerepelhet. &nbsp;<\/p>\n\n\n\n<p><br><strong>Mint p\u00e9ld\u00e1ul a t\u00e1ncosokat, vagy a zen\u00e9szeket, \u00fagy az \u00edr\u00f3kat is meg kell fizetni, ezt \u00e9rtem, de mi a helyzet az irodalmi \u00e9lettel m\u00e1s ter\u00fcleteivel?\u00a0<\/strong><\/p>\n\n\n\n<p>Az \u00edr\u00f3k t\u00e1mogat\u00e1s\u00e1n k\u00edv\u00fcl bizony t\u00e1mogat\u00e1sra szorulnak az irodalmi rendezv\u00e9nyeink, a fiatalokkal kapcsolatos mentormunk\u00e1k, a foly\u00f3irataink, vagy a k\u00f6nyveink. Ez persze nem azt jelenti, hogy az emberek nem ig\u00e9nylik a j\u00f3, magas sz\u00ednvonal\u00fa irodalmat, hanem csup\u00e1n azt, hogy nem annyian, hogy azt el is tarts\u00e1k. \u00c9s azt sem \u00e1rt tiszt\u00e1zni, hogy az irodalom nem luxuscikk. Az eg\u00e9szs\u00e9ges t\u00e1rsadalomnak sz\u00fcks\u00e9ge van a sz\u00e9pirodalomra. Amikor sz\u00f3rakoztat, nevel is, lelket \u00e1pol, eligaz\u00edt, meger\u0151s\u00edt, ki seg\u00edt a bajb\u00f3l.<\/p>\n\n\n\n<p><br><strong>Mi az SzM\u00cdT legfontosabb k\u00fcldet\u00e9se, vagy feladata jelenleg?<\/strong><\/p>\n\n\n\n<p>Ilyen kulcsszavakat jutnak eszembe, mint p\u00e9ld\u00e1ul a hagyom\u00e1ny\u00e1pol\u00e1s, a tags\u00e1ggal val\u00f3 t\u00f6r\u0151d\u00e9s, a fiatalokkal val\u00f3 munka, a d\u00edjaz\u00e1sok, \u00e9s a publik\u00e1ci\u00f3s lehet\u0151s\u00e9gek folyamatos bebiztos\u00edt\u00e1sa.<\/p>\n\n\n\n<p><br><em>Megjelent az Opus 2025\/5-\u00f6s sz\u00e1m\u00e1ban<\/em><\/p>\n","protected":false},"excerpt":{"rendered":"<p>Az \u00edr\u00f3t\u00e1rsas\u00e1gnak m\u00e9g ma is s\u00falya vanBesz\u00e9lget\u00e9s Hodossy Gyul\u00e1val, a Szlov\u00e1kiai Magyar \u00cdr\u00f3k T\u00e1rsas\u00e1ga eln\u00f6k\u00e9vel a t\u00e1rsas\u00e1g fenn\u00e1ll\u00e1s\u00e1nak 35. \u00e9vfordul\u00f3ja kapcs\u00e1n Ebben az \u00e9vben \u00fcnnepli fenn\u00e1ll\u00e1s\u00e1nak 35. \u00e9vfordul\u00f3j\u00e1t a Szlov\u00e1kiai Magyar \u00cdr\u00f3k T\u00e1rsas\u00e1ga. A szervezet jelenlegi eln\u00f6ke, Hodossy Gyula 2003-ban &hellip; <a href=\"https:\/\/opus-folyoirat.sk\/?page_id=4514\">Egy kattint\u00e1s ide a folytat\u00e1shoz&#8230;. <span class=\"meta-nav\">&rarr;<\/span><\/a><\/p>\n","protected":false},"author":4,"featured_media":0,"parent":0,"menu_order":0,"comment_status":"closed","ping_status":"closed","template":"","meta":{"footnotes":""},"class_list":["post-4514","page","type-page","status-publish","hentry"],"_links":{"self":[{"href":"https:\/\/opus-folyoirat.sk\/index.php?rest_route=\/wp\/v2\/pages\/4514","targetHints":{"allow":["GET"]}}],"collection":[{"href":"https:\/\/opus-folyoirat.sk\/index.php?rest_route=\/wp\/v2\/pages"}],"about":[{"href":"https:\/\/opus-folyoirat.sk\/index.php?rest_route=\/wp\/v2\/types\/page"}],"author":[{"embeddable":true,"href":"https:\/\/opus-folyoirat.sk\/index.php?rest_route=\/wp\/v2\/users\/4"}],"replies":[{"embeddable":true,"href":"https:\/\/opus-folyoirat.sk\/index.php?rest_route=%2Fwp%2Fv2%2Fcomments&post=4514"}],"version-history":[{"count":2,"href":"https:\/\/opus-folyoirat.sk\/index.php?rest_route=\/wp\/v2\/pages\/4514\/revisions"}],"predecessor-version":[{"id":4517,"href":"https:\/\/opus-folyoirat.sk\/index.php?rest_route=\/wp\/v2\/pages\/4514\/revisions\/4517"}],"wp:attachment":[{"href":"https:\/\/opus-folyoirat.sk\/index.php?rest_route=%2Fwp%2Fv2%2Fmedia&parent=4514"}],"curies":[{"name":"wp","href":"https:\/\/api.w.org\/{rel}","templated":true}]}}