{"id":4531,"date":"2025-10-27T10:55:00","date_gmt":"2025-10-27T08:55:00","guid":{"rendered":"https:\/\/opus-folyoirat.sk\/?page_id=4531"},"modified":"2026-02-01T11:00:15","modified_gmt":"2026-02-01T09:00:15","slug":"nagy-erika-16","status":"publish","type":"page","link":"https:\/\/opus-folyoirat.sk\/?page_id=4531","title":{"rendered":"Nagy Erika"},"content":{"rendered":"\n<p><strong>95 \u00e9v b\u00f6lcsess\u00e9g \u00e9s elhivatotts\u00e1g<\/strong><br><em>avagy Szeber\u00e9nyi Zolt\u00e1n az irodalom vil\u00e1g\u00e1ban<\/em><\/p>\n\n\n<div class=\"wp-block-post-date\"><time datetime=\"2025-10-27T10:55:00+02:00\">2025-10-27<\/time><\/div>\n\n\n<p><br><strong>Szeber\u00e9nyi Zolt\u00e1n irodalomt\u00f6rt\u00e9n\u00e9sz, egykori egyetemi oktat\u00f3 szeptember 11-\u00e9n \u00fcnnepelte 95. sz\u00fclet\u00e9snapj\u00e1t. Szellemi frissess\u00e9ggel \u00e9li mindennapjait, az \u00e9let\u00f6r\u00f6m \u00e9s \u00e9letigenl\u00e9s ter\u00e9n igazi p\u00e9ldak\u00e9p. Az id\u0151s kor nem jelent sz\u00e1m\u00e1ra akad\u00e1lyt abban, hogy az utols\u00f3 bakancslist\u00e1s \u00e1lm\u00e1t is megval\u00f3s\u00edtsa a\u00a0k\u00f6zelj\u00f6v\u0151ben. A szabads\u00e1g \u00e9s a\u00a0lebeg\u00e9s \u00e9lm\u00e9ny\u00e9t szeretn\u00e9 megval\u00f3s\u00edtani, h\u0151l\u00e9gballonnal felsz\u00e1llni a\u00a0magasba, \u00faj \u00e9lm\u00e9nyeket gy\u0171jtve. A\u00a0csal\u00e1d pedig teljes mellsz\u00e9less\u00e9ggel t\u00e1mogatja \u0151t abban, hogy ez az \u00e1lom val\u00f3ra v\u00e1lhasson.\u00a0<\/strong><\/p>\n\n\n\n<figure class=\"wp-block-image size-large\"><img loading=\"lazy\" decoding=\"async\" width=\"768\" height=\"1024\" src=\"http:\/\/opus-folyoirat.sk\/wp-content\/uploads\/2025\/10\/Szeberenyi-768x1024.jpeg\" alt=\"\" class=\"wp-image-2753\" srcset=\"https:\/\/opus-folyoirat.sk\/wp-content\/uploads\/2025\/10\/Szeberenyi-768x1024.jpeg 768w, https:\/\/opus-folyoirat.sk\/wp-content\/uploads\/2025\/10\/Szeberenyi-225x300.jpeg 225w, https:\/\/opus-folyoirat.sk\/wp-content\/uploads\/2025\/10\/Szeberenyi-1152x1536.jpeg 1152w, https:\/\/opus-folyoirat.sk\/wp-content\/uploads\/2025\/10\/Szeberenyi.jpeg 1536w\" sizes=\"auto, (max-width: 768px) 100vw, 768px\" \/><\/figure>\n\n\n\n<p>K\u00e9t \u00e9vvel ezel\u0151tt megk\u00e9rdeztem t\u0151le, hogy milyen \u00e9rz\u00e9s 93 \u00e9vesnek lenni. Azt a&nbsp;v\u00e1laszt kaptam, hogy nincs felemel\u0151 \u00e9rz\u00e9s benne, s&nbsp;nem teszi boldogabb\u00e1, hogy j\u00f3val meghaladta a k\u00f6z\u00e9p-eur\u00f3pai posztkommunista \u00e1llamok f\u00e9rfiainak \u00e1tlagos \u00e9letkor\u00e1t. A \u201esz\u00e9p\u201c korban m\u00e1r nehezen tal\u00e1lja meg a&nbsp;sz\u00e9pet. Ez nyilv\u00e1n abb\u00f3l is ad\u00f3dik, hogy mozg\u00e1sa m\u00e1ra m\u00e1r er\u0151sen korl\u00e1tozott.<strong> \u201e<\/strong>Belet\u00f6r\u0151d\u00e9ssel veszem tudom\u00e1sul, hogy a tizedik \u00e9vtized olyan alag\u00fat, amelynek garant\u00e1ltan nincs m\u00e1sik v\u00e9ge, az utas bent reked valahol az \u00f6r\u00f6k s\u00f6t\u00e9ts\u00e9gben. A racion\u00e1lisan gondolkod\u00f3 embernek azonban el kell fogadnia a haland\u00f3s\u00e1g t\u00e9ny\u00e9t \u00e9s er\u0151it lehet\u0151leg arra&nbsp; \u00f6sszpontos\u00edtania, hogy m\u00e9lt\u00f3s\u00e1ggal, b\u00f6lcs megnyugv\u00e1ssal \u00e9s lelki b\u00e9k\u00e9benben v\u00e1rja az \u00e9let alapt\u00f6rv\u00e9ny\u00e9nek beteljes\u00fcl\u00e9s\u00e9t. Ehhez a k\u00e9rlelhetetlen val\u00f3s\u00e1ghoz igyekszem \u00e9n is igazodni. V\u00e1rom,&nbsp; b\u00e1r nem \u00f3hajtom \u2013 pedag\u00f3gusnyelven sz\u00f3lva \u2013 az utols\u00f3 kicsenget\u00e9st.\u201c&nbsp;<\/p>\n\n\n\n<p>Szeber\u00e9nyi Zolt\u00e1n ar\u00e1nylag k\u00e9s\u0151n ker\u00fclt az olvas\u00e1s b\u0171v\u00f6let\u00e9be. Helyette a kor- \u00e9s sorst\u00e1rsaival minden szabad perc\u00fcket a V\u00e1gdun\u00e1n t\u00f6lt\u00f6tt\u00e9k, \u00e9s saj\u00e1t bevall\u00e1sa szerint \u201eink\u00e1bb a fiziol\u00f3giai, mint a bet\u0171\u00e9hs\u00e9g vetett haza benn\u00fcnket az est\u00e9be ny\u00fal\u00f3 \u00f3r\u00e1kban, holtf\u00e1radtan, olvas\u00e1sra m\u00e1r alkalmatlanul. K\u00f6rnyezetemben csup\u00e1n any\u00e1m volt olvas\u00f3. A rajong\u00f3k fajt\u00e1j\u00e1b\u00f3l. Sz\u00e1m\u00e1ra csak egyetlen \u00edr\u00f3 l\u00e9tezett: J\u00f3kai. H\u00e1zi \u201ek\u00f6nyvt\u00e1runkat\u201c is csup\u00e1n n\u00e9h\u00e1ny J\u00f3kai k\u00f6tet k\u00e9pezte, valamilyen r\u00e9gi sorozat darabjai, s\u00falyos, cikorny\u00e1s d\u00edsz\u00edt\u00e9s\u0171, aranyozott fedel\u0171, \u00f3donillat\u00fa k\u00f6tetek.\u201c\u00a0 \u00c9desanyja gyakran b\u00edztata olvas\u00e1sra, de nem sok sikerrel. A r\u00e9gies nyelvhaszn\u00e1lat, a sok idegen sz\u00f3, a k\u00f6r\u00fclm\u00e9nyesen kibontakoz\u00f3 esem\u00e9nyek a kedv\u00e9t szegt\u00e9k. T\u00edz\u00e9ves lehetett, amikor d\u00f6nt\u0151 fordulat k\u00f6vetkezett be olvas\u00f3i fejl\u0151d\u00e9s\u00e9ben. \u201eKezembe ker\u00fclt Daniel Defoe: Robinson Crusoe c\u00edm\u0171 reg\u00e9ny\u00e9nek az ifj\u00fas\u00e1g sz\u00e1m\u00e1ra \u00e1tdolgozott, sz\u00ednes \u00e1br\u00e1kkal, rajzokkal b\u0151s\u00e9gesen illusztr\u00e1lt v\u00e1ltozata, c\u00edmlapj\u00e1n\u00a0 a szimb\u00f3lumm\u00e1 emelkedett, kecskeb\u0151r ruh\u00e1ba \u00f6lt\u00f6z\u00f6tt, marcona emberalakkal. Hossz\u00fa \u00e9vekre kihat\u00f3 tal\u00e1lkoz\u00e1s volt ez. A m\u0171faj b\u0171v\u00f6let\u00e9be estem, hossz\u00fa \u00e9vekig robinzon\u00e1dokra, kaland- \u00e9s utaz\u00e1si reg\u00e9nyekre vad\u00e1sztam. Nagy val\u00f3sz\u00edn\u0171s\u00e9g szerint ennek a m\u0171faji k\u00f6t\u0151d\u00e9snek k\u00f6sz\u00f6nhet\u0151. hogy ar\u00e1nylag k\u00e9s\u0151n v\u00e1ltam a komoly irodalom rendszeres \u00e9s m\u00f3dszeres olvas\u00f3j\u00e1v\u00e1. A tudatoss\u00e1g fok\u00e1ra pedig j\u00f3szerivel csup\u00e1n a feln\u0151tts\u00e9g k\u00fcsz\u00f6b\u00e9n t\u00fal jutottam.\u00a0 A f\u0151iskol\u00e1s \u00e9veim alatt fedeztem fel \u2013 tan\u00e1raim, Sas Andor \u00e9s Turczel Lajos hat\u00e1s\u00e1ra \u2013, hogy az irodalomban a kalandon, az egzotikumon, az izgalmakon k\u00edv\u00fcl m\u00e1s \u00e9rdekess\u00e9gek \u00e9s \u00e9rt\u00e9kek is fellelhet\u0151k.\u201c<\/p>\n\n\n\n<p>&nbsp;Szeber\u00e9nyi Zolt\u00e1n nem k\u00e9sz\u00fclt kritikusnak, csup\u00e1n t\u00e1j\u00e9kozott, \u00f6n\u00e1ll\u00f3 v\u00e9lem\u00e9nnyel b\u00edr\u00f3 olvas\u00f3, felk\u00e9sz\u00fclt irodalompedag\u00f3gus akart lenni. Nyitr\u00e1ra, a mai Konstantin Filoz\u00f3fus Egyetemre ker\u00fclve azonban minden megv\u00e1ltozott kor- \u00e9s sorst\u00e1rsa, Dobos L\u00e1szl\u00f3, az Irodalmi Szemle akkori f\u0151szerkeszt\u0151j\u00e9nek hat\u00e1s\u00e1ra.&nbsp; \u201eK\u00fcld\u00f6tt egy k\u00f6nyvet, Margita Figuli: H\u00e1rom pejl\u00f3 c\u00edm\u0171 reg\u00e9ny\u00e9t, hogy \u00edrjak r\u00f3la recenzi\u00f3t. Megtiszteltet\u00e9snek vettem, meg\u00edrtam. \u00cdgy kezd\u0151d\u00f6tt. Ezt k\u00f6vet\u0151en szorgos figyel\u0151je \u00e9s t\u00f6bb-kevesebb rendszeress\u00e9ggel kritikusa lettem a hazai magyar irodalomnak. Nem vagyok j\u00f3 gazd\u00e1ja munk\u00e1ss\u00e1gomnak,&nbsp; nem vezettem szem\u00e9lyi bibliogr\u00e1fi\u00e1t, fogalmam sincs, hogy h\u00e1ny kritik\u00e1t \u00edrtam \u00e9letemben, biztosan kevesebbet, mint amennyi illett volna, de a n\u00e9gy \u00e9vtized alatt \u00edgy is \u00f6sszegy\u0171lt t\u00f6bb k\u00f6tetre val\u00f3.\u201c Nem kevesebb, mint n\u00e9gy \u00e9vtizeden \u00e1t tan\u00edtotta a huszadik sz\u00e1zad&nbsp; magyar irodalm\u00e1nak t\u00f6rt\u00e9net\u00e9t, f\u0151k\u00e9nt a k\u00e9t h\u00e1bor\u00fa k\u00f6z\u00f6tti id\u0151szakot. A kutat\u00f3i \u2013 irodalomt\u00f6rt\u00e9n\u00e9szi tev\u00e9kenys\u00e9g\u00e9t az el\u0151ad\u00e1sokra val\u00f3 felk\u00e9sz\u00fcl\u00e9s alapozta meg. \u00d6n\u00e1ll\u00f3 st\u00fadiumk\u00e9nt bevezett\u00e9k a csehszlov\u00e1kiai magyar irodalom t\u00f6rt\u00e9net\u00e9t, s&nbsp;ennek a tant\u00e1rgynak kezdett\u0151l fogva \u0151 volt az el\u0151ad\u00f3ja. Megfelel\u0151 forr\u00e1sok h\u00edj\u00e1n meg kellett \u00edrnia az&nbsp; irodalmunk t\u00f6rt\u00e9net\u00e9t, s&nbsp;mivel \u00e9vtizedeken \u00e1t&nbsp; a Mad\u00e1ch K\u00f6nyvkiad\u00f3 szaklektora volt, szinte az \u00f6sszes megjelen\u0151 sz\u00e9pirodalmi m\u0171 k\u00e9zirat\u00e1t elolvasta, majd v\u00e9lem\u00e9nyezte. \u201eTudom\u00e1nyos kutat\u00f3i, kritikusi, tank\u00f6nyv\u00edr\u00f3i \u00e9s irodalom-n\u00e9pszer\u0171s\u00edt\u0151i tev\u00e9kenys\u00e9gem is szinte kiz\u00e1r\u00f3lag a hazai magyar irodalomra ir\u00e1nyult. Szil\u00e1rd meggy\u0151z\u0151d\u00e9sem hogy az irodalom nem \u00f6nc\u00e9l\u00fa tev\u00e9kenys\u00e9g, nem puszt\u00e1n a \u201cl\u00e9lek f\u00e9ny\u0171z\u00e9se\u201c, a&nbsp; kisebbs\u00e9gi helyzetben k\u00fcl\u00f6n\u00f6sen nem az. Az alkot\u00f3 sz\u00e1nd\u00e9k\u00e1t\u00f3l f\u00fcgg\u0151en az eszt\u00e9tikai-m\u0171v\u00e9szeti hat\u00e1s mellett er\u0151s\u00edtheti a kisebbs\u00e9gi sorban \u00e9l\u0151k identit\u00e1s\u00e1t, helyzettudat\u00e1t, m\u00e9ly\u00edtheti \u00f6nismeret\u00fcket, fejlesztheti \u00f6ntudatukat, lass\u00edthatja asszimil\u00e1ci\u00f3jukat, a k\u00e9rlelhetetlen lemorzsol\u00f3d\u00e1st. A mai, f\u0151k\u00e9nt a fiatalabb olvas\u00f3k szem\u00e9ben ma m\u00e1r provinci\u00e1lisnak,&nbsp; mer\u0151 maradis\u00e1gnak t\u0171nik ez az attit\u0171d.\u201c Szeber\u00e9nyi Zolt\u00e1n szerint sokan vannak azok, akik a nemzetis\u00e9gi-kisebbs\u00e9gi irodalmat perif\u00e9rikus jelens\u00e9gnek tartj\u00e1k, s\u0151t, m\u00e9g a&nbsp;l\u00e9t\u00e9t is megk\u00e9rd\u0151jelezik. B\u00fcszke arra, hogy, szinte az eg\u00e9sz tudom\u00e1nyos \u00e9s irodalmi munk\u00e1ss\u00e1goa a (cseh-)szlov\u00e1kiai magyar irodalom \u00e9s szellemi-\u00edr\u00e1sbeli kult\u00fara jelens\u00e9geire ir\u00e1nyult.&nbsp;&nbsp;&nbsp;&nbsp;&nbsp;&nbsp;&nbsp;&nbsp;&nbsp;&nbsp;&nbsp;&nbsp; &nbsp;&nbsp;&nbsp;&nbsp;&nbsp;&nbsp;&nbsp;&nbsp;&nbsp;&nbsp;&nbsp;&nbsp;&nbsp;&nbsp;&nbsp;&nbsp;&nbsp;&nbsp;&nbsp;&nbsp;&nbsp;&nbsp;&nbsp;&nbsp;<\/p>\n\n\n\n<p>Mintegy f\u00e9l tucat k\u00f6nyve, sz\u00e1mos, k\u00f6tetbe nem sorolt tanulm\u00e1nya jelent meg irodalmunk t\u00e9mak\u00f6r\u00e9b\u0151l, de a&nbsp;mai napig hi\u00e1ny\u00e9rzete van, viszont sz\u00edvesen \u00e9s megel\u00e9ged\u00e9ssel gondol a Turczel Lajosr\u00f3l, Duba Gyul\u00e1r\u00f3l, Ozsvald \u00c1rp\u00e1dr\u00f3l \u00edrt kismonogr\u00e1fi\u00e1kra, valanint a Magyar irodalom Szlov\u00e1ki\u00e1ban (1945-1999) c\u00edm\u0171 k\u00e9t k\u00f6tetes portr\u00e9essz\u00e9-sorozatra, amelyet a felvid\u00e9ki magyar irodalom tabl\u00f3szer\u0171 k\u00e9zik\u00f6nyv\u00e9nek sz\u00e1nt.&nbsp;<\/p>\n\n\n\n<p>Szeber\u00e9nyi Zolt\u00e1n a&nbsp;\u201eharmincasok\u201c nemzed\u00e9k\u00e9hez tartozik, s&nbsp;err\u0151l igy nyilatkozott:\u201eHa az eml\u00e9kezetem nem csal, \u00e9n haszn\u00e1ltam el\u0151sz\u00f6r ezt a kifejez\u00e9st&nbsp; egy jubileumi \u00f6sszej\u00f6vetel alkalm\u00e1b\u00f3l. A sors becses aj\u00e1nd\u00e9k\u00e1nak tartom, hogy korban \u2013 sorsban&nbsp; olyan kiv\u00e1l\u00f3 egy\u00e9nis\u00e9gekkel osztozhatom, mint Dobos L\u00e1szl\u00f3, Duba Gyula, F\u00f3nod Zolt\u00e1n, T\u00f6r\u00f6k Elem\u00e9r, Veres J\u00e1nos. Elmondhatjuk \u2013 az elkoptatott k\u00f6zhelyek nyelv\u00e9n sz\u00f3lva &#8211; rosszkor \u00e9s rossz&nbsp; helyen sz\u00fclett\u00fcnk. Nem volt hozz\u00e1nk kegyes a sors, a t\u00f6rt\u00e9nelem. Kamaszkorunkat a h\u00e1bor\u00fa \u00e9s a magyar \u201epokolj\u00e1r\u00e1s\u201c s\u00falyos kataklizm\u00e1i \u00e1rny\u00e9kolt\u00e1k be, ifj\u00fas\u00e1gunk \u00e9s&nbsp; t\u00e1rsadalmi beilleszked\u00e9s\u00fcnk a&nbsp;Sas Andor fogalmazta \u201ej\u00e9gt\u00f6r\u0151 \u00e9s gy\u00fcm\u00f6lcshoz\u00f3\u201c febru\u00e1r ut\u00e1ni korszakra esett.&nbsp; Tagadhatatlan, hogy 1948 febru\u00e1rja \u00e9vsz\u00e1zados nemzetis\u00e9gi l\u00e9t\u00fcnk egyik d\u00f6nt\u0151 fordulata, a tot\u00e1lis megsemmis\u00fcl\u00e9st\u0151l mentette meg nemzetis\u00e9gi kisebbs\u00e9g\u00fcnket \u00e9s kult\u00far\u00e1nkat.&nbsp; Val\u00f3ban a haz\u00e1tlans\u00e1g \u00e9s a&nbsp; jogfosztotts\u00e1g \u201ejeg\u00e9t\u201c z\u00fazta sz\u00e9t,&nbsp; megteremtette irodalmunk \u00e9s&nbsp; kult\u00far\u00e1nk \u00fajj\u00e1sz\u00fclet\u00e9s\u00e9nek, a \u201eharmadvir\u00e1gz\u00e1s\u201c (F\u00e1bry) kibontakoz\u00e1s\u00e1nak lehet\u0151s\u00e9g\u00e9t. Egy ellentmond\u00e1sos, rem\u00e9nyekkel \u00e9s cs\u00fcgged\u00e9ssel teli korban, \u201ef\u00e9nyes szell\u0151kt\u0151l\u201c hajtva, \u201elelkesen \u00e9s dalolva\u201c, f\u00e9nyes j\u00f6v\u0151vel kecsegtetve kapcsol\u00f3dtunk be \u00e9ledez\u0151 irodalmunkba, v\u00e1llalva az alapoz\u00e1s, az \u00fajraindul\u00e1s neh\u00e9zs\u00e9geit. M\u00e1ig hat\u00f3, j\u00f3les\u0151 \u00e9rz\u00e9s, hogy nemzed\u00e9kem jelent\u0151s szerepet t\u00f6lt\u00f6tt be a (cseh-) szlov\u00e1kiai irodalmi \u00e9s kultur\u00e1lis \u00e9letben. A t\u00e1rsadalmi elismer\u00e9s sem maradt el, a Mad\u00e1ch-Pososium K\u00f6nyvkiad\u00f3 antol\u00f3gi\u00e1t jelentetett meg a \u201eharmincasok\u201c tisztelet\u00e9re N\u00f3\u00e9k az Arar\u00e1t tetej\u00e9n c\u00edmmel, T\u0151zs\u00e9r \u00c1rp\u00e1d m\u00e9ly emp\u00e1ti\u00e1val meg\u00edrt el\u0151szav\u00e1val. \u201c&nbsp;<\/p>\n\n\n\n<p>Szeber\u00e9nyi Zolt\u00e1n egyetemi oktat\u00f3k\u00e9nt igyekezett mindig is a&nbsp; hivat\u00e1s\u00e1hoz \u00e9s magyars\u00e1g\u00e1hoz m\u00e9lt\u00f3n \u00e9lni \u00e9s cselekedni. \u00d6r\u00f6m \u00e9s megel\u00e9ged\u00e9s t\u00f6lti el, hogy r\u00e9szt vehetett t\u00f6bb sz\u00e1zra tehet\u0151 magyar szakos \u00e9s als\u00f3 tagozatos tan\u00e1r szakmai k\u00e9pz\u00e9s\u00e9ben. A mai napig szeretettel gondol&nbsp; egykori hallgat\u00f3ira, \u00e9s vallja, hogy&nbsp; \u201eNincs ann\u00e1l sz\u00edvder\u00edt\u0151bb \u00f6r\u00f6m, mint amikor a tan\u00edtv\u00e1ny eredm\u00e9nyeiben be\u00e9ri \u00e9s meghaladja tan\u00edt\u00f3j\u00e1t. Nekem ez a sors kegye folyt\u00e1n t\u00f6bbsz\u00f6r\u00f6sen megadatott. Irodalmi-kultur\u00e1lis \u00e9s tudom\u00e1nyos \u00e9let\u00fcnk olyan kimagasl\u00f3 k\u00e9pvisel\u0151inek szellemi kult\u00far\u00e1j\u00e1hoz \u00e9s szakmai fejl\u0151d\u00e9s\u00e9hez j\u00e1rulhattam hozz\u00e1, mint Bodn\u00e1r Gyula \u00edr\u00f3-pulicista,&nbsp; Cs\u00e1ky K\u00e1roly k\u00f6lt\u0151, helyt\u00f6rt\u00e9n\u00e9sz, n\u00e9prajzkutat\u00f3, Pong\u00f3 Istv\u00e1n, B\u00e1rczi Zs\u00f3fia, Benyovszky Kriszti\u00e1n, Keser\u0171 J\u00f3zsef egyetemi tan\u00e1rok, Szarka Tam\u00e1s \u00e9s Gyula Kossuth-d\u00edjas dal- \u00e9s zeneszerz\u0151k. J\u00f3 \u00e9rz\u00e9s \u00e9s koromat-bajaimat feledtet\u0151 \u00f6r\u00f6m, hogy mindannyiukkal bar\u00e1ti viszonyban \u00e9s kapcsolatban \u00e1llok, s m\u00e9g van er\u0151m figyelemmel k\u00eds\u00e9rni munk\u00e1s\u00e1gukat, sz\u00e1montartani sikereiket. \u201c<\/p>\n\n\n\n<p>&nbsp;Az egyetemr\u0151l a m\u00falt sz\u00e1zad utols\u00f3 \u00e9v\u00e9ben, n\u00e9gy \u00e9vtizedes szolg\u00e1lat&nbsp; ut\u00e1n nyugd\u00edjba ment. Ahogy \u0151 fogalmazott, \u201etestileg \u00e9s lelkileg megf\u00e1radva\u201c, ugyanis megviselt\u00e9k az utols\u00f3 m\u00e1sf\u00e9l \u00e9vtized szem\u00e9lyi-int\u00e9zm\u00e9nyi-t\u00e1rsadalmi esem\u00e9nyei. Megviselte az igaztalan \u00e9s \u00edzl\u00e9stelen hadj\u00e1rat, amit a halott F\u00e1bry m\u0171ve \u00e9s hagyat\u00e9ka miatt volt k\u00e9nytelen meg\u00e9lni. \u201eA \u201enincs szlov\u00e1kiai magyar irodalom\u201c&#8211; jelsz\u00f3t harsogt\u00e1k, \u00fajb\u00f3l feltal\u00e1lva a cs\u0151ben a lyukat.&nbsp; \u00dagy v\u00e9ltem, hogy a l\u00e1tszat, az elterel\u0151 man\u0151verek, a f\u00e9nyl\u0151 retorika ellen\u00e9re,&nbsp; l\u00e9nyeg\u00e9ben \u00e9rdemleges esztikai \u00e9rvek \u00e9s indokok n\u00e9lk\u00fcli poz\u00f3ci\u00f3- \u00e9s preszt\u00edzsharc folyik, amiben nem k\u00edv\u00e1ntam r\u00e9szt venni.\u201c<\/p>\n\n\n\n<p>A 95 \u00e9v b\u00f6lcsess\u00e9ge \u00e9s ereje inspir\u00e1l\u00f3 lehet mindannyiunk sz\u00e1m\u00e1ra. Szeber\u00e9nyi Zolt\u00e1n, mint a magas kort meg\u00e9rt emberek \u00e1ltal\u00e1ban, j\u00f3r\u00e9szt eml\u00e9keiben \u00e9li mindennapjait, vagy a gondolataiban s\u00e1ncolja el mag\u00e1t.&nbsp; Sok id\u0151t t\u00f6lt el a sz\u00e1m\u00edt\u00f3g\u00e9p, vagyis a modern kor b\u0171v\u00f6s kock\u00e1ja el\u0151tt, t\u00f6bbek k\u00f6z\u00f6tt ismeretterjeszt\u0151 filmeket n\u00e9zegetve az interneten. A&nbsp;l\u00e9gballonoz\u00e1s \u00e9lm\u00e9ny\u00e9hez pedig k\u00edv\u00e1nom, hogy eg\u00e9szs\u00e9gben, der\u0171ben folytat\u00f3djon tov\u00e1bb a kaland!<\/p>\n","protected":false},"excerpt":{"rendered":"<p>95 \u00e9v b\u00f6lcsess\u00e9g \u00e9s elhivatotts\u00e1gavagy Szeber\u00e9nyi Zolt\u00e1n az irodalom vil\u00e1g\u00e1ban Szeber\u00e9nyi Zolt\u00e1n irodalomt\u00f6rt\u00e9n\u00e9sz, egykori egyetemi oktat\u00f3 szeptember 11-\u00e9n \u00fcnnepelte 95. sz\u00fclet\u00e9snapj\u00e1t. Szellemi frissess\u00e9ggel \u00e9li mindennapjait, az \u00e9let\u00f6r\u00f6m \u00e9s \u00e9letigenl\u00e9s ter\u00e9n igazi p\u00e9ldak\u00e9p. Az id\u0151s kor nem jelent sz\u00e1m\u00e1ra akad\u00e1lyt abban, &hellip; <a href=\"https:\/\/opus-folyoirat.sk\/?page_id=4531\">Egy kattint\u00e1s ide a folytat\u00e1shoz&#8230;. <span class=\"meta-nav\">&rarr;<\/span><\/a><\/p>\n","protected":false},"author":4,"featured_media":0,"parent":0,"menu_order":0,"comment_status":"closed","ping_status":"closed","template":"","meta":{"footnotes":""},"class_list":["post-4531","page","type-page","status-publish","hentry"],"_links":{"self":[{"href":"https:\/\/opus-folyoirat.sk\/index.php?rest_route=\/wp\/v2\/pages\/4531","targetHints":{"allow":["GET"]}}],"collection":[{"href":"https:\/\/opus-folyoirat.sk\/index.php?rest_route=\/wp\/v2\/pages"}],"about":[{"href":"https:\/\/opus-folyoirat.sk\/index.php?rest_route=\/wp\/v2\/types\/page"}],"author":[{"embeddable":true,"href":"https:\/\/opus-folyoirat.sk\/index.php?rest_route=\/wp\/v2\/users\/4"}],"replies":[{"embeddable":true,"href":"https:\/\/opus-folyoirat.sk\/index.php?rest_route=%2Fwp%2Fv2%2Fcomments&post=4531"}],"version-history":[{"count":1,"href":"https:\/\/opus-folyoirat.sk\/index.php?rest_route=\/wp\/v2\/pages\/4531\/revisions"}],"predecessor-version":[{"id":4533,"href":"https:\/\/opus-folyoirat.sk\/index.php?rest_route=\/wp\/v2\/pages\/4531\/revisions\/4533"}],"wp:attachment":[{"href":"https:\/\/opus-folyoirat.sk\/index.php?rest_route=%2Fwp%2Fv2%2Fmedia&parent=4531"}],"curies":[{"name":"wp","href":"https:\/\/api.w.org\/{rel}","templated":true}]}}