{"id":4549,"date":"2025-11-23T11:31:00","date_gmt":"2025-11-23T09:31:00","guid":{"rendered":"https:\/\/opus-folyoirat.sk\/?page_id=4549"},"modified":"2026-02-01T11:32:45","modified_gmt":"2026-02-01T09:32:45","slug":"bakonyi-istvan-6","status":"publish","type":"page","link":"https:\/\/opus-folyoirat.sk\/?page_id=4549","title":{"rendered":"Bakonyi Istv\u00e1n"},"content":{"rendered":"<div class=\"wp-block-post-date\"><time datetime=\"2025-11-23T11:31:00+02:00\">2025-11-23<\/time><\/div>\n\n\n<p><br><strong>Fellinger K\u00e1roly: Forr\u00e1sl\u00e1p<\/strong><\/p>\n\n\n\n<p>A rendk\u00edv\u00fcl term\u00e9keny k\u00f6lt\u0151 \u00fajabb fontos k\u00f6tete a <em>Forr\u00e1sl\u00e1p<\/em>. Benne a t\u0151le megszokott l\u00edrai sz\u00ednekkel, \u00e1m sz\u00e1mos \u00faj von\u00e1ssal.<\/p>\n\n\n<div class=\"wp-block-image\">\n<figure class=\"alignright size-full is-resized\"><img loading=\"lazy\" decoding=\"async\" width=\"300\" height=\"450\" src=\"https:\/\/opus-folyoirat.sk\/wp-content\/uploads\/2026\/02\/Fellinger-Karoly-Forraslap.jpeg\" alt=\"\" class=\"wp-image-4551\" style=\"width:260px;height:auto\" srcset=\"https:\/\/opus-folyoirat.sk\/wp-content\/uploads\/2026\/02\/Fellinger-Karoly-Forraslap.jpeg 300w, https:\/\/opus-folyoirat.sk\/wp-content\/uploads\/2026\/02\/Fellinger-Karoly-Forraslap-200x300.jpeg 200w\" sizes=\"auto, (max-width: 300px) 100vw, 300px\" \/><\/figure><\/div>\n\n\n<p>A kor\u00e1bbi \u00e9rt\u00e9kek k\u00f6z\u00e9 sorolhatjuk azokat a verseit, amelyekben k\u00e9pz\u0151m\u0171v\u00e9szeti alkot\u00e1sokat illusztr\u00e1l a sz\u00f3 erej\u00e9vel. Persze az esetek t\u00f6bbs\u00e9g\u00e9ben t\u00f6bb ez, mint illusztr\u00e1ci\u00f3, hiszen \u00f6n\u00e1ll\u00f3sulnak a sz\u00f6vegek, \u00e1m k\u00e9ts\u00e9gtelen, hogy a k\u00e9p vagy a szobor a \u201esz\u00fcl\u0151j\u00fck\u201d. Az \u00fajdons\u00e1g erej\u00e9vel hat ugyanakkor a k\u00f6tet gerinc\u00e9t kitev\u0151, a k\u00f6tetc\u00edmet mag\u00e1n visel\u0151 ciklus, a maga rendk\u00edv\u00fcl gazdag anyag\u00e1val, formai soksz\u00edn\u0171s\u00e9g\u00e9vel.<\/p>\n\n\n\n<p>L\u0151rincz P. Gabriella \u00edrja a h\u00e1tlapon lev\u0151 aj\u00e1nl\u00e1sban: \u201e\u2026Ez a k\u00f6tet nem hagy k\u00e9rd\u00e9seket, felteszi ugyan, de meg is v\u00e1laszolja. Nincsenek lez\u00e1ratlan t\u00f6rt\u00e9netek. Az utaz\u00e1s biztos, a meg\u00e9rkez\u00e9sr\u0151l magunk d\u00f6nt\u00fcnk, a vers megtette a dolg\u00e1t, a t\u00f6bbi r\u00e1nk van b\u00edzva.\u201d \u00cdgy igaz, \u00e9s ebben az is benne van, hogy m\u00e9giscsak sz\u00fcks\u00e9gesek a v\u00e1laszok. S az utaz\u00e1s \u00edgy lesz izgalmas, persze szellemi \u00e9rtelemben.&nbsp;<\/p>\n\n\n\n<p>K\u00fcl\u00f6n\u00f6s aktualit\u00e1st ad az a t\u00e9ny, hogy el\u0151bb ukr\u00e1n, majd orosz fest\u0151k m\u0171vei jelentik az alapot, sugallv\u00e1n, hogy a m\u0171v\u00e9szetet nem sz\u00fcks\u00e9ges \u00f6sszekevern\u00fcnk a politik\u00e1val, \u00e9s a sz\u00f6rny\u0171, \u00e9rtelmetlen h\u00e1bor\u00faval. Pontosabban a k\u00f6lt\u0151 h\u00e1bor\u00faelleness\u00e9ge ebben a k\u00f6zegben is egy\u00e9rtelm\u0171. \u201e..ki\u00e9gett h\u00e1z \u00e1gya mellett \/ meg\u00e1llott egy r\u00f6pke percre, \/ sz\u00e9tl\u0151tt t\u00fck\u00f6r cserepein \/\/ nem vezet \u00fat m\u00e1r semerre\u2026\u201d \u2013 olvassuk a k\u00f6tetnyit\u00f3 dr\u00e1mai hang\u00fa versben, a <em>Csend\u00e9let halottakkal<\/em> soraiban. Er\u0151s kezd\u00e9s, er\u0151s hang\u00fct\u00e9s, \u00e9s ez adja meg az alaphangot. Nem gondolhatunk m\u00e1sra, mint a b\u00e9ke \u00f3hajt\u00e1s\u00e1ra. A k\u00f6lt\u0151 pedig nem \u00fcres sz\u00f3lamokkal hazudja a b\u00e9kev\u00e1gyat, hanem az igaz sz\u00f3 erej\u00e9vel mutatja be a sz\u00f6rny\u0171 val\u00f3s\u00e1got, leplezi le a gyilkosokat, \u00e9s fejezi ki egy\u00e9rtelm\u0171 \u00e1ll\u00e1sfoglal\u00e1s\u00e1t. Mik\u00e9nt jeles el\u0151dei tett\u00e9k minden korban, c\u00e1folv\u00e1n az \u0151si t\u00e9telt a m\u00fazs\u00e1k hallgat\u00e1s\u00e1r\u00f3l.<\/p>\n\n\n\n<p>Ennek a jegy\u00e9ben sz\u00fclethettek meg a szemben\u00e1ll\u00f3 n\u00e9pek nem szemben\u00e1ll\u00f3 m\u0171v\u00e9szet\u00e9r\u0151l olvashat\u00f3 versek. Mint ahogy a \u201eforr\u00e1sl\u00e1p\u201d is szimboliz\u00e1lja a felsz\u00ednre t\u00f6r\u0151 r\u00e9teget vagy \u00e9ppen a mocsarat. Bege Magdolna bor\u00edt\u00f3terve egy m\u00e9ly kutat hoz el\u00e9nk, benne s\u00f6t\u00e9ts\u00e9g, s a fenek\u00e9t sem l\u00e1tjuk. \u00c9s mindent ellep a sz\u00fcrkes\u00e9g\u2026 \u00c1m m\u00e9gis \u00e9rz\u00e9kelteti, hogy akarat \u00e9s f\u00f6lfel\u00e9 t\u00f6rekv\u00e9s jellemzi ezt a k\u00f6rnyezetet. A vizualit\u00e1s purit\u00e1ns\u00e1g\u00e1val.&nbsp; \u00d6sszhangban ezzel a sz\u00f6veg pattog\u00e1sa, kem\u00e9nys\u00e9ge, \u00e9rz\u00e9kletes k\u00e9peinek var\u00e1zsa.<\/p>\n\n\n\n<p>Ezek az \u00e9rt\u00e9kek \u201ebesziv\u00e1rognak\u201d az ukr\u00e1n \u00e9s orosz fest\u0151ket megid\u00e9z\u0151 versek vil\u00e1g\u00e1ba is. A k\u00f6lt\u0151 szinte l\u00e1ttatja a vizu\u00e1lis \u00e9lm\u00e9nyt ott, ahol \u00e9pp a k\u00e9p nincs jelen. Mozdulatok, hangulatok, t\u00e1j, portr\u00e9k. Megfigyelhetj\u00fck, hogy az orosz t\u00e1rgy\u00fa k\u00e9peken t\u00f6bb a b\u00e9kess\u00e9g. Legal\u00e1bbis nem a h\u00e1bor\u00fa az uralkod\u00f3, b\u00e1r akad kiv\u00e9tel is. \u201eKopony\u00e1k, \/ fejetlen\u00fcl \u00e9s hanyagul \/ egy halomba h\u00e1nyva, \/ egyenesen a hal\u00e1l \/ tork\u00e1b\u00f3l\u2026\u201d (<em>Vaszilij Vasziljevics Verescsagin: A h\u00e1bor\u00fa apote\u00f3zisa, 1871)&nbsp; <\/em>A k\u00e9p bizony a borzalomr\u00f3l sz\u00f3l: koponyakupaccal, \u00e9hes varjakkal a k\u00e9k \u00e9g alatt. Fellinger n\u00e9h\u00e1ny sz\u00f3val var\u00e1zsolja el\u00e9nk a l\u00e9nyeget. M\u00e1sutt megjelen\u00edti a szakralit\u00e1st, a term\u00e9szetet, az embert.<\/p>\n\n\n\n<p>S a k\u00f6tet nagy v\u00e1llalkoz\u00e1sa mintegy hetven oldalon a m\u00e1r eml\u00edtett ciklus. Egybef\u00fcgg\u0151 versbesz\u00e9dk\u00e9nt, mozaikok \u00f6sszess\u00e9gek\u00e9nt, miniat\u0171r\u00f6k sokas\u00e1gak\u00e9nt.&nbsp; Vannak benne \u00f6n\u00e9letrajzi mozzanatok, h\u00e9tk\u00f6znapi elemek, amelyeket f\u00f6lemeli a sz\u00f6veg.&nbsp; Mint kor\u00e1bban is, pr\u00f3zai, epikai saj\u00e1toss\u00e1gokkal. A mindent elmondani sz\u00e1nd\u00e9k jeleivel. Fontosak benne az eml\u00e9kez\u00e9s mozzanatai, a m\u00falt elemeinek kisz\u0171r\u00e9s\u00e9vel. Egy jellegzetes mozzanat: \u201e\u2026A led\u00f3zerolt sz\u00fcl\u0151i \/ h\u00e1z padl\u00e1s\u00e1t \/ egy \u00e9letre meg\u0151rzi szemem\u2026\u201d&nbsp; Ez az a helyzet, amelyben van hova ny\u00falnia az eml\u00e9kez\u0151nek. A felvid\u00e9ki magyars\u00e1g h\u0171 k\u00f6vet\u00e9nek. Akinek term\u00e9szetesen \u201ev\u00e9r\u00e9ben van a szabads\u00e1g\u201d. Ezt a m\u0171vet verses \u00f6n\u00e9letrajznak is tarthatjuk, \u00e9s nem mellesleg korrajznak. Fellinger szem\u00e9lyes eml\u00e9kei \u00e9s \u00e9lm\u00e9nye r\u00e9sz\u00e9t k\u00e9pezik t\u00e1gabb k\u00f6z\u00f6ss\u00e9g\u00e9nek. K\u00e9pi vil\u00e1ga \u00e9rz\u00e9kletes, l\u00edrai eszk\u00f6zei soksz\u00edn\u0171ek. Az olvas\u00f3 arra is gondolhat, egy monodr\u00e1ma lehet\u0151s\u00e9geit k\u00edn\u00e1lja f\u00f6l ez a m\u0171. T\u00f6bbek k\u00f6z\u00f6tt az \u00f6nvizsg\u00e1lat l\u00e1that\u00f3 jegyei ok\u00e1n. Nincs benne b\u0151besz\u00e9d\u0171s\u00e9g, sokkal ink\u00e1bb a t\u00f6m\u00f6r\u00edt\u00e9s jellemzi. Tal\u00e1lunk benne visszat\u00e9r\u0151 mot\u00edvumokat is, de ezek a f\u0151 vonalat er\u0151s\u00edtik. Az emberi l\u00e9tez\u00e9s \u00e9rtelm\u00e9t \u00edgy ragadja meg: \u201e\u2026Istenbe belen\u0151tt a neml\u00e9t, \/ mint a gy\u00fcm\u00f6lcsf\u00e1ba \/ a madzag, \/ amivel kik\u00f6t\u00f6tt\u00e9k a kar\u00f3hoz, \/ a kar\u00f3hoz, \/ ami J\u00e9zus keresztj\u00e9nek a \/ mell\u00e9kterm\u00e9ke, \/ nem hagyt\u00e1k elt\u00fczelni \/ a j\u00f3raval\u00f3 \u00e1csok\u2026\u201d S ezzel szemben meg\u00e9nekli a m\u00falt \u00e9s a jelen borzalmait, N\u00e9r\u00f3t\u00f3l napjainkig.<\/p>\n\n\n\n<p>A tov\u00e1bbi ciklusok is a szerves folytat\u00e1s jegy\u00e9ben sz\u00fclettek. A r\u00e9gebbi \u00e9s az \u00fajabb sz\u00ednek egy\u00fcttes jelenl\u00e9te sokadszor gy\u0151zi meg az olvas\u00f3t Fellinger K\u00e1roly l\u00edr\u00e1j\u00e1nak min\u0151s\u00e9g\u00e9r\u0151l. Az \u201eigazs\u00e1gra vagyunk \u00edt\u00e9lve\u201d \u2013 mondja hitelesen.<\/p>\n\n\n\n<p>(<em>Irodalmi Jelen, 2024<\/em>.)<\/p>\n\n\n\n<p><\/p>\n\n\n\n<p><em>Megjelent az Opus 2025\/5-\u00f6s sz\u00e1m\u00e1ban<\/em><\/p>\n","protected":false},"excerpt":{"rendered":"<p>Fellinger K\u00e1roly: Forr\u00e1sl\u00e1p A rendk\u00edv\u00fcl term\u00e9keny k\u00f6lt\u0151 \u00fajabb fontos k\u00f6tete a Forr\u00e1sl\u00e1p. Benne a t\u0151le megszokott l\u00edrai sz\u00ednekkel, \u00e1m sz\u00e1mos \u00faj von\u00e1ssal. A kor\u00e1bbi \u00e9rt\u00e9kek k\u00f6z\u00e9 sorolhatjuk azokat a verseit, amelyekben k\u00e9pz\u0151m\u0171v\u00e9szeti alkot\u00e1sokat illusztr\u00e1l a sz\u00f3 erej\u00e9vel. Persze az esetek &hellip; <a href=\"https:\/\/opus-folyoirat.sk\/?page_id=4549\">Egy kattint\u00e1s ide a folytat\u00e1shoz&#8230;. <span class=\"meta-nav\">&rarr;<\/span><\/a><\/p>\n","protected":false},"author":4,"featured_media":0,"parent":0,"menu_order":0,"comment_status":"closed","ping_status":"closed","template":"","meta":{"footnotes":""},"class_list":["post-4549","page","type-page","status-publish","hentry"],"_links":{"self":[{"href":"https:\/\/opus-folyoirat.sk\/index.php?rest_route=\/wp\/v2\/pages\/4549","targetHints":{"allow":["GET"]}}],"collection":[{"href":"https:\/\/opus-folyoirat.sk\/index.php?rest_route=\/wp\/v2\/pages"}],"about":[{"href":"https:\/\/opus-folyoirat.sk\/index.php?rest_route=\/wp\/v2\/types\/page"}],"author":[{"embeddable":true,"href":"https:\/\/opus-folyoirat.sk\/index.php?rest_route=\/wp\/v2\/users\/4"}],"replies":[{"embeddable":true,"href":"https:\/\/opus-folyoirat.sk\/index.php?rest_route=%2Fwp%2Fv2%2Fcomments&post=4549"}],"version-history":[{"count":1,"href":"https:\/\/opus-folyoirat.sk\/index.php?rest_route=\/wp\/v2\/pages\/4549\/revisions"}],"predecessor-version":[{"id":4552,"href":"https:\/\/opus-folyoirat.sk\/index.php?rest_route=\/wp\/v2\/pages\/4549\/revisions\/4552"}],"wp:attachment":[{"href":"https:\/\/opus-folyoirat.sk\/index.php?rest_route=%2Fwp%2Fv2%2Fmedia&parent=4549"}],"curies":[{"name":"wp","href":"https:\/\/api.w.org\/{rel}","templated":true}]}}