{"id":4560,"date":"2025-11-29T11:38:00","date_gmt":"2025-11-29T09:38:00","guid":{"rendered":"https:\/\/opus-folyoirat.sk\/?page_id=4560"},"modified":"2026-02-01T11:42:46","modified_gmt":"2026-02-01T09:42:46","slug":"hodossy-gyula-2","status":"publish","type":"page","link":"https:\/\/opus-folyoirat.sk\/?page_id=4560","title":{"rendered":"Hodossy Gyula"},"content":{"rendered":"<div class=\"has-text-align-right wp-block-post-date\"><time datetime=\"2025-11-29T11:38:00+02:00\">2025-11-29<\/time><\/div>\n\n\n<p><strong>A megfoghatatlans\u00e1g csapd\u00e1ja<\/strong><\/p>\n\n\n\n<p><br>Folyv\u00e1st elengedem a kezed,\u00a0<br>hogy azt\u00e1n \u00fajra, meg \u00fajra, megfoghassam,<br>hogy ujjaink t\u00e1ncolva, szorosan egym\u00e1sba fon\u00f3djanak.<br>Mint ahogy kell az \u00e9j, hogy napkelte legyen,<br>mint ahogy kell az \u00edztelen, hogy becs\u00fcljem az \u00edzeset,<br>a s\u00f3sat, az \u00e9deset, \u00fagy kell a hi\u00e1ny,<br>hogy meg\u00e9rezzem a teljess\u00e9get, a melegs\u00e9get,<br>hogy v\u00e9gre forrjon a v\u00e9rem.<br><br>Csendre v\u00e1gyom,<br>hogy meghalljam, amit csak \u00e9n hallhatok,<br>hogy megl\u00e1ssam, amit csak \u00e9n l\u00e1thatok,<br>hogy meg\u00e9rezzem, amit csak \u00e9n \u00e9rezhetek.<br>A h\u00e1z melletti gy\u00f6ny\u00f6r\u0171 nagy ny\u00edrf\u00e1n egy h\u00e9ja vijjog,<br>mik\u00f6zben \u00e9n, magamnak hi\u00e1nyzom,<br>magamnak vagyok sehol,<br>magamnak bujk\u00e1lok, a ragaszkod\u00e1saim,\u00a0<br>a f\u00e1jdalmas gondolataim el\u0151l.<br><br>A zene seg\u00edt, a zene felemel,<br>\u00f6sszek\u00f6ti a k\u00e9pzeletbelit a val\u00f3dival,<br>a f\u00e9lelmet a b\u00e1tors\u00e1ggal, a feket\u00e9t a feh\u00e9rrel,<br>\u00f6sszek\u00f6ti a m\u00falt eml\u00e9keit, a j\u00f6v\u0151 sejtelmes k\u00e9peivel,<br>\u00f6sszek\u00f6ti az egym\u00e1sba ill\u0151 kezeket.<br><br>Folyv\u00e1st elengedem v\u00e1gyaimat,<br>hogy azt\u00e1n \u00fajra, meg \u00fajra meg\u00e9ljem,<br>lelkem titkos rekesz\u00e9ben a felfoghatatlan gy\u00f6ny\u00f6rt,<br>a vil\u00e1g rejtett szeretet\u00e9t, Isten kinyilatkoztatott \u00edg\u00e9ret\u00e9t.\u00a0<\/p>\n\n\n\n<p><\/p>\n\n\n\n<p><em>Megjelent az Opus 2025\/5-\u00f6s sz\u00e1m\u00e1ban<\/em><\/p>\n","protected":false},"excerpt":{"rendered":"<p>A megfoghatatlans\u00e1g csapd\u00e1ja Folyv\u00e1st elengedem a kezed,\u00a0hogy azt\u00e1n \u00fajra, meg \u00fajra, megfoghassam,hogy ujjaink t\u00e1ncolva, szorosan egym\u00e1sba fon\u00f3djanak.Mint ahogy kell az \u00e9j, hogy napkelte legyen,mint ahogy kell az \u00edztelen, hogy becs\u00fcljem az \u00edzeset,a s\u00f3sat, az \u00e9deset, \u00fagy kell a hi\u00e1ny,hogy meg\u00e9rezzem &hellip; <a href=\"https:\/\/opus-folyoirat.sk\/?page_id=4560\">Egy kattint\u00e1s ide a folytat\u00e1shoz&#8230;. <span class=\"meta-nav\">&rarr;<\/span><\/a><\/p>\n","protected":false},"author":4,"featured_media":0,"parent":0,"menu_order":0,"comment_status":"closed","ping_status":"closed","template":"","meta":{"footnotes":""},"class_list":["post-4560","page","type-page","status-publish","hentry"],"_links":{"self":[{"href":"https:\/\/opus-folyoirat.sk\/index.php?rest_route=\/wp\/v2\/pages\/4560","targetHints":{"allow":["GET"]}}],"collection":[{"href":"https:\/\/opus-folyoirat.sk\/index.php?rest_route=\/wp\/v2\/pages"}],"about":[{"href":"https:\/\/opus-folyoirat.sk\/index.php?rest_route=\/wp\/v2\/types\/page"}],"author":[{"embeddable":true,"href":"https:\/\/opus-folyoirat.sk\/index.php?rest_route=\/wp\/v2\/users\/4"}],"replies":[{"embeddable":true,"href":"https:\/\/opus-folyoirat.sk\/index.php?rest_route=%2Fwp%2Fv2%2Fcomments&post=4560"}],"version-history":[{"count":1,"href":"https:\/\/opus-folyoirat.sk\/index.php?rest_route=\/wp\/v2\/pages\/4560\/revisions"}],"predecessor-version":[{"id":4562,"href":"https:\/\/opus-folyoirat.sk\/index.php?rest_route=\/wp\/v2\/pages\/4560\/revisions\/4562"}],"wp:attachment":[{"href":"https:\/\/opus-folyoirat.sk\/index.php?rest_route=%2Fwp%2Fv2%2Fmedia&parent=4560"}],"curies":[{"name":"wp","href":"https:\/\/api.w.org\/{rel}","templated":true}]}}