{"id":4580,"date":"2025-11-24T12:00:00","date_gmt":"2025-11-24T10:00:00","guid":{"rendered":"https:\/\/opus-folyoirat.sk\/?page_id=4580"},"modified":"2026-02-01T12:12:09","modified_gmt":"2026-02-01T10:12:09","slug":"soos-gabor","status":"publish","type":"page","link":"https:\/\/opus-folyoirat.sk\/?page_id=4580","title":{"rendered":"So\u00f3s G\u00e1bor"},"content":{"rendered":"<div class=\"has-text-align-right wp-block-post-date\"><time datetime=\"2025-11-24T12:00:00+02:00\">2025-11-24<\/time><\/div>\n\n\n<p><strong>Felesleges mondatok<\/strong><\/p>\n\n\n\n<div class=\"wp-block-group is-vertical is-layout-flex wp-container-core-group-is-layout-8cf370e7 wp-block-group-is-layout-flex\">\n<p>A mondatok ezerf\u00e9l\u00e9k lehetnek.\u00a0<\/p>\n\n\n\n<p>\u00c9bred\u00e9s ut\u00e1n vid\u00e1man hemperg\u0151z\u0151k, vagy a reggeli k\u00e1v\u00e9 nyugalm\u00e1t sz\u00ednlel\u0151k. N\u00e9melyik telefonk\u00e9nt cs\u00f6r\u00f6g bele gondolatainkba, \u00e9s akad, ami fejbever, mint egy lehull\u00f3 vadgesztenye. Az egyik \u00f6tsz\u00e1z k\u00f6bcentis motork\u00e9nt h\u00faz el mellett\u00fcnk, a m\u00e1sikban megbotlunk a busz fel\u00e9 futva. Felszisszen, ak\u00e1r a pneumatikus ajt\u00f3, a k\u00f6vetkez\u0151 pillanatban pedig mell\u00e9nk akar \u00fclni.<\/p>\n\n\n\n<p><em>May I, <\/em>k\u00e9rdezte a sz\u0151kes\u00e9g az \u00fcl\u00e9sre mutatva. P\u00e1r \u00e9vvel lehetett fiatalabb, mint \u00e9n, de ezt manaps\u00e1g neh\u00e9z meg\u00e1llap\u00edtani. Val\u00f3sz\u00edn\u0171leg mindketten a Z gener\u00e1ci\u00f3hoz tartoztunk. Zavaromban egyszerre b\u00f3lintottam, \u00e9s intettem. <em>Tetszik a k\u00f6rm\u00f6d,<\/em> folytatta, mik\u00f6zben le\u00fclt mell\u00e9m. Megk\u00f6sz\u00f6ntem, \u00e9s hozz\u00e1tettem, \u00e9pp a k\u00f6rm\u00f6st\u0151l j\u00f6v\u00f6k. A l\u00e1ny l\u00e1that\u00f3an meglep\u0151d\u00f6tt. Magyar buszon egy fick\u00f3 m\u00e9lyv\u00f6r\u00f6s k\u00f6r\u00f6mlakkal a kez\u00e9n, perfekt angols\u00e1ggal v\u00e1laszol. <em>Az \u00c1llamokb\u00f3l j\u00f6tt\u00e9l? Nem, de tanultam ott p\u00e1r \u00e9vet<\/em>. <em>Ok\u00e9<\/em>, folytatta, <em>Pearl vagyok<\/em>. <em>Krisz<\/em>, feleltem, \u00e9s azonnal visszat\u00e9rt\u00fcnk a k\u00f6r\u00f6mlakk t\u00e9m\u00e1j\u00e1ra. <em>T\u00f6k j\u00f3, hogy egyre t\u00f6bb f\u00e9rfi haszn\u00e1l lakkot. Szerintem szexi<\/em>. Fura, gondoltam, Csill, a k\u00f6rm\u00f6s\u00f6m is ezt mondta, \u00e9s hozz\u00e1tette, <em>\u00e9n a helyedben leszarn\u00e1m, ki mit sz\u00f3l, nekem bej\u00f6n ez a m\u00e9lyv\u00f6r\u00f6s. Kibaszott men\u0151.<\/em> Csill is az volt. Teli pirszinggel \u00e9s tetov\u00e1l\u00e1ssal. Els\u0151 alkalommal h\u00e1romszor jav\u00edtott ki, \u0151 nem Csilla, Csill. <em>\u00c9rted, nyugi.<\/em>&nbsp;<\/p>\n\n\n\n<p>Nyugodt voltam. Az a m\u00e1sf\u00e9l \u00f3ra, am\u00edg elt\u0171nik az el\u0151z\u0151 lakkr\u00e9teg, majd felker\u00fcl az alapoz\u00e1s, \u00e9s v\u00e9g\u00fcl az \u00faj sz\u00edn, sz\u00e1momra mindig teljes lebeg\u00e9s. Mint amikor Tommal el\u0151sz\u00f6r pr\u00f3b\u00e1ltuk ki New Yorkban. Igaz, ott m\u00e1st\u00f3l lebegt\u00fcnk. Beszabadultunk a h\u00faga szob\u00e1j\u00e1ba, \u00e9s mindent felkent\u00fcnk magunkra, amit a fi\u00f3kokban tal\u00e1ltunk. A lakkoz\u00e1s m\u00e1skor hat\u00e1reset lett volna, de aznap \u00e9jjel nem voltak hat\u00e1rok. Nem tudom, hogy a spangli okozta halv\u00e1nylila k\u00f6d, az aceton illata, vagy a lakk sz\u00edne ind\u00edtott be minket ennyire, de a s\u00edrva r\u00f6h\u00f6g\u00e9st el\u0151bb a meglepett csend, majd az eszel\u0151s v\u00e1gy, v\u00e9g\u00fcl pedig az \u00f6szt\u00f6n\u00f6k m\u00e1r-m\u00e1r vad\u00e1llati \u0151rj\u00f6ng\u00e9se v\u00e1ltotta fel. P\u00e1r \u00f3ra alatt t\u00f6bbet tanultunk magunkr\u00f3l, mint az addig eltelt h\u00fasz \u00e9vben \u00f6sszesen.&nbsp;<\/p>\n\n\n\n<p>Mindegy.&nbsp;<\/p>\n\n\n\n<p>B\u00e1rmit is gondolok, m\u00e1r nincs jelent\u0151s\u00e9ge. Csak \u00fajabb alkalmat teremt egy makacs \u00e9s ut\u00e1latos mondatnak, hogy bel\u00e9m r\u00faghasson.&nbsp;<\/p>\n\n\n\n<p>Kurv\u00e1ra hi\u00e1nyzol, Tom.<\/p>\n\n\n\n<p>Persze, vannak olyan mondatok is, amelyek minden el\u0151zm\u00e9ny n\u00e9lk\u00fcl bukkannak fel, \u00e9s v\u00e1ratlan dolgokat id\u00e9znek el\u0151. F\u00e1jdalommal \u00e9gnek bele eml\u00e9kezet\u00fcnkbe, mintha az agyunknak saj\u00e1t tetov\u00e1l\u00f3m\u0171v\u00e9sze lenne.&nbsp;<\/p>\n\n\n\n<p><em>Mi van buzik\u00e1m, meggyet magozt\u00e1l?&nbsp;<\/em><\/p>\n\n\n\n<p>Eddig fel sem t\u0171nt, hogy k\u00e9t fick\u00f3, le\u00fclt vel\u00fcnk szembe. Amelyik megsz\u00f3l\u00edtott, kopasz, tal\u00e1n negyvenes, mel\u00f3s kin\u00e9zet\u0171, k\u00f6rmei t\u00f6vig r\u00e1gva. A m\u00e1sik ak\u00e1r a fia is lehetett. Beesett arc\u00e1t kapar\u00e1szta, karvalyszer\u0171 orr\u00e1val folyamatosan szip\u00e1kolt. Az id\u0151sebb egy felbontott dobozos s\u00f6rt tartott a kez\u00e9ben, de lehellete el\u00e1rulta, m\u00e1r t\u00fal van a bemeleg\u00edt\u00e9sen.&nbsp;<\/p>\n\n\n\n<p>A sz\u0151ke l\u00e1ny \u00f3vatosan k\u00f6zelebb h\u00faz\u00f3dott. Nem val\u00f3sz\u00edn\u0171, hogy \u00e9rtett a sz\u00f6vegb\u0151l b\u00e1rmit is, de a hanghordoz\u00e1s egy\u00e9rtelm\u0171 volt. <em>Nevermind<\/em>, s\u00fagtam oda. <em>Magyarul besz\u00e9lj, k\u00f6cs\u00f6g<\/em>, mordult fel a kopasz, \u00e9s a \u201eMagyar vagyok nem turista\u201d felirat\u00fa p\u00f3l\u00f3j\u00e1ra mutatott. Tov\u00e1bbra sem gondoltam, hogy meg kellene sz\u00f3lalnom. A statisztik\u00e1k szerint a k\u00f6teked\u0151k nagy r\u00e9sze, ha nem vesz\u00fcnk r\u00f3la tudom\u00e1st, egy id\u0151 ut\u00e1n elunja \u00e9s abbahagyja, vagy keres mag\u00e1nak m\u00e1sik c\u00e9lpontot.<\/p>\n\n\n\n<p>Ez a figura azonban nem olvasta a statisztik\u00e1kat.&nbsp;<\/p>\n\n\n\n<p><em>Any\u00e1d mit sz\u00f3lt hozz\u00e1, hogy fi\u00fat v\u00e1rt, \u00e9s te j\u00f6tt\u00e9l? <\/em>Erre a m\u00e1sik felr\u00f6h\u00f6g\u00f6tt, \u00e9s m\u00e9g hangosabban sz\u00edvta az orr\u00e1t. <em>\u00c9s te, cica<\/em>? <em>Mit keresel a buzny\u00e1k mellett?<\/em>, sz\u00fart oda a l\u00e1nynak. <em>Sr\u00e1cok, nem kell ez<\/em>, sz\u00f3laltam meg v\u00e9g\u00fcl. A t\u00f6bbi utas k\u00f6zben sz\u00e9p lassan elsziv\u00e1rgott a k\u00f6rnyezet\u00fcnkb\u0151l. Tudtam, hogy senki sem fog seg\u00edteni. Pont \u00fagy, mint p\u00e1r \u00e9ve, kilencezer kilom\u00e9terrel od\u00e9bb.&nbsp;<\/p>\n\n\n\n<p><em>Nekem te ne mondd meg, mit csin\u00e1ljak, fasszop\u00f3!<\/em> L\u00e1ttam, ahogy a kopasz keze \u00f6k\u00f6lbe szorul, fel is k\u00e9sz\u00fcltem az \u00fct\u00e9sre, vagy valami m\u00e9g rosszabbra. Az adrenalin felgyors\u00edtja a reflexeinket, de lelass\u00edtja az id\u0151 \u00e9rz\u00e9kel\u00e9s\u00e9t. A fick\u00f3 mintha \u00f3r\u00e1kig vett volna lend\u00fcletet. Biztos voltam benne, hogy mindj\u00e1rt nekem esik, amikor a m\u00e1sik teste hirtelen megfesz\u00fclt, \u00e9s minden el\u0151zm\u00e9ny n\u00e9lk\u00fcl r\u00e1ngat\u00f3zni kezdett. A kopasz odafordult, de a fiatalabb m\u00e1r lecs\u00faszott az \u00fcl\u00e9sek k\u00f6z\u00e9, \u00e9s artikul\u00e1latlan hangokat adott ki. A sz\u0151ke l\u00e1ny sikoltozott, az utasok kiab\u00e1ltak, a busz lef\u00e9kezett. M\u00e9g mindig lass\u00edtott felv\u00e9telk\u00e9nt n\u00e9ztem, ahogyan egy m\u00e9lyv\u00f6r\u00f6s v\u00e9rcs\u00edk jelenik meg a fi\u00fa sz\u00e1ja sz\u00e9l\u00e9n.&nbsp;<\/p>\n\n\n\n<p>Tom arc\u00e1t l\u00e1ttam magam el\u0151tt.<\/p>\n\n\n\n<p>\u00c9n r\u00e1ngattam el arra a bulira a Lower East Side-on, k\u00e9t nappal a diplomaoszt\u00f3 ut\u00e1n. Gondoltam, kieresztj\u00fck a g\u0151zt, de hamar kider\u00fclt, a kilencvenes \u00e9vekbeli n\u00e9met techno nem a mi vil\u00e1gunk. Mintha valami n\u00e1ci gy\u0171l\u00e9sre cs\u00f6ppent\u00fcnk volna be. A t\u00e1rsas\u00e1g nagy r\u00e9sze katonai zubbonyt viselt, \u00e9s jelszavakat ordib\u00e1lt. Egy \u00f3ra m\u00falva meguntuk, gyalog indultunk az East River fel\u00e9. \u00dagy d\u00f6nt\u00f6tt\u00fcnk, p\u00e1r utc\u00e1val od\u00e9bb fogunk egy taxit. K\u00e9zen fogva s\u00e9t\u00e1ltunk, \u00e9s \u00fagy r\u00f6h\u00f6gt\u00fcnk magunkon, meg a b\u00e9na helyzeten mint k\u00e9t kamasz.&nbsp;<\/p>\n\n\n\n<p>Vannak olyan mondatok, amelyek egy vad\u00e1szkutya szagl\u00e1s\u00e1val rendelkeznek, meg\u00e9rzik a boldogs\u00e1g illat\u00e1t, \u00e9s onnant\u00f3l kezdve nem nyugszanak addig, am\u00edg fel nem kutatj\u00e1k, \u00e9s meg nem semmis\u00edtik. <em>Ha ezt a p\u00e1rttaggy\u0171l\u00e9st t\u00fal\u00e9lt\u00fck, j\u00f6het b\u00e1rmi<\/em>, fulladozott Tom a r\u00f6h\u00f6g\u00e9st\u0151l. A k\u00f6vetkez\u0151 pillanatban \u00f6sszeesett, mag\u00e1val r\u00e1ntva engem is. Az\u00f3ta sem tudni ki l\u0151tt, \u00e9s kinek sz\u00e1nt\u00e1k azt a goly\u00f3t, csak a d\u00f6rej visszhangzott k\u00f6r\u00fcl\u00f6tt\u00fcnk m\u00e9g egy ideig. Tom g\u00f6rcs\u00f6sen kapaszkodott bel\u00e9m. Kiab\u00e1ltam mint egy f\u00e9l\u0151r\u00fclt. A filmeken ilyenkor fontos mondatok hagyj\u00e1k el a haldokl\u00f3 sz\u00e1j\u00e1t, de Tom csak n\u00e9zett r\u00e1m. Biztosan szeretett volna mondani valamit, biztosan szeretett volna munk\u00e1ba \u00e1llni, hitelt felvenni egy h\u00e1zra, \u00e9s sz\u00e9tcsapni mag\u00e1t a h\u00e1zavat\u00f3n.&nbsp;<\/p>\n\n\n\n<p>Biztosan szeretett volna velem lenni.&nbsp;<\/p>\n\n\n\n<p><em>Hall engem, uram?<\/em>, szir\u00e9n\u00e1zott a f\u00fclembe egy \u00fajabb mondat, de az is lehet, hogy csak a ment\u0151aut\u00f3 volt. Elk\u00e9sett. Pont \u00fagy, mint egy nyomorult hollywoodi moziban.<\/p>\n\n\n\n<p>Sz\u00e1nalom n\u00e9lk\u00fcl n\u00e9ztem az \u00fcl\u00e9sek k\u00f6z\u00f6tt r\u00e1ngat\u00f3z\u00f3 fi\u00fat. Epilepszi\u00e1s roham. Elharapta a nyelv\u00e9t. Pontosan tudtam, az a kis h\u00fasdarab a sz\u00e1j\u00e1ban majd egyre h\u00e1tr\u00e9bb ker\u00fcl, \u00e9s elz\u00e1rja a leveg\u0151 \u00fatj\u00e1t. A kopasz s\u00edrt, <em>kisfiam, Robik\u00e1m, nincs baj<\/em>, <em>itt vagyok<\/em>, n\u00e9h\u00e1ny utas orvos\u00e9rt ki\u00e1ltott, a sof\u0151r ment\u0151t h\u00edvott, de tudtam, mire ide\u00e9r, a fi\u00fa val\u00f3sz\u00edn\u0171leg meghal. L\u00e1ttam magam el\u0151tt, ahogy zs\u00e1kba teszik, \u00e9s a proszekt\u00fara h\u0171t\u0151term\u00e9be viszik. \u00c9reztem a szagokat, amelyek a boncol\u00e1skor keletkeznek, hallottam a gumikeszty\u0171 nyikorg\u00e1s\u00e1t, ahogy a patol\u00f3gus pr\u00f3b\u00e1lja lefejteni mag\u00e1r\u00f3l. Majd olcs\u00f3 temet\u00e9se lesz, k\u00f6lcs\u00f6np\u00e9nzb\u0151l, csak p\u00e1ran \u00e1llj\u00e1k k\u00f6rbe a s\u00edrt. Az anyja el sem megy, m\u00e1r nem \u00e9l, vagy eg\u00e9sz pici kor\u00e1ban elhagyta \u0151t. A kopasz h\u00f3napokra mag\u00e1ba roskad, m\u00e9g t\u00f6bbet iszik, tobz\u00f3dik f\u00e1jdalm\u00e1ban, szidja a buzikat, a migr\u00e1nsokat, istent. Egy nap er\u0151t vesz rajta a f\u00e1jdalomn\u00e1l is er\u0151sebb \u00e9rz\u00e9s. Bossz\u00fat kell \u00e1llnia valakin.&nbsp;<\/p>\n\n\n\n<p>B\u00e1rkin.&nbsp;<\/p>\n\n\n\n<p>Mindenkin.&nbsp;<\/p>\n\n\n\n<p>De most m\u00e9g pr\u00f3b\u00e1lja oldalra ford\u00edtani a fi\u00e1t, nem is sejti, hogy ezzel az egyszer\u0171 mozdulattal kiszabad\u00edtotta a mondatot, amely eddig ott fuldoklott a r\u00e1ngat\u00f3z\u00f3 fiatal test alatt. \u201eAz emberi \u00e9letet minden megk\u00fcl\u00f6nb\u00f6ztet\u00e9s n\u00e9lk\u00fcl tisztelem.\u201d Ezt a modern hippokrat\u00e9szi esk\u00fct szavaltuk Tommal a Columbia diploma\u00e1tad\u00f3j\u00e1n.&nbsp;<\/p>\n\n\n\n<p>Az id\u0151 \u00fajra felvette eredeti temp\u00f3j\u00e1t. <em>Orvos vagyok, engedjenek oda<\/em>. Szabadd\u00e1 tettem a l\u00e9gutat, megn\u00e9ztem a pulzus\u00e1t, \u00e9s \u00e9reztem, ahogy a szervezet megnyugszik. A g\u00f6rcs sz\u00e9p lassan kioldja \u00f6nmag\u00e1t.&nbsp;<\/p>\n\n\n\n<p>Nincs sz\u00fcks\u00e9g \u00fajabb mondatokra. Egyszer minden a hely\u00e9re ker\u00fcl.<\/p>\n<\/div>\n\n\n\n<p><\/p>\n\n\n\n<p><em>Megjelent az Opus 2025\/5-\u00f6s sz\u00e1m\u00e1ban<\/em><\/p>\n","protected":false},"excerpt":{"rendered":"<p>Felesleges mondatok A mondatok ezerf\u00e9l\u00e9k lehetnek.\u00a0 \u00c9bred\u00e9s ut\u00e1n vid\u00e1man hemperg\u0151z\u0151k, vagy a reggeli k\u00e1v\u00e9 nyugalm\u00e1t sz\u00ednlel\u0151k. N\u00e9melyik telefonk\u00e9nt cs\u00f6r\u00f6g bele gondolatainkba, \u00e9s akad, ami fejbever, mint egy lehull\u00f3 vadgesztenye. Az egyik \u00f6tsz\u00e1z k\u00f6bcentis motork\u00e9nt h\u00faz el mellett\u00fcnk, a m\u00e1sikban megbotlunk &hellip; <a href=\"https:\/\/opus-folyoirat.sk\/?page_id=4580\">Egy kattint\u00e1s ide a folytat\u00e1shoz&#8230;. <span class=\"meta-nav\">&rarr;<\/span><\/a><\/p>\n","protected":false},"author":4,"featured_media":0,"parent":0,"menu_order":0,"comment_status":"closed","ping_status":"closed","template":"","meta":{"footnotes":""},"class_list":["post-4580","page","type-page","status-publish","hentry"],"_links":{"self":[{"href":"https:\/\/opus-folyoirat.sk\/index.php?rest_route=\/wp\/v2\/pages\/4580","targetHints":{"allow":["GET"]}}],"collection":[{"href":"https:\/\/opus-folyoirat.sk\/index.php?rest_route=\/wp\/v2\/pages"}],"about":[{"href":"https:\/\/opus-folyoirat.sk\/index.php?rest_route=\/wp\/v2\/types\/page"}],"author":[{"embeddable":true,"href":"https:\/\/opus-folyoirat.sk\/index.php?rest_route=\/wp\/v2\/users\/4"}],"replies":[{"embeddable":true,"href":"https:\/\/opus-folyoirat.sk\/index.php?rest_route=%2Fwp%2Fv2%2Fcomments&post=4580"}],"version-history":[{"count":1,"href":"https:\/\/opus-folyoirat.sk\/index.php?rest_route=\/wp\/v2\/pages\/4580\/revisions"}],"predecessor-version":[{"id":4582,"href":"https:\/\/opus-folyoirat.sk\/index.php?rest_route=\/wp\/v2\/pages\/4580\/revisions\/4582"}],"wp:attachment":[{"href":"https:\/\/opus-folyoirat.sk\/index.php?rest_route=%2Fwp%2Fv2%2Fmedia&parent=4580"}],"curies":[{"name":"wp","href":"https:\/\/api.w.org\/{rel}","templated":true}]}}