{"id":4943,"date":"2026-03-19T10:06:22","date_gmt":"2026-03-19T08:06:22","guid":{"rendered":"https:\/\/opus-folyoirat.sk\/?page_id=4943"},"modified":"2026-03-19T10:06:23","modified_gmt":"2026-03-19T08:06:23","slug":"lackfi-janos-kossuth-dijahoz","status":"publish","type":"page","link":"https:\/\/opus-folyoirat.sk\/?page_id=4943","title":{"rendered":"Lackfi J\u00e1nos Kossuth-d\u00edj\u00e1hoz"},"content":{"rendered":"\n<p>Tisztelt Lackfi J\u00e1nos!<\/p>\n\n\n<div class=\"wp-block-image\">\n<figure class=\"alignright size-large is-resized\"><img loading=\"lazy\" decoding=\"async\" width=\"768\" height=\"1024\" src=\"https:\/\/opus-folyoirat.sk\/wp-content\/uploads\/2026\/03\/Lackfi_FB-768x1024.jpeg\" alt=\"\" class=\"wp-image-4944\" style=\"width:206px;height:auto\" srcset=\"https:\/\/opus-folyoirat.sk\/wp-content\/uploads\/2026\/03\/Lackfi_FB-768x1024.jpeg 768w, https:\/\/opus-folyoirat.sk\/wp-content\/uploads\/2026\/03\/Lackfi_FB-225x300.jpeg 225w, https:\/\/opus-folyoirat.sk\/wp-content\/uploads\/2026\/03\/Lackfi_FB-1152x1536.jpeg 1152w, https:\/\/opus-folyoirat.sk\/wp-content\/uploads\/2026\/03\/Lackfi_FB.jpeg 1536w\" sizes=\"auto, (max-width: 768px) 100vw, 768px\" \/><figcaption class=\"wp-element-caption\">K\u00e9p: Lackfi J\u00e1nos FB-oldala<\/figcaption><\/figure><\/div>\n\n\n<p>Az <em>Opus<\/em> irodalmi \u00e9s m\u0171v\u00e9szeti foly\u00f3irat szerkeszt\u0151s\u00e9ge gratul\u00e1l a Kossuth-d\u00edj elnyer\u00e9s\u00e9hez.<\/p>\n\n\n\n<p>Sz\u00e1munkra k\u00fcl\u00f6n b\u00fcszkes\u00e9g, hogy a tan\u00e1csad\u00f3 test\u00fclet\u00fcnk tagjak\u00e9nt is k\u00f6sz\u00f6nthetj\u00fck \u00d6nt. Kiv\u00e9telesen gazdag \u00e9s rendk\u00edv\u00fcli intenzit\u00e1s\u00fa alkot\u00f3i jelenl\u00e9te, valamint k\u00f6z\u00e9leti \u00e9s irodalomszervez\u0151 tev\u00e9kenys\u00e9ge egyar\u00e1nt hozz\u00e1j\u00e1rul ahhoz, hogy az irodalom \u00e9l\u0151, mozg\u00e1sban l\u00e9v\u0151 k\u00f6z\u00f6ss\u00e9gi tapasztalat maradjon. \u00cdr\u00e1sai p\u00e1ratlan soksz\u00edn\u0171s\u00e9g\u00fckkel k\u00e9pesek megsz\u00f3l\u00edtani a sz\u00e9lesebb olvas\u00f3k\u00f6z\u00f6ns\u00e9get, mik\u00f6zben k\u00f6vetkezetesen fenntartj\u00e1k a magas irodalmi ig\u00e9nyess\u00e9get, \u00e9s folyamatosan t\u00e1g\u00edtj\u00e1k a kort\u00e1rs irodalom kifejez\u00e9si lehet\u0151s\u00e9geit.<\/p>\n\n\n\n<p>K\u00edv\u00e1nunk tov\u00e1bbi alkot\u00f3er\u0151t, der\u0171t \u00e9s sok \u00faj m\u0171vet \u2013 b\u00edzva abban, hogy m\u00e9g sok\u00e1ig egy\u00fctt gondolkodhatunk \u00e9s dolgozhatunk k\u00f6z\u00f6s irodalmi \u00fcgyeinken.<\/p>\n\n\n\n<div class=\"wp-block-group is-vertical is-layout-flex wp-container-core-group-is-layout-8cf370e7 wp-block-group-is-layout-flex\">\n<p>Tisztelettel:<br><em>Hodossy Gyula (felel\u0151s kiad\u00f3)<\/em><\/p>\n\n\n\n<p><em>Kov\u00e1cs Bal\u00e1zs (f\u0151szerkeszt\u0151)<\/em><\/p>\n\n\n\n<p><em>Angyal S\u00e1ndor (vezet\u0151 szerkeszt\u0151)<\/em><\/p>\n\n\n\n<p><em>Petrik Vikt\u00f3ria (szerkeszt\u0151, olvas\u00f3szerkeszt\u0151)<\/em><\/p>\n\n\n\n<p><em>Fekete T\u00fcnde (szerkeszt\u0151)\u00a0<\/em><\/p>\n\n\n\n<p><em>Tam\u00e1si Orosz J\u00e1nos (f\u0151munkat\u00e1rs)<\/em><\/p>\n<\/div>\n\n\n\n<p><\/p>\n","protected":false},"excerpt":{"rendered":"<p>Tisztelt Lackfi J\u00e1nos! Az Opus irodalmi \u00e9s m\u0171v\u00e9szeti foly\u00f3irat szerkeszt\u0151s\u00e9ge gratul\u00e1l a Kossuth-d\u00edj elnyer\u00e9s\u00e9hez. Sz\u00e1munkra k\u00fcl\u00f6n b\u00fcszkes\u00e9g, hogy a tan\u00e1csad\u00f3 test\u00fclet\u00fcnk tagjak\u00e9nt is k\u00f6sz\u00f6nthetj\u00fck \u00d6nt. Kiv\u00e9telesen gazdag \u00e9s rendk\u00edv\u00fcli intenzit\u00e1s\u00fa alkot\u00f3i jelenl\u00e9te, valamint k\u00f6z\u00e9leti \u00e9s irodalomszervez\u0151 tev\u00e9kenys\u00e9ge egyar\u00e1nt hozz\u00e1j\u00e1rul ahhoz, &hellip; <a href=\"https:\/\/opus-folyoirat.sk\/?page_id=4943\">Egy kattint\u00e1s ide a folytat\u00e1shoz&#8230;. <span class=\"meta-nav\">&rarr;<\/span><\/a><\/p>\n","protected":false},"author":4,"featured_media":0,"parent":0,"menu_order":0,"comment_status":"closed","ping_status":"closed","template":"","meta":{"footnotes":""},"class_list":["post-4943","page","type-page","status-publish","hentry"],"_links":{"self":[{"href":"https:\/\/opus-folyoirat.sk\/index.php?rest_route=\/wp\/v2\/pages\/4943","targetHints":{"allow":["GET"]}}],"collection":[{"href":"https:\/\/opus-folyoirat.sk\/index.php?rest_route=\/wp\/v2\/pages"}],"about":[{"href":"https:\/\/opus-folyoirat.sk\/index.php?rest_route=\/wp\/v2\/types\/page"}],"author":[{"embeddable":true,"href":"https:\/\/opus-folyoirat.sk\/index.php?rest_route=\/wp\/v2\/users\/4"}],"replies":[{"embeddable":true,"href":"https:\/\/opus-folyoirat.sk\/index.php?rest_route=%2Fwp%2Fv2%2Fcomments&post=4943"}],"version-history":[{"count":1,"href":"https:\/\/opus-folyoirat.sk\/index.php?rest_route=\/wp\/v2\/pages\/4943\/revisions"}],"predecessor-version":[{"id":4945,"href":"https:\/\/opus-folyoirat.sk\/index.php?rest_route=\/wp\/v2\/pages\/4943\/revisions\/4945"}],"wp:attachment":[{"href":"https:\/\/opus-folyoirat.sk\/index.php?rest_route=%2Fwp%2Fv2%2Fmedia&parent=4943"}],"curies":[{"name":"wp","href":"https:\/\/api.w.org\/{rel}","templated":true}]}}