{"id":4991,"date":"2026-04-01T10:43:58","date_gmt":"2026-04-01T08:43:58","guid":{"rendered":"https:\/\/opus-folyoirat.sk\/?page_id=4991"},"modified":"2026-04-01T10:43:58","modified_gmt":"2026-04-01T08:43:58","slug":"irodalom-testkozelbol-komaromban","status":"publish","type":"page","link":"https:\/\/opus-folyoirat.sk\/?page_id=4991","title":{"rendered":"Irodalom testk\u00f6zelb\u0151l Kom\u00e1romban"},"content":{"rendered":"\n<p id=\"block-29495cc9-28cb-40ef-975e-fb3e57d3ac07\">20-03-2026<\/p>\n\n\n\n<p id=\"block-32102419-b2b4-44d8-97dd-318543a73884\">A Szlov\u00e1kiai Magyar \u00cdr\u00f3k T\u00e1rsas\u00e1ga v\u00e1lasztm\u00e1nyi tagja,&nbsp;<strong>Morva M\u00e1ty\u00e1s<\/strong>&nbsp;l\u00e1togatott el a kom\u00e1romi M\u0171szaki Szakk\u00f6z\u00e9piskola di\u00e1kjaihoz, ahol \u00e9ppen az Olvas\u00e1s het\u00e9t tartott\u00e1k.&nbsp;<\/p>\n\n\n\n<p id=\"block-cccbfec5-7deb-41f8-8ad6-1f96925b7fcb\">A fiatal pr\u00f3za\u00edr\u00f3 k\u00e9t el\u0151ad\u00e1s sor\u00e1n h\u00e1rom oszt\u00e1llyal tal\u00e1lkozott. A program egy r\u00f6vid, interakt\u00edv \u201ebemeleg\u00edt\u00e9ssel\u201d indult: a di\u00e1kok okostelefonjaikon v\u00e1laszoltak irodalommal kapcsolatos k\u00e9rd\u00e9sekre.<\/p>\n\n\n\n<p id=\"block-75d64737-a465-4e06-89d2-f7a3009790e2\">\u00c9s hogy mik der\u00fcltek ki? A v\u00e1laszok alapj\u00e1n az \u201eirodalom\u201d sz\u00f3hoz legink\u00e1bb klasszikusaink k\u00f6t\u0151dnek: kiemelked\u0151en gyakran jelent meg Pet\u0151fi S\u00e1ndor, de felt\u0171nt Arany J\u00e1nos \u00e9s Ady Endre neve is \u2013 a di\u00e1kok gondolkod\u00e1s\u00e1ban teh\u00e1t er\u0151sen jelen van a hagyom\u00e1ny. Ugyanakkor az olyan kulcsszavak, mint szerelem, szabads\u00e1g vagy t\u00f6rt\u00e9nelem azt mutatj\u00e1k, hogy az irodalmat \u00e9rzelmi \u00e9s k\u00f6z\u00f6ss\u00e9gi \u00e9lm\u00e9nyk\u00e9nt is \u00e9rtelmezik.<\/p>\n\n\n\n<p id=\"block-3c784646-fb4a-49f2-a93f-959d8d33c205\">A \u201eMi lenne \u00e9leted reg\u00e9ny\u00e9nek c\u00edme?\u201d k\u00e9rd\u00e9sn\u00e9l kreat\u00edv, n\u00e9ha humoros, n\u00e9ha eg\u00e9szen elgondolkodtat\u00f3 v\u00e1laszok sz\u00fclettek \u2013 az \u201eahogy esik, \u00fagy t\u00f6rt\u00e9nik\u201d \u00e9s az \u201eelveszett tehets\u00e9g\u201d mellett a \u201eboldogs\u00e1g\u201d is megjelent, ami sz\u00e9pen mutatja a di\u00e1kok sokf\u00e9le vil\u00e1gl\u00e1t\u00e1s\u00e1t. Az els\u0151k\u00e9nt esz\u00fckbe jut\u00f3 szerz\u0151k k\u00f6z\u00f6tt ism\u00e9t domin\u00e1lt Pet\u0151fi S\u00e1ndor \u00e9s J\u00f3zsef Attila, de J\u00f3kai M\u00f3r neve is gyakran el\u0151ker\u00fclt \u2013 s\u0151t, n\u00e9h\u00e1ny eg\u00e9szen v\u00e1ratlan, popkultur\u00e1lis v\u00e1lasz is sz\u00ednes\u00edtette a k\u00e9pet. Ezt k\u00f6vet\u0151en bemutat\u00e1sra ker\u00fclt a SZM\u00cdT tev\u00e9kenys\u00e9ge, k\u00fcl\u00f6n\u00f6s tekintettel a fiatalokat megsz\u00f3l\u00edt\u00f3 kezdem\u00e9nyez\u00e9sekre:&nbsp;<\/p>\n\n\n\n<p id=\"block-66cd2cf6-15f9-491b-a0a8-ebb1f7763d9d\">\u2013 OPUS foly\u00f3irat&nbsp;<br>\u2013 K\u00fcsz\u00f6b rovat&nbsp;<br>\u2013 Grendel Lajos mentorprogram \u00e9s az ahhoz kapcsol\u00f3d\u00f3 \u00edr\u00f3t\u00e1borok&nbsp;&nbsp;<br>\u2013 Pegazus Alkot\u00f3i p\u00e1ly\u00e1zat<br><br>A di\u00e1kok k\u00e9zbe vehett\u00e9k a szlov\u00e1kiai magyar irodalmat bemutat\u00f3 antol\u00f3gi\u00e1kat, belelapozhattak a 2025-\u00f6s OPUS lapsz\u00e1mokba, v\u00e9g\u00fcl pedig Morva M\u00e1ty\u00e1s egy friss novell\u00e1j\u00e1b\u00f3l is felolvasott.<br><br>Az el\u0151ad\u00e1sok j\u00f3 hangulatban teltek, a di\u00e1kok nyitottan \u00e9s \u00e9rdekl\u0151d\u0151en kapcsol\u00f3dtak be a programba.<br><br>K\u00f6sz\u00f6nj\u00fck a megh\u00edv\u00e1st Kurcz Kristian tan\u00e1r \u00farnak \u00e9s az iskol\u00e1nak!<\/p>\n\n\n\n<p id=\"block-333d1113-d633-4d2b-816e-03dfd4f72738\">SZM\u00cdT<\/p>\n\n\n\n<figure class=\"wp-block-image\" id=\"block-deb3a84c-8bb4-40c2-a8d9-cf955591eac6\"><img decoding=\"async\" src=\"https:\/\/opus-folyoirat.sk\/wp-content\/uploads\/2026\/04\/9DgB4SvU-2048x1153-1-1024x577.jpg\" alt=\"A k\u00e9phez tartoz\u00f3 alt jellemz\u0151 \u00fcres; 9DgB4SvU-2048x1153-1-1024x577.jpg a f\u00e1jln\u00e9v\"\/><\/figure>\n","protected":false},"excerpt":{"rendered":"<p>20-03-2026 A Szlov\u00e1kiai Magyar \u00cdr\u00f3k T\u00e1rsas\u00e1ga v\u00e1lasztm\u00e1nyi tagja,&nbsp;Morva M\u00e1ty\u00e1s&nbsp;l\u00e1togatott el a kom\u00e1romi M\u0171szaki Szakk\u00f6z\u00e9piskola di\u00e1kjaihoz, ahol \u00e9ppen az Olvas\u00e1s het\u00e9t tartott\u00e1k.&nbsp; A fiatal pr\u00f3za\u00edr\u00f3 k\u00e9t el\u0151ad\u00e1s sor\u00e1n h\u00e1rom oszt\u00e1llyal tal\u00e1lkozott. A program egy r\u00f6vid, interakt\u00edv \u201ebemeleg\u00edt\u00e9ssel\u201d indult: a di\u00e1kok okostelefonjaikon &hellip; <a href=\"https:\/\/opus-folyoirat.sk\/?page_id=4991\">Egy kattint\u00e1s ide a folytat\u00e1shoz&#8230;. <span class=\"meta-nav\">&rarr;<\/span><\/a><\/p>\n","protected":false},"author":5,"featured_media":0,"parent":0,"menu_order":0,"comment_status":"closed","ping_status":"closed","template":"","meta":{"footnotes":""},"class_list":["post-4991","page","type-page","status-publish","hentry"],"_links":{"self":[{"href":"https:\/\/opus-folyoirat.sk\/index.php?rest_route=\/wp\/v2\/pages\/4991","targetHints":{"allow":["GET"]}}],"collection":[{"href":"https:\/\/opus-folyoirat.sk\/index.php?rest_route=\/wp\/v2\/pages"}],"about":[{"href":"https:\/\/opus-folyoirat.sk\/index.php?rest_route=\/wp\/v2\/types\/page"}],"author":[{"embeddable":true,"href":"https:\/\/opus-folyoirat.sk\/index.php?rest_route=\/wp\/v2\/users\/5"}],"replies":[{"embeddable":true,"href":"https:\/\/opus-folyoirat.sk\/index.php?rest_route=%2Fwp%2Fv2%2Fcomments&post=4991"}],"version-history":[{"count":1,"href":"https:\/\/opus-folyoirat.sk\/index.php?rest_route=\/wp\/v2\/pages\/4991\/revisions"}],"predecessor-version":[{"id":4992,"href":"https:\/\/opus-folyoirat.sk\/index.php?rest_route=\/wp\/v2\/pages\/4991\/revisions\/4992"}],"wp:attachment":[{"href":"https:\/\/opus-folyoirat.sk\/index.php?rest_route=%2Fwp%2Fv2%2Fmedia&parent=4991"}],"curies":[{"name":"wp","href":"https:\/\/api.w.org\/{rel}","templated":true}]}}