{"id":5012,"date":"2026-04-01T11:44:39","date_gmt":"2026-04-01T09:44:39","guid":{"rendered":"https:\/\/opus-folyoirat.sk\/?page_id=5012"},"modified":"2026-04-01T18:26:58","modified_gmt":"2026-04-01T16:26:58","slug":"szollath-mihaly-3","status":"publish","type":"page","link":"https:\/\/opus-folyoirat.sk\/?page_id=5012","title":{"rendered":"Szoll\u00e1th Mih\u00e1ly"},"content":{"rendered":"<div class=\"has-text-align-right wp-block-post-date\"><time datetime=\"2026-04-01T11:44:39+02:00\">2026-04-01<\/time><\/div>\n\n\n<div class=\"wp-block-group is-vertical is-layout-flex wp-container-core-group-is-layout-8cf370e7 wp-block-group-is-layout-flex\">\n<p><\/p>\n\n\n\n<div class=\"wp-block-group is-vertical is-layout-flex wp-container-core-group-is-layout-8cf370e7 wp-block-group-is-layout-flex\">\n<p><strong>Egyed\u00fcl<\/strong><\/p>\n\n\n\n<p><em>Hommage \u00e0&nbsp;P. A.<\/em><\/p>\n<\/div>\n<\/div>\n\n\n\n<div class=\"wp-block-group is-vertical is-layout-flex wp-container-core-group-is-layout-8cf370e7 wp-block-group-is-layout-flex\">\n<p><\/p>\n\n\n\n<p><br>Mondom, hogy a n\u0151.<\/p>\n\n\n\n<p>Beketrecez, bez\u00e1r, r\u00e1d se nyitja.<\/p>\n\n\n\n<p>N\u00e9zel fel a csillagokra,<\/p>\n\n\n\n<p>s azt hiszed egyed\u00fcl vagy \u2013<\/p>\n\n\n\n<p>pedig val\u00f3ban egyed\u00fcl vagy.<\/p>\n\n\n\n<p>Mondom, hogy a f\u00e9rfi.<\/p>\n\n\n\n<p>Veled fut majd, sz\u00f3l\u00edtott is. De nem.<\/p>\n\n\n\n<p>Most&nbsp;\u00e9pp m\u00e1st, mindig is m\u00e1st.<\/p>\n\n\n\n<p>Azt\u00e1n elmegy, munka van, meghal.<\/p>\n\n\n\n<p>Val\u00f3ban egyed\u00fcl vagy.<\/p>\n\n\n\n<p>Mondom, hogy a rendszer.<\/p>\n\n\n\n<p>No, az azt\u00e1n! Ablakodra vasat vert,<\/p>\n\n\n\n<p>L\u00e9legzeted el\u00e1ll\u00edtotta, minek az.<\/p>\n\n\n\n<p>N\u00e9zel fel a csillagokra vason \u00e1t.<\/p>\n\n\n\n<p>Egyed\u00fcl vagy.<\/p>\n\n\n\n<p>Mondom, hogy az&nbsp;\u00e9g.<\/p>\n\n\n\n<p>N\u00e9zel fel, megint a csillagokra.<\/p>\n\n\n\n<p>Mik\u00e9ntha mosolyogna.<\/p>\n\n\n\n<p>\u00d6r\u00f6k vas\u00e1larca vigyor\u00e1val<\/p>\n\n\n\n<p>vagy egyed\u00fcl.<\/p>\n\n\n\n<p>Mondom, hogy a csillagok.<\/p>\n\n\n\n<p>Milli\u00e1rd f\u00e9ny\u00e9vek, meg&nbsp;\u00e9vek is.<\/p>\n\n\n\n<p>A m\u00falt az ott, nem a jelen.<\/p>\n\n\n\n<p>A m\u00falt mozd\u00edtatlan foglya vagy,<\/p>\n\n\n\n<p>egyed\u00fcl.<\/p>\n\n\n\n<p>Mondom, hogy mi mind.<\/p>\n\n\n\n<p>\u201e<em>Valahonnan sziv\u00e1rog valami s<\/em><em>\u00f6<\/em><em>t<\/em><em>\u00e9<\/em><em>t<\/em>.\u201d<\/p>\n\n\n\n<p>Mondod:&nbsp;\u201e<em>tapogatva j\u00e1rsz,&nbsp;<\/em><em><\/em><\/p>\n\n\n\n<p><em>mintha&nbsp;\u00e9jszaka lenne<\/em>\u201d \u2013 az van,az, egyed\u00fcl.<\/p>\n<\/div>\n","protected":false},"excerpt":{"rendered":"<p>Egyed\u00fcl Hommage \u00e0&nbsp;P. A. Mondom, hogy a n\u0151. Beketrecez, bez\u00e1r, r\u00e1d se nyitja. N\u00e9zel fel a csillagokra, s azt hiszed egyed\u00fcl vagy \u2013 pedig val\u00f3ban egyed\u00fcl vagy. Mondom, hogy a f\u00e9rfi. Veled fut majd, sz\u00f3l\u00edtott is. De nem. Most&nbsp;\u00e9pp m\u00e1st, &hellip; <a href=\"https:\/\/opus-folyoirat.sk\/?page_id=5012\">Egy kattint\u00e1s ide a folytat\u00e1shoz&#8230;. <span class=\"meta-nav\">&rarr;<\/span><\/a><\/p>\n","protected":false},"author":5,"featured_media":0,"parent":0,"menu_order":0,"comment_status":"closed","ping_status":"closed","template":"","meta":{"footnotes":""},"class_list":["post-5012","page","type-page","status-publish","hentry"],"_links":{"self":[{"href":"https:\/\/opus-folyoirat.sk\/index.php?rest_route=\/wp\/v2\/pages\/5012","targetHints":{"allow":["GET"]}}],"collection":[{"href":"https:\/\/opus-folyoirat.sk\/index.php?rest_route=\/wp\/v2\/pages"}],"about":[{"href":"https:\/\/opus-folyoirat.sk\/index.php?rest_route=\/wp\/v2\/types\/page"}],"author":[{"embeddable":true,"href":"https:\/\/opus-folyoirat.sk\/index.php?rest_route=\/wp\/v2\/users\/5"}],"replies":[{"embeddable":true,"href":"https:\/\/opus-folyoirat.sk\/index.php?rest_route=%2Fwp%2Fv2%2Fcomments&post=5012"}],"version-history":[{"count":3,"href":"https:\/\/opus-folyoirat.sk\/index.php?rest_route=\/wp\/v2\/pages\/5012\/revisions"}],"predecessor-version":[{"id":5033,"href":"https:\/\/opus-folyoirat.sk\/index.php?rest_route=\/wp\/v2\/pages\/5012\/revisions\/5033"}],"wp:attachment":[{"href":"https:\/\/opus-folyoirat.sk\/index.php?rest_route=%2Fwp%2Fv2%2Fmedia&parent=5012"}],"curies":[{"name":"wp","href":"https:\/\/api.w.org\/{rel}","templated":true}]}}