{"id":5025,"date":"2026-04-01T12:09:58","date_gmt":"2026-04-01T10:09:58","guid":{"rendered":"https:\/\/opus-folyoirat.sk\/?page_id=5025"},"modified":"2026-04-01T12:09:58","modified_gmt":"2026-04-01T10:09:58","slug":"milyen-precizen-szedi-szet-az-embert-az-ido","status":"publish","type":"page","link":"https:\/\/opus-folyoirat.sk\/?page_id=5025","title":{"rendered":",,Milyen prec\u00edzen szedi sz\u00e9t az embert az id\u0151&#8230;\u201d\u00a0"},"content":{"rendered":"\n<p><strong>Kritika Krusovszky D\u00e9nes&nbsp;<em>Akik m\u00e1r nem lesz\u00fcnk sosem<\/em>&nbsp;c. reg\u00e9ny\u00e9nek sz\u00ednpadi adapt\u00e1ci\u00f3j\u00e1hoz<\/strong><\/p>\n\n\n\n<p class=\"has-text-align-right\">2026-04-01<\/p>\n\n\n\n<p>K\u00f6lt\u0151, kritikus \u00e9s szerkeszt\u0151, t\u00f6bbsz\u00f6r\u00f6s irodalmi d\u00edjas szerz\u0151, aki nemcsak a kort\u00e1rs magyar l\u00edra, de a pr\u00f3za ter\u00fclet\u00e9nek is jelent\u0151s alakja. Eredeti nev\u00e9n B. Kiss D\u00e9nes, aki 2018-ban t\u00f6bb m\u00e1r akkorra h\u00edress\u00e9 v\u00e1lt versesk\u00f6tete megjelen\u00e9se ut\u00e1n publik\u00e1lta \u00e9lete els\u0151 reg\u00e9ny\u00e9t\u00a0<em>Akik m\u00e1r nem lesz\u00fcnk sosem<\/em>\u00a0c\u00edmmel.\u00a0Ez egy t\u00f6bb id\u0151s\u00edkon fut\u00f3 t\u00f6rt\u00e9net, melyben k\u00f6vetve a f\u0151h\u0151s\u00f6k \u00e9let\u00e9nek egy-egy kiragadott peri\u00f3dus\u00e1t bemutatja a m\u00falt \u00e9s a szem\u00e9lyes eml\u00e9kezet hat\u00e1s\u00e1t, annak r\u00e1nk nehezed\u0151 s\u00faly\u00e1val egy\u00fctt. A k\u00f6z\u00e9ppontban Lente B\u00e1lint \u00e1ll, aki feln\u0151ttk\u00e9nt egy r\u00e9gi bar\u00e1t esk\u00fcv\u0151je ok\u00e1n visszat\u00e9r sz\u00fcl\u0151v\u00e1ros\u00e1ba, ahol r\u00e9gi kapcsolatok, elfojtott eml\u00e9kek \u00e9s egy titokzatos magn\u00f3kazetta r\u00e9v\u00e9n szembes\u00fcl saj\u00e1t m\u00faltj\u00e1val. A kazetta egy 1986-os t\u00f6rt\u00e9netet \u0151riz, amely egy vast\u00fcd\u0151h\u00f6z k\u00f6t\u00f6tt beteg visszaeml\u00e9kez\u00e9se az 1956-os esem\u00e9nyekre \u2013 psszt, megs\u00fagom, hogy v\u00e9g\u00fcl az is kider\u00fcl, hogy ezek a m\u00faltbeli t\u00f6rt\u00e9n\u00e9sek szorosan \u00f6sszefon\u00f3dnak B\u00e1lint csal\u00e1dj\u00e1val. A reg\u00e9ny f\u0151 t\u00e9m\u00e1ja r\u00f6viden az, hogy a r\u00e9gm\u00falt feldolgozatlan traum\u00e1i hogyan hatnak mindny\u00e1junk jelen\u00e9re, \u00e9s hogy az ember identit\u00e1s\u00e1t mennyire alak\u00edtj\u00e1k azok a t\u00f6rt\u00e9netek, amelyeket megismer, eltitkol vagy \u00e9ppen elvesz\u00edt.<\/p>\n\n\n\n<figure class=\"wp-block-image size-large\"><img loading=\"lazy\" decoding=\"async\" width=\"1024\" height=\"576\" src=\"http:\/\/opus-folyoirat.sk\/wp-content\/uploads\/2026\/04\/654442975_1571522818307670_6881695023003134916_n-1024x576.jpeg\" alt=\"\" class=\"wp-image-5024\" srcset=\"https:\/\/opus-folyoirat.sk\/wp-content\/uploads\/2026\/04\/654442975_1571522818307670_6881695023003134916_n-1024x576.jpeg 1024w, https:\/\/opus-folyoirat.sk\/wp-content\/uploads\/2026\/04\/654442975_1571522818307670_6881695023003134916_n-300x169.jpeg 300w, https:\/\/opus-folyoirat.sk\/wp-content\/uploads\/2026\/04\/654442975_1571522818307670_6881695023003134916_n-768x432.jpeg 768w, https:\/\/opus-folyoirat.sk\/wp-content\/uploads\/2026\/04\/654442975_1571522818307670_6881695023003134916_n-1536x864.jpeg 1536w, https:\/\/opus-folyoirat.sk\/wp-content\/uploads\/2026\/04\/654442975_1571522818307670_6881695023003134916_n-2048x1152.jpeg 2048w, https:\/\/opus-folyoirat.sk\/wp-content\/uploads\/2026\/04\/654442975_1571522818307670_6881695023003134916_n-500x281.jpeg 500w\" sizes=\"auto, (max-width: 1024px) 100vw, 1024px\" \/><\/figure>\n\n\n\n<p>Az el\u0151ad\u00e1s l\u00e9trej\u00f6tte k\u00e9t ifj\u00fa tit\u00e1n, Barna Zsombor sz\u00edn\u00e9sz \u00e9s b\u00e1bsz\u00edn\u00e9sz (a Budapesti B\u00e1bsz\u00ednh\u00e1z t\u00e1rsulat\u00e1nak tagja), valamint D\u00e9k\u00e1ny Barnab\u00e1s szabad\u00fasz\u00f3 sz\u00edn\u00e9sz \u00e9s rendez\u0151 \u00e9rdeme. K\u00fcl\u00f6n\u00f6s, m\u00e1r-m\u00e1r reg\u00e9nyszer\u0171 le\u00edr\u00e1soss\u00e1ggal bontj\u00e1k ki ezt a vil\u00e1got, ahol igaz\u00e1b\u00f3l a t\u00f6rt\u00e9net nem hagyom\u00e1nyos cselekm\u00e9nyen kereszt\u00fcl, hanem apr\u00f3 r\u00e9szletek, hangulatok \u00e9s eml\u00e9kt\u00f6red\u00e9kek egym\u00e1sra r\u00e9tegz\u0151d\u00e9se ment\u00e9n \u00e1ll \u00f6ssze. A sz\u00ednpadi megold\u00e1sok minimalista eszk\u00f6zt\u00e1rral dolgoznak ugyan, de ezek a legkev\u00e9sb\u00e9 sem gener\u00e1lnak benn\u00fcnk hi\u00e1ny\u00e9rzetet: mind\u00f6ssze egy asztal \u00e9s egy els\u0151seg\u00e9lyl\u00e1da a sz\u00edn\u00e9szi kell\u00e9kek, m\u00e9gis ezekb\u0151l a t\u00e1rgyakb\u00f3l fel\u00e9p\u00fcl egy teljes univerzum.&nbsp;Ez a rendez\u00e9s egyik legeredetibb eleme, hogy az egyes szerepek gesztusokra \u00e9s t\u00e1rgyakra oszlanak fel, esszenci\u00e1lis elemeikre bomlanak. A karakterek nem hagyom\u00e1nyos m\u00f3don, nem h\u00fas-v\u00e9r szerepl\u0151kk\u00e9nt jelennek meg, \u00edgy v\u00e1lhat egy orvosi gumikeszty\u0171b\u00f3l doktorn\u0151, m\u00edg a f\u0151orvost egy fecskend\u0151 jelk\u00e9pezi. Ez a megold\u00e1s tudva azt, hogy Barna Zsombor b\u00e1bsz\u00edn\u00e9sz szakon szerzett diplom\u00e1t nem meglep\u0151 ugyan, m\u00e9gis egyszerre roppant kreat\u00edv \u00e9s intenz\u00edven f\u00f3kuszteremt\u0151, hiszen figyelm\u00fcnk ez\u00e1ltal a mozdulatokra, az apr\u00f3 rezd\u00fcl\u00e9sekre \u00e9s az ezekhez t\u00e1rs\u00edtott jelent\u00e9sekre ir\u00e1nyul. A t\u00e1rgyak \u00edgy val\u00f3ban karakterekk\u00e9 v\u00e1lnak, saj\u00e1t jelenl\u00e9ttel \u00e9s dramaturgiai s\u00fallyal.<\/p>\n\n\n\n<p>T\u00e9m\u00e1j\u00e1b\u00f3l ad\u00f3d\u00f3an a sz\u00f6veg b\u0151velkedik orvosi szakszavakban is, melyek tov\u00e1bb er\u0151s\u00edtik ezt a vil\u00e1got, hideg, t\u00e1rgyilagos r\u00e9teget adva az egy\u00e9bk\u00e9nt m\u00e9lyen szem\u00e9lyes \u00e9s \u00e9rzelmi t\u00f6rt\u00e9nethez. K\u00fcl\u00f6n\u00f6sen er\u0151s szimb\u00f3lum a f\u00e9mdoboz, amely a vast\u00fcd\u0151t imit\u00e1lja. Egyidej\u0171leg konkr\u00e9t \u00e9s metaforikus, bez\u00e1rts\u00e1got, kiszolg\u00e1ltatotts\u00e1got \u00e9s az \u00e9let t\u00f6r\u00e9kenys\u00e9g\u00e9t juttatja esz\u00fcnkbe.<\/p>\n\n\n\n<p>K\u00fcl\u00f6n\u00f6sen er\u0151s k\u00e9pk\u00e9nt hat, hogy a c\u00edm \u00e9s a reg\u00e9nyben szerepl\u0151 \u2013 \u00e9s a sz\u00ednpadon is megjelen\u00edtett \u2013 fali festm\u00e9ny c\u00edme egybecseng. \u00c1m ki kell emeljen azonban, hogy a kivitelezett val\u00f3s\u00e1g sz\u00ednter\u00e9n ez egy t\u00fck\u00f6r, s benne a k\u00f6z\u00f6ns\u00e9g saj\u00e1t mag\u00e1t l\u00e1thatta viszont. Ez a gesztus mintegy bevonja a n\u00e9z\u0151t a t\u00f6rt\u00e9netbe, kit\u00e1g\u00edtja az \u00e9rtelmez\u00e9si tartom\u00e1nyt. Arra k\u00e9sztet, hogy felismerj\u00fck: a sz\u00ednpadon megjelen\u0151 hangulatok \u00e9s \u00e9rzelmek nem csup\u00e1n ennek a specifikus t\u00f6rt\u00e9netnek a r\u00e9szei, hanem mindannyiunk h\u00e9tk\u00f6znapi tapasztalata is, k\u00eds\u00e9rteteink, amik b\u00e1rmely nap b\u00e1rmelyik perc\u00e9ben v\u00e1ratlanul a felsz\u00ednre ker\u00fclhetnek \u00e1t\u00e9rt\u00e9kel\u00e9sre k\u00e9sztetve \u00e9s be\u00e1rny\u00e9kolva minket.<\/p>\n\n\n\n<figure class=\"wp-block-gallery has-nested-images columns-default is-cropped wp-block-gallery-1 is-layout-flex wp-block-gallery-is-layout-flex\">\n<figure class=\"wp-block-image size-large\"><img loading=\"lazy\" decoding=\"async\" width=\"1024\" height=\"682\" data-id=\"5026\" src=\"https:\/\/opus-folyoirat.sk\/wp-content\/uploads\/2026\/04\/c02ec39f-5f79-4fa6-89af-63a5209f3df9-1-1024x682.jpeg\" alt=\"\" class=\"wp-image-5026\" srcset=\"https:\/\/opus-folyoirat.sk\/wp-content\/uploads\/2026\/04\/c02ec39f-5f79-4fa6-89af-63a5209f3df9-1-1024x682.jpeg 1024w, https:\/\/opus-folyoirat.sk\/wp-content\/uploads\/2026\/04\/c02ec39f-5f79-4fa6-89af-63a5209f3df9-1-300x200.jpeg 300w, https:\/\/opus-folyoirat.sk\/wp-content\/uploads\/2026\/04\/c02ec39f-5f79-4fa6-89af-63a5209f3df9-1-768x512.jpeg 768w, https:\/\/opus-folyoirat.sk\/wp-content\/uploads\/2026\/04\/c02ec39f-5f79-4fa6-89af-63a5209f3df9-1-1536x1024.jpeg 1536w, https:\/\/opus-folyoirat.sk\/wp-content\/uploads\/2026\/04\/c02ec39f-5f79-4fa6-89af-63a5209f3df9-1-2048x1365.jpeg 2048w, https:\/\/opus-folyoirat.sk\/wp-content\/uploads\/2026\/04\/c02ec39f-5f79-4fa6-89af-63a5209f3df9-1-450x300.jpeg 450w\" sizes=\"auto, (max-width: 1024px) 100vw, 1024px\" \/><\/figure>\n\n\n\n<figure class=\"wp-block-image size-large\"><img loading=\"lazy\" decoding=\"async\" width=\"1024\" height=\"682\" data-id=\"5028\" src=\"https:\/\/opus-folyoirat.sk\/wp-content\/uploads\/2026\/04\/fcd29827-477b-4f8a-9bee-374206dd0f6b-1-1024x682.jpeg\" alt=\"\" class=\"wp-image-5028\" srcset=\"https:\/\/opus-folyoirat.sk\/wp-content\/uploads\/2026\/04\/fcd29827-477b-4f8a-9bee-374206dd0f6b-1-1024x682.jpeg 1024w, https:\/\/opus-folyoirat.sk\/wp-content\/uploads\/2026\/04\/fcd29827-477b-4f8a-9bee-374206dd0f6b-1-300x200.jpeg 300w, https:\/\/opus-folyoirat.sk\/wp-content\/uploads\/2026\/04\/fcd29827-477b-4f8a-9bee-374206dd0f6b-1-768x512.jpeg 768w, https:\/\/opus-folyoirat.sk\/wp-content\/uploads\/2026\/04\/fcd29827-477b-4f8a-9bee-374206dd0f6b-1-1536x1024.jpeg 1536w, https:\/\/opus-folyoirat.sk\/wp-content\/uploads\/2026\/04\/fcd29827-477b-4f8a-9bee-374206dd0f6b-1-2048x1365.jpeg 2048w, https:\/\/opus-folyoirat.sk\/wp-content\/uploads\/2026\/04\/fcd29827-477b-4f8a-9bee-374206dd0f6b-1-450x300.jpeg 450w\" sizes=\"auto, (max-width: 1024px) 100vw, 1024px\" \/><\/figure>\n<\/figure>\n\n\n\n<p>Az egyszem\u00e9lyes darabban a m\u0171v\u00e9sz a b\u0171ntudat, az elhallgatott titkok \u00e9s a m\u00falt k\u00eds\u00e9rt\u0151 jelenl\u00e9t\u00e9nek k\u00e9rd\u00e9seit j\u00e1rja k\u00f6r\u00fcl. A lez\u00e1ratlan, folyamatosan visszat\u00e9r\u0151, feldolgozatlan tapasztalatokat, amelyek a jelen t\u00f6rt\u00e9n\u00e9seit is k\u00f6zvetett m\u00f3don, akaratunk ellen\u00e9re meghat\u00e1rozz\u00e1k.<\/p>\n\n\n\n<p>V\u00e9gs\u0151 soron az el\u0151ad\u00e1s nem ad feloldoz\u00e1st, nem k\u00edn\u00e1l k\u00f6nny\u0171 v\u00e1laszokat arra, hogyan lehet egy\u00fctt \u00e9lni a m\u00falt s\u00faly\u00e1val, csup\u00e1n finoman \u00e9s \u00e9szrev\u00e9tlen\u00fcl eml\u00e9keztet arra, hogy nincs is menekv\u00e9s el\u0151le. \u00c9ppen ez benne a legigazabb.<\/p>\n\n\n\n<p>Az id\u0151 val\u00f3ban prec\u00edzen szed sz\u00e9t benn\u00fcnket: r\u00e9tegekre, eml\u00e9kekre, kimondott \u00e9s elhallgatott t\u00f6rt\u00e9netekre. De ezekb\u0151l a darabokb\u00f3l \u00e1llunk \u00f6ssze \u00fajra \u00e9s \u00fajra. \u00c9s mik\u00f6zben a sz\u00ednpad els\u00f6t\u00e9t\u00fcl, ott maradunk csendben \u00f6nmagunkkal \u00e9s a felismer\u00e9ssel, hogy amit l\u00e1ttunk, az nem valaki m\u00e1s t\u00f6rt\u00e9nete volt, hanem a saj\u00e1tunk.<\/p>\n\n\n\n<p class=\"has-text-align-right\">Fekete T\u00fcnde<\/p>\n","protected":false},"excerpt":{"rendered":"<p>Kritika Krusovszky D\u00e9nes&nbsp;Akik m\u00e1r nem lesz\u00fcnk sosem&nbsp;c. reg\u00e9ny\u00e9nek sz\u00ednpadi adapt\u00e1ci\u00f3j\u00e1hoz 2026-04-01 K\u00f6lt\u0151, kritikus \u00e9s szerkeszt\u0151, t\u00f6bbsz\u00f6r\u00f6s irodalmi d\u00edjas szerz\u0151, aki nemcsak a kort\u00e1rs magyar l\u00edra, de a pr\u00f3za ter\u00fclet\u00e9nek is jelent\u0151s alakja. Eredeti nev\u00e9n B. Kiss D\u00e9nes, aki 2018-ban t\u00f6bb &hellip; <a href=\"https:\/\/opus-folyoirat.sk\/?page_id=5025\">Egy kattint\u00e1s ide a folytat\u00e1shoz&#8230;. <span class=\"meta-nav\">&rarr;<\/span><\/a><\/p>\n","protected":false},"author":5,"featured_media":0,"parent":0,"menu_order":0,"comment_status":"closed","ping_status":"closed","template":"","meta":{"footnotes":""},"class_list":["post-5025","page","type-page","status-publish","hentry"],"_links":{"self":[{"href":"https:\/\/opus-folyoirat.sk\/index.php?rest_route=\/wp\/v2\/pages\/5025","targetHints":{"allow":["GET"]}}],"collection":[{"href":"https:\/\/opus-folyoirat.sk\/index.php?rest_route=\/wp\/v2\/pages"}],"about":[{"href":"https:\/\/opus-folyoirat.sk\/index.php?rest_route=\/wp\/v2\/types\/page"}],"author":[{"embeddable":true,"href":"https:\/\/opus-folyoirat.sk\/index.php?rest_route=\/wp\/v2\/users\/5"}],"replies":[{"embeddable":true,"href":"https:\/\/opus-folyoirat.sk\/index.php?rest_route=%2Fwp%2Fv2%2Fcomments&post=5025"}],"version-history":[{"count":1,"href":"https:\/\/opus-folyoirat.sk\/index.php?rest_route=\/wp\/v2\/pages\/5025\/revisions"}],"predecessor-version":[{"id":5029,"href":"https:\/\/opus-folyoirat.sk\/index.php?rest_route=\/wp\/v2\/pages\/5025\/revisions\/5029"}],"wp:attachment":[{"href":"https:\/\/opus-folyoirat.sk\/index.php?rest_route=%2Fwp%2Fv2%2Fmedia&parent=5025"}],"curies":[{"name":"wp","href":"https:\/\/api.w.org\/{rel}","templated":true}]}}