{"id":5043,"date":"2026-04-08T08:55:40","date_gmt":"2026-04-08T06:55:40","guid":{"rendered":"https:\/\/opus-folyoirat.sk\/?page_id=5043"},"modified":"2026-04-08T09:15:04","modified_gmt":"2026-04-08T07:15:04","slug":"balint-erika-3","status":"publish","type":"page","link":"https:\/\/opus-folyoirat.sk\/?page_id=5043","title":{"rendered":"B\u00e1lint Erika"},"content":{"rendered":"\n<div class=\"wp-block-group is-vertical is-layout-flex wp-container-core-group-is-layout-8cf370e7 wp-block-group-is-layout-flex\">\n<p class=\"has-text-align-right\">2026-01-05<\/p>\n\n\n\n<p><strong>Tortakr\u00e9m<\/strong><\/p>\n\n\n\n<p><\/p>\n<\/div>\n\n\n\n<p>A h\u0171t\u0151 ajtaj\u00e1n m\u00e1gnes, alatta r\u00e9gi, napt\u00e1rb\u00f3l kit\u00e9pett lapon k\u00e9zzel \u00edrt bejegyz\u00e9s. Egyetlen sz\u00f3:&nbsp;<em>elfogad\u00e1s<\/em>. Ezzel bocs\u00e1totta el az orvos.<\/p>\n\n\n\n<p>Mostanra a filc elmaszatol\u00f3dott, az o bet\u0171, ak\u00e1r egy sz\u00fcrke t\u00f3. De nem az. Csak egy elromlott bet\u0171.<\/p>\n\n\n\n<p>A kredenc pultj\u00e1n ott felejtett tabletta. R\u00f3zsasz\u00edn, apr\u00f3&nbsp;k\u00f6r, mint egy kicsi k\u00f6r\u00f6m. Sz\u00e9p Ir\u00e9n a tenyer\u00e9be s\u00f6pri, a fi\u00f3kba haj\u00edtja.&nbsp;<\/p>\n\n\n\n<p>K\u00e9st vesz el\u0151, f\u00e9lbev\u00e1g egy citromot. Belecs\u00edp az illat \u2013 \u00f6sszer\u00e1ndul. A k\u00e9p nem ijeszt\u0151, csak ott van, mint a f\u00e9ny a mosogat\u00f3&nbsp;sz\u00e9l\u00e9n. A kicsi az asztaln\u00e1l \u00fcl, limon\u00e1d\u00e9t iszik, r\u00e1ncolja a sz\u00e1j\u00e1t.<\/p>\n\n\n\n<p>Megz\u00f6rren a z\u00e1r,&nbsp;\u00e9s m\u00e9g el sem hal a becsuk\u00f3d\u00f3&nbsp;ajt\u00f3&nbsp;hangja, de Viktor m\u00e1r a konyh\u00e1ban \u00e1ll.&nbsp;&nbsp;Kez\u00e9ben rekl\u00e1mszatyor, fekete dzsekij\u00e9n es\u0151bubor\u00e9kok.&nbsp;<\/p>\n\n\n\n<p>\u2212 Szia.<\/p>\n\n\n\n<p>Koppan a sz\u00f3, mint a k\u00e9s, ahogy Ir\u00e9n a konyhaasztalra ejti. Az asztal lapj\u00e1n morzsa, a morzsa alatt m\u00e9ly reped\u00e9s. Mellette \u00fcvegpoh\u00e1rban elnyomott cigaretta.<\/p>\n\n\n\n<p>Vizes foltok maradnak a konyha k\u00f6v\u00e9n, ahogy Viktor az asztalhoz l\u00e9p. Leteszi a szatyrot, de csak \u00e1ll, ujjai a m\u0171anyag f\u00fclet markolj\u00e1k.&nbsp;<\/p>\n\n\n\n<p>V\u00e9g\u00fcl csak kiveszi a dobozt. Egy torta. Az \u00e1tl\u00e1tsz\u00f3&nbsp;tet\u0151 alatt s\u00e1padt kr\u00e9m, rajta porcukorsipk\u00e1s eper.&nbsp;<\/p>\n\n\n\n<p>Ir\u00e9n&nbsp;&nbsp;teste megfesz\u00fcl. A sz\u00fclet\u00e9snapi torta mindig ragacsos. Soha nem tudta \u00fagy felv\u00e1gni, hogy a szelet ne d\u0151lj\u00f6n el, a porcukor meg r\u00e1ken\u0151d\u00f6tt mindenre. A kicsi a sz\u00e1jsz\u00e9l\u00e9r\u0151l nyalta le,&nbsp;\u00e9s nevetett: H\u00f3! Lesz h\u00f3&nbsp;m\u00e1skor is, anyu? Lesz, mondta neki.<\/p>\n\n\n\n<p>Fel\u00e1ll, a h\u0171t\u0151h\u00f6z l\u00e9p. Foganty\u00faja hideg, mint a kilincs a k\u00f3rh\u00e1zban. Ahonnan m\u00e1r csak a csillagmint\u00e1s sapk\u00e1t hozta haza.&nbsp;<\/p>\n\n\n\n<p>Egy s\u00f6rt vesz el\u0151. Viktor tekintete odakap a mozdulatra.<\/p>\n\n\n\n<p>&nbsp;\u2212 Anyu!&nbsp;<\/p>\n\n\n\n<p>Anyu. A sz\u00f3t\u00f3l hideg k\u00faszik a b\u0151re al\u00e1. Megh\u00fazza az \u00fcveget.<\/p>\n\n\n\n<p>\u2212 Tudod, hogy gy\u00f3gyszerre nem szabad, mert el\u0151fordulhat&#8230;<\/p>\n\n\n\n<p>Egy sz\u00f3&nbsp;szalad Sz\u00e9p Ir\u00e9n nyelv\u00e9re. Ha kiszabadulna, meg kellene neveznie valamit, amit nem lehet.&nbsp;&nbsp;Nem szabad. Sajn\u00e1latos baleset, mondta az orvos, ne hib\u00e1ztassa&nbsp;\u00e9rte a nagyobbikat.&nbsp;<\/p>\n\n\n\n<p>Viktor leveszi a tort\u00e1r\u00f3l a m\u0171anyag tet\u0151t.<\/p>\n\n\n\n<p>\u2013 Neked hoztam. Mert ma van&#8230; .\u00e9s&#8230;&nbsp;<\/p>\n\n\n\n<p>Megakad.<\/p>\n\n\n\n<p>\u2013 Sajn\u00e1lom \u2013 hajtja le a fej\u00e9t.<\/p>\n\n\n\n<p>Ezt mondta kisfi\u00fa kor\u00e1ban is: a temet\u00e9s ut\u00e1n, az els\u0151 \u00e9vben, a m\u00e1sodikban. K\u00e9s\u0151bb is kimondta n\u00e9ha, amikor r\u00e9szeg volt,&nbsp;\u00e9s akkor is, amikor j\u00f3zan, amikor hozott vir\u00e1got,&nbsp;\u00e9s amikor egyszer\u0171en csak itt volt. Ir\u00e9n minden egyes alkalommal \u00fagy&nbsp;\u00e9rezte, mintha beny\u00falna a mellkas\u00e1ba,&nbsp;\u00e9s k\u00f6r\u00f6mmel piszk\u00e1ln\u00e1 a beforratlan heget.&nbsp;<\/p>\n\n\n\n<p>Most is, milyen nyugodtan pihen a keze az asztalon, mintha nem is eml\u00e9kezne arra a m\u00e1sik, kicsi k\u00e9zre, amit elengedett. Mert \u00edgy volt, hagyta, hogy elszaladjon, hogy felm\u00e1sszon, hogy leessen.&nbsp;\u00c9s hi\u00e1ba b\u00e1mul r\u00e1, a szem\u00e9t is gy\u0171l\u00f6li. Mert n\u00e9ha barna&nbsp;\u00e9s nedves, mint az \u00e1zott f\u00f6ld. N\u00e9ha meg meleg. Mint a kicsi\u00e9.&nbsp;<\/p>\n\n\n\n<p>\u2212 J\u00f3l vagy? \u2013 k\u00e9rdezi Viktor.&nbsp;<\/p>\n\n\n\n<p>Ir\u00e9n nem v\u00e1laszol. Nem mond el semmit. Sem azt, hogy a rezsi sz\u00e1ml\u00e1n valami t\u00e1mogat\u00e1s megsz\u0171nt, amit \u00fagyis k\u00e9sve int\u00e9zett. Azt sem, hogy a gy\u00f3gyszert nem veszi be minden nap, csak ha&nbsp;\u00e9pp ideges. Nem besz\u00e9l arr\u00f3l se, hogy a szomsz\u00e9dasszony a l\u00e9pcs\u0151h\u00e1zban azt mondta: szerencs\u00e9tlenek az ilyenek. Az ilyenek: akik gyereket sz\u00fclnek, akik meg\u0151sz\u00fclnek, akik nem b\u00edrj\u00e1k.<\/p>\n\n\n\n<p>B\u0151re alatt lassan felmelegszik a gy\u0171l\u00f6let: r\u00e9gi, szil\u00e1rd anyag. Mint a folt, amit soha nem lehet kimosni.&nbsp;<\/p>\n\n\n\n<p>&nbsp;&nbsp;\u2212&nbsp;Menj innen&nbsp;\u2013 mondja.<\/p>\n\n\n\n<p>Viktor fel\u00e1ll, a sz\u00e9k l\u00e1ba v\u00e9gig karistol\u00f3dik a k\u00f6v\u00f6n.&nbsp;\u00c9les hang, ak\u00e1r a ment\u0151\u00e9, ami \u00e1tlyukasztotta azt a reggelt.<\/p>\n\n\n\n<p>A mondat Viktor ut\u00e1n gurul, ki a konyh\u00e1b\u00f3l, v\u00e9gig a folyos\u00f3n. Becsukja el\u0151tte szob\u00e1ja ajtaj\u00e1t.&nbsp;<\/p>\n\n\n\n<p>Ir\u00e9n le\u00fcl az asztalhoz. Egy percig n\u00e9zi a tort\u00e1t, azt\u00e1n belemarkol. Az els\u0151 falat t\u00fal&nbsp;\u00e9des, a harmadik m\u00e1r semmilyen. Belemarni. Lenyelni. Nem h\u00e1nyni vissza.Azt\u00e1n csak \u00fcl. Kez\u00e9n maszatt\u00e1 sz\u00e1rad a tortakr\u00e9m.<\/p>\n","protected":false},"excerpt":{"rendered":"<p>2026-01-05 Tortakr\u00e9m A h\u0171t\u0151 ajtaj\u00e1n m\u00e1gnes, alatta r\u00e9gi, napt\u00e1rb\u00f3l kit\u00e9pett lapon k\u00e9zzel \u00edrt bejegyz\u00e9s. Egyetlen sz\u00f3:&nbsp;elfogad\u00e1s. Ezzel bocs\u00e1totta el az orvos. Mostanra a filc elmaszatol\u00f3dott, az o bet\u0171, ak\u00e1r egy sz\u00fcrke t\u00f3. De nem az. Csak egy elromlott bet\u0171. A &hellip; <a href=\"https:\/\/opus-folyoirat.sk\/?page_id=5043\">Egy kattint\u00e1s ide a folytat\u00e1shoz&#8230;. <span class=\"meta-nav\">&rarr;<\/span><\/a><\/p>\n","protected":false},"author":5,"featured_media":0,"parent":0,"menu_order":0,"comment_status":"closed","ping_status":"closed","template":"","meta":{"footnotes":""},"class_list":["post-5043","page","type-page","status-publish","hentry"],"_links":{"self":[{"href":"https:\/\/opus-folyoirat.sk\/index.php?rest_route=\/wp\/v2\/pages\/5043","targetHints":{"allow":["GET"]}}],"collection":[{"href":"https:\/\/opus-folyoirat.sk\/index.php?rest_route=\/wp\/v2\/pages"}],"about":[{"href":"https:\/\/opus-folyoirat.sk\/index.php?rest_route=\/wp\/v2\/types\/page"}],"author":[{"embeddable":true,"href":"https:\/\/opus-folyoirat.sk\/index.php?rest_route=\/wp\/v2\/users\/5"}],"replies":[{"embeddable":true,"href":"https:\/\/opus-folyoirat.sk\/index.php?rest_route=%2Fwp%2Fv2%2Fcomments&post=5043"}],"version-history":[{"count":2,"href":"https:\/\/opus-folyoirat.sk\/index.php?rest_route=\/wp\/v2\/pages\/5043\/revisions"}],"predecessor-version":[{"id":5064,"href":"https:\/\/opus-folyoirat.sk\/index.php?rest_route=\/wp\/v2\/pages\/5043\/revisions\/5064"}],"wp:attachment":[{"href":"https:\/\/opus-folyoirat.sk\/index.php?rest_route=%2Fwp%2Fv2%2Fmedia&parent=5043"}],"curies":[{"name":"wp","href":"https:\/\/api.w.org\/{rel}","templated":true}]}}