{"id":5071,"date":"2026-04-08T09:31:58","date_gmt":"2026-04-08T07:31:58","guid":{"rendered":"https:\/\/opus-folyoirat.sk\/?page_id=5071"},"modified":"2026-04-08T09:35:53","modified_gmt":"2026-04-08T07:35:53","slug":"saman-kata","status":"publish","type":"page","link":"https:\/\/opus-folyoirat.sk\/?page_id=5071","title":{"rendered":"S\u00e1m\u00e1n Kata"},"content":{"rendered":"\n<div class=\"wp-block-group is-vertical is-layout-flex wp-container-core-group-is-layout-8cf370e7 wp-block-group-is-layout-flex\">\n<p class=\"has-text-align-right\">2026-01-06<\/p>\n\n\n\n<p><strong>Sz\u00e1nt\u00e1s<\/strong><\/p>\n\n\n\n<p><\/p>\n<\/div>\n\n\n\n<p>Lassan lassan pirkadni kezdett. Kinyitottam a szemem&nbsp;\u00e9s az ablakon besz\u0171r\u0151d\u0151 halov\u00e1ny dereng\u00e9sben k\u00f6r\u00fcln\u00e9ztem. Abban a pillanatban megsz\u00f3lalt az els\u0151 kakas, majd a m\u00e1sodik, v\u00e9g\u00fcl sorban sorban egym\u00e1s ut\u00e1n a k\u00f6rny\u00e9k minden kakasa egym\u00e1st t\u00falsz\u00e1rnyalva akarta k\u00f6sz\u00f6nteni a hajnalt. \u00d3vatosan felkeltem, s abban rem\u00e9nykedtem, hogy ma el\u0151bb elk\u00e9sz\u00fcl\u00f6k mint ap\u00e1m. Csendben felvettem v\u00e1szoningemet, derekamra kanyar\u00edtottam a szokny\u00e1t, s l\u00e1bujjhegyen kiosontam&nbsp;&nbsp;a konyh\u00e1ba. Ap\u00e1m akkor l\u00e9pett&nbsp;&nbsp;be az ajt\u00f3n. Rajta nem lehetett t\u00faltenni, ak\u00e1rhogy igyekeztem, mindig megel\u0151z\u00f6tt.<\/p>\n\n\n\n<p>\u2013 \u00c9ppen hozz\u00e1d indultam, hogy fel\u00e9bresszelek \u2013 mondta kedvesen, nem kis b\u00fcszkes\u00e9ggel bajusza alatt, hogy&nbsp;\u00e9breszt\u00e9s n\u00e9lk\u00fcl is mindig talpon vagyok az els\u0151 kakassz\u00f3val.<\/p>\n\n\n\n<p>\u2013 M\u00e1r befogtam a lovakat, any\u00e1d bek\u00e9sz\u00edtette a reggelinket, majd \u00fatk\u00f6zben megessz\u00fck. Ha elk\u00e9sz\u00fclt\u00e9l, indulhatunk is. J\u00f3&nbsp;lenne m\u00e9g ma v\u00e9gezni az Als\u00f3d\u0171l\u0151n a sz\u00e1nt\u00e1ssal.<\/p>\n\n\n\n<p>\u2013&nbsp;Mehet\u00fcnk&nbsp;\u2013 mondtam vid\u00e1man, mert nagyon boldog voltam, hogy ap\u00e1mmal egy\u00fctt dolgozhatok. Eg\u00e9sz h\u00e9ten kij\u00e1rtam vele, tudtam, hogyan kell&nbsp;&nbsp;a lovat befogni, kifogni, a bar\u00e1zd\u00e1ban vezetni, hogyan kell fordulni, az ek\u00e9t be\u00e1ll\u00edtani. Mostm\u00e1r tudtam. De nem volt ez mindig \u00edgy.<\/p>\n\n\n\n<p>*<\/p>\n\n\n\n<p>14-ben, amikor a f\u00e9rfiakat bevitt\u00e9k katon\u00e1nak&nbsp;\u00e9s csak mi maradtunk, any\u00e1m&nbsp;\u00e9s k\u00e9t n\u0151v\u00e9rem, bizony senki nem k\u00e9rdezte, akarunk-e sz\u00e1ntani&nbsp;\u00e9s vetni, vagy sem. Ha enni akartunk, menni kellett, a f\u00f6ldet nem hagyhattuk m\u0171veletlen\u00fcl.<\/p>\n\n\n\n<p>Any\u00e1m rosszall\u00f3an k\u00e9rdezte: \u201cDe ki fogja felsz\u00e1ntani, sose csin\u00e1ltuk, ez f\u00e9rfimunka!\u201d<\/p>\n\n\n\n<p>\u2013 H\u00e1t&nbsp;\u00e9n&nbsp;\u00e9s a nen\u00e1m \u2013 v\u00e1laszoltam magabiztosan, pedig m\u00e9g a 13-at sem t\u00f6lt\u00f6ttem be. \u2013 Ha sose csin\u00e1ltuk, h\u00e1t majd most csin\u00e1ljuk. Musz\u00e1j, k\u00fcl\u00f6nben nem lesz b\u00faza j\u00f6v\u0151re, ha nincs b\u00faza, nincs keny\u00e9r! L\u00e1ttam&nbsp;\u00e9n, ap\u00e1m hogy csin\u00e1lta, csak siker\u00fcl nek\u00fcnk is.&nbsp;<\/p>\n\n\n\n<p>Any\u00e1m l\u00e1tva az elsz\u00e1nts\u00e1gomat, nem ellenkezett tov\u00e1bb,&nbsp;\u00e9telt csomagolt az \u00fatra, s aggodalmas tekintettel n\u00e9zte, hogyan fogom be a lovat&nbsp;\u00e9s vezetj\u00fck ki az udvarb\u00f3l.<\/p>\n\n\n\n<p>Amikorra ki\u00e9rt\u00fcnk a hat\u00e1rba, m\u00e1r magasan \u00e1llt a Nap, s a verejt\u00e9k patakokban csorgott a h\u00e1tunkon, el\u00e1ztatva ing\u00fcnket, s a szokny\u00e1nk derek\u00e1t. N\u0151v\u00e9rem k\u00e9tked\u0151en n\u00e9zte bizonytalan mozdulataimat, amint a lovat az eke el\u00e9&nbsp;k\u00f6t\u00f6ttem. Hat\u00e1rozott l\u00e9ptekkel indultam a sz\u00e1nt\u00f3f\u00f6ld sz\u00e9l\u00e9hez, s a l\u00f3&nbsp;megad\u00f3an k\u00f6vetett, maga ut\u00e1n vonszolva az ek\u00e9t. Be\u00e1ll\u00edtottam a lovat a ter\u00fclet\u00fcnk sz\u00e9l\u00e9hez, majd r\u00e1l\u00e9ptem a keretre, hogy beles\u00fcllyedjen a f\u00f6ldbe.<\/p>\n\n\n\n<p>\u2013 Gyere csak ide, nena, seg\u00edts.&nbsp;\u00c9n ind\u00edtom a lovat, te pr\u00f3b\u00e1lj csak ugr\u00e1lni az ek\u00e9n, hogy beles\u00fcppedjen a f\u00f6ldbe &#8211; mondtam, mire nen\u00e1m sz\u00f3fogad\u00f3an tette, amit k\u00e9rtem. A l\u00f3&nbsp;elindult ut\u00e1nam,&nbsp;\u00e9pp \u00fagy, ahogy illend\u0151&nbsp;volt. Ment\u00fcnk n\u00e9h\u00e1ny m\u00e9tert, de az eke csak nem akart sz\u00e1ntani. Tan\u00e1cstalanul n\u00e9zt\u00fcnk egym\u00e1sra, mostm\u00e1r ketten pr\u00f3b\u00e1ltuk lejjebb d\u00f6ngetni az ek\u00e9t, de hi\u00e1ba ugr\u00e1ltunk, hi\u00e1ba er\u0151ltett\u00fck, az csak nem mozdult. L\u00e1tta ezt egy&nbsp;\u00f6regember, aki a szomsz\u00e9d f\u00f6ld\u00f6n dolgozgatott&nbsp;\u00e9pp.<\/p>\n\n\n\n<p>\u2013 Mit csin\u00e1ltok, l\u00e1nyok? \u2013 k\u00e9rdezte nagy&nbsp;\u00e9rdekl\u0151d\u00e9ssel. Hatalmas bajusza alatt alig tudta visszatartani j\u00f3kedv\u00e9t. Apr\u00f3&nbsp;szemei olyan vid\u00e1man csillogtak, hogy szinte m\u00e1r megb\u00e1nt\u00f3dtam, mi\u00e9rt mulat rajtunk ilyen j\u00f3l.<\/p>\n\n\n\n<p>\u2013 H\u00e1t sz\u00e1ntunk! \u2013 feleltem&nbsp;\u00f6n\u00e9rzetesen.<\/p>\n\n\n\n<p>\u2013 Sz\u00e1ntotok-e? Tal\u00e1n ink\u00e1bb csak sz\u00e1ntan\u00e1tok, nem? \u2013 jav\u00edtott ki m\u00e9g mindig visszafogottan az&nbsp;\u00f6reg.<\/p>\n\n\n\n<p>\u2013 H\u00e1t azt ti nem tudj\u00e1tok, hogy az ek\u00e9t le kell el\u00e9bb ereszteni a f\u00f6ldbe, csak azut\u00e1n lehet vele sz\u00e1ntani?<\/p>\n\n\n\n<p>\u00c9s megmutatta, hogyan is kell ezt csin\u00e1lni.<\/p>\n\n\n\n<p>\u2013 H\u00e1t f\u00e9rfi nincs a h\u00e1zn\u00e1l egy se? \u2013 k\u00e9rdezte m\u00e9g elmen\u0151ben&nbsp;\u2013 hogy az ilyen kicsi l\u00e1nyok fogj\u00e1k meg az eke szarv\u00e1t?<\/p>\n\n\n\n<p>\u2013 Ap\u00e1nkat elvitt\u00e9k katon\u00e1nak, mi meg csak l\u00e1nyok vagyunk a h\u00e1zn\u00e1l. Ha m\u00e1s nincs, elv\u00e9gezz\u00fck mi is, ahogy siker\u00fcl, olyan lesz.<\/p>\n\n\n\n<p>\u2013&nbsp;Der\u00e9k l\u00e1nyok vagytok, b\u00fcszk\u00e9k lehetnek r\u00e1tok a sz\u00fcl\u0151k! \u2013 s azzal visszavonult a saj\u00e1t dolg\u00e1ra.<\/p>\n\n\n\n<p>Sz\u00e1ntottunk&nbsp;\u00e9s vetett\u00fcnk,&nbsp;\u00e9s lett b\u00faza,&nbsp;\u00e9s lett krumpli, mire ap\u00e1m egy&nbsp;\u00e9v m\u00falva hazaj\u00f6tt a h\u00e1bor\u00fab\u00f3l sebes\u00fclten, el\u00e9gedetten n\u00e9zte a term\u00e9st,&nbsp;\u00e9s b\u00e1r nem sz\u00f3lt egy sz\u00f3t sem, a szeme elhom\u00e1lyosult a meghatotts\u00e1gt\u00f3l.&nbsp;<\/p>\n\n\n\n<p>*<\/p>\n\n\n\n<p>Ap\u00e1mnak a h\u00e1bor\u00faban ell\u0151tt\u00e9k a l\u00e1b\u00e1t, t\u00f6bb\u00e9&nbsp;sose gy\u00f3gyult meg teljesen. Nem tudott m\u00e1r sokat gyalogolni, ez\u00e9rt azt\u00e1n k\u00e9s\u0151bb mindig elk\u00eds\u00e9rtem,&nbsp;\u00e9s ahogy tudtam, seg\u00edtettem.<\/p>\n\n\n\n<p>*<\/p>\n\n\n\n<p>11&nbsp;\u00f3ra fel\u00e9&nbsp;lepihent\u00fcnk a hat\u00e1rt jelz\u0151 di\u00f3fa \u00e1rny\u00e9k\u00e1ban, ett\u00fcnk&nbsp;\u00e9s besz\u00e9lgett\u00fcnk egy kicsit. A sz\u00e1nt\u00f3f\u00f6ld alatt nem messze csordog\u00e1lt a patak, odaj\u00e1rtunk ny\u00e1ron f\u00fcrdeni a l\u00e1nyokkal, ha ap\u00e1m elengedett. Most ugyan m\u00e1r \u0151szre j\u00e1rt az id\u0151, de gy\u00f6ny\u00f6r\u0171 meleg naps\u00fct\u00e9ses szombat volt, igazi v\u00e9nasszonyok nyara. Bar\u00e1tn\u0151im akkor&nbsp;\u00e9rkeztek, a patakpartra igyekeztek h\u0171s\u00f6lni egy kicsit. Engem is h\u00edvtak: \u2013 K\u00e1ta, nem j\u00f6ssz? Megmosakszunk egy kicsit, gyere te is. D\u00e9lut\u00e1n meg el\u0151ad\u00e1s lesz a Kult\u00farh\u00e1zban, gyere, biztos nagyon j\u00f3&nbsp;lesz! &#8211; ki\u00e1ltottak fel\u00e9m.<\/p>\n\n\n\n<p>\u2013 Nem mehetek, seg\u00edtek ap\u00e1mnak, egyed\u00fcl nem b\u00edrja! -feleltem b\u00fcszk\u00e9n, m\u00e9gis s\u00f3v\u00e1rogva n\u00e9ztem ut\u00e1nuk.<\/p>\n\n\n\n<p>\u2013 H\u00e1t eredj l\u00e1nyom, am\u00edg te f\u00fcrdesz,&nbsp;\u00e9n alszom egyet itt az \u00e1rny\u00e9kban, hadd pihenjen a l\u00f3&nbsp;is, \u00fagyis el\u00e9g meleg van. \u2013 n\u00f3gatott ap\u00e1m. Nem kellett k\u00e9tszer mondani, boldogan szaladtam bar\u00e1tn\u0151im ut\u00e1n.<\/p>\n\n\n\n<p>Amikor visszat\u00e9rtem, ap\u00e1m, mintha meg\u00e9rezte volna, hogy n\u00e9zem, hirtelen kinyitotta a szem\u00e9t, majd \u00edgy sz\u00f3lt:&nbsp;\u2013 No, akkor folytathatjuk?<\/p>\n\n\n\n<p>Megh\u00fazta a borosflask\u00e1t, visszadugta a dug\u00f3t, majd neh\u00e9zkesen talpra \u00e1llt. Visszavezett\u00fck a lovat a bar\u00e1zd\u00e1ba&nbsp;\u00e9s \u00fajb\u00f3l nekiindultunk.<\/p>\n\n\n\n<p>M\u00e9g most is&nbsp;\u00e9rzem&nbsp;&nbsp;a meztelen talpam alatt a meleg g\u00f6r\u00f6ngy\u00f6ket, ahogy gyalogoltam a l\u00f3&nbsp;el\u0151tt.<\/p>\n\n\n\n<p>Oda-vissza, oda-vissza \u2013 r\u00f3ttuk a sz\u00e1nt\u00f3t k\u00f6rbe-k\u00f6rbe.<\/p>\n\n\n\n<p>Egyszercsak ap\u00e1m feln\u00e9zett az&nbsp;\u00e9gre, a Nap j\u00e1r\u00e1s\u00e1t figyelte, s a sor v\u00e9g\u00e9n \u00e1lljt intett.<\/p>\n\n\n\n<p>\u2013 No, K\u00e1t\u00f3, menj, mosakodj meg&nbsp;\u00e9s szaladj a bar\u00e1tn\u0151idhez, n\u00e9zd meg te is azt az el\u0151ad\u00e1st. M\u00e1ra m\u00e1r dolgozt\u00e1l eleget, a t\u00f6bbivel elboldogulok magam is.<\/p>\n\n\n\n<p>Most is magam el\u0151tt l\u00e1tom apr\u00f3&nbsp;ragyog\u00f3&nbsp;szemeit, melyekb\u0151l csak \u00fagy s\u00fct\u00f6tt v\u00e9gtelen szeretete, s a b\u00fcszkes\u00e9g, amikor r\u00e1m n\u00e9zett.<\/p>\n\n\n\n<p>*<\/p>\n\n\n\n<p>H\u00e1t ilyen volt az&nbsp;\u00e9n ap\u00e1m.<\/p>\n","protected":false},"excerpt":{"rendered":"<p>2026-01-06 Sz\u00e1nt\u00e1s Lassan lassan pirkadni kezdett. Kinyitottam a szemem&nbsp;\u00e9s az ablakon besz\u0171r\u0151d\u0151 halov\u00e1ny dereng\u00e9sben k\u00f6r\u00fcln\u00e9ztem. Abban a pillanatban megsz\u00f3lalt az els\u0151 kakas, majd a m\u00e1sodik, v\u00e9g\u00fcl sorban sorban egym\u00e1s ut\u00e1n a k\u00f6rny\u00e9k minden kakasa egym\u00e1st t\u00falsz\u00e1rnyalva akarta k\u00f6sz\u00f6nteni a hajnalt. &hellip; <a href=\"https:\/\/opus-folyoirat.sk\/?page_id=5071\">Egy kattint\u00e1s ide a folytat\u00e1shoz&#8230;. <span class=\"meta-nav\">&rarr;<\/span><\/a><\/p>\n","protected":false},"author":5,"featured_media":0,"parent":0,"menu_order":0,"comment_status":"closed","ping_status":"closed","template":"","meta":{"footnotes":""},"class_list":["post-5071","page","type-page","status-publish","hentry"],"_links":{"self":[{"href":"https:\/\/opus-folyoirat.sk\/index.php?rest_route=\/wp\/v2\/pages\/5071","targetHints":{"allow":["GET"]}}],"collection":[{"href":"https:\/\/opus-folyoirat.sk\/index.php?rest_route=\/wp\/v2\/pages"}],"about":[{"href":"https:\/\/opus-folyoirat.sk\/index.php?rest_route=\/wp\/v2\/types\/page"}],"author":[{"embeddable":true,"href":"https:\/\/opus-folyoirat.sk\/index.php?rest_route=\/wp\/v2\/users\/5"}],"replies":[{"embeddable":true,"href":"https:\/\/opus-folyoirat.sk\/index.php?rest_route=%2Fwp%2Fv2%2Fcomments&post=5071"}],"version-history":[{"count":3,"href":"https:\/\/opus-folyoirat.sk\/index.php?rest_route=\/wp\/v2\/pages\/5071\/revisions"}],"predecessor-version":[{"id":5075,"href":"https:\/\/opus-folyoirat.sk\/index.php?rest_route=\/wp\/v2\/pages\/5071\/revisions\/5075"}],"wp:attachment":[{"href":"https:\/\/opus-folyoirat.sk\/index.php?rest_route=%2Fwp%2Fv2%2Fmedia&parent=5071"}],"curies":[{"name":"wp","href":"https:\/\/api.w.org\/{rel}","templated":true}]}}